{"id":70,"date":"2019-10-03T19:39:07","date_gmt":"2019-10-03T17:39:07","guid":{"rendered":"https:\/\/tippingpointslife.wordpress.com\/?page_id=70"},"modified":"2025-07-07T17:26:44","modified_gmt":"2025-07-07T15:26:44","slug":"unterstutzen","status":"publish","type":"page","link":"https:\/\/tippingpoints.life\/en\/unterstutzen\/","title":{"rendered":"Support Tipping Points"},"content":{"rendered":"\n<p>Tipping Points ist ein Projekt, dass zum Gro\u00dfteil ehrenamtlich organisiert wird und <strong>auf Unterst\u00fctzung verschiedener Art angewiesen<\/strong> ist. Wenn du es cool findest, \u00fcberlege dir, wie du am einfachsten helfen kannst:<\/p>\n\n\n\n<h3 class=\"wp-block-heading has-neve-link-color-color has-text-color\" id=\"spenden\">Spenden<\/h3>\n\n\n\n<p>Klar: es kostet, auch wenn wir nichts dran verdienen\u2026 Druckkosten, Honorare, Materialien, die IT-Infrastruktur bzw. Lizenzen (f\u00fcr Offline-Versionen: Raummieten, die Verpflegung, Zusch\u00fcsse f\u00fcr Fahrtkosten usw.) verursachen Kosten, die wir nicht alle \u00fcber Einnahmen und Workshop-Spenden abdecken k\u00f6nnen &#8211; manche davon sind auch laufende Kosten, selbst wenn nicht gerade Tipping Points stattfindet. Daher freuen wir uns auch \u00fcber regelm\u00e4\u00dfige Spenden &#8211; wenn du kannst.<\/p>\n\n\n\n<p class=\"has-nv-text-dark-bg-background-color has-background\"><strong>Wenn es dir leisten kannst, unterst\u00fctze bitte Tipping Points jederzeit mit einem Betrag deiner Wahl<\/strong>:<br><br><strong>Kontowortlaut<\/strong>: Humus<br><strong>IBAN<\/strong>: AT47 3412 9000 0891 2495 <br><strong>Verwendungszweck<\/strong>: &#8222;Spende Tipping Points&#8220;<br>Falls du uns einmal pro Monat 5,&#8211; oder 10,&#8211; \u00fcberweisen kannst, ist uns ebenfalls sehr geholfen. Dann kannst du den gleichen Verwendungszweck angeben.<\/p>\n\n\n\n<div class=\"wp-block-columns is-layout-flex wp-container-core-columns-is-layout-9d6595d7 wp-block-columns-is-layout-flex\">\n<div class=\"wp-block-column is-layout-flow wp-block-column-is-layout-flow\">\n<h3 class=\"wp-block-heading has-neve-link-color-color has-text-color\">Lieber anpacken?<\/h3>\n\n\n\n<p>Lieber anpacken? Wir brauchen nat\u00fcrlich auch <strong>helfende H\u00e4nde vor Ort<\/strong>, sei es zum Aufr\u00e4umen, Kochen, Dokumentation, etc. und auch viele Menschen die schon Vorab z.B. Flyer verteilen oder anders <strong>Werbung machen<\/strong>. Wenn du uns auf diese Art(en) unterst\u00fctzen kannst, gib das bitte bei der Anmeldung an oder schick jetzt gleich ein Mail: tipping-points [at] humus.live<\/p>\n<\/div>\n\n\n\n<div class=\"wp-block-column is-layout-flow wp-block-column-is-layout-flow\">\n<h3 class=\"wp-block-heading has-neve-link-color-color has-text-color\">&#8230; oder Erfahrungen teilen und <strong>Wissen weitergeben<\/strong>? <\/h3>\n\n\n\n<p>Im Programm von Tipping Points haben noch ein paar Workshops Platz &#8211; wenn du etwas weitergeben kannst, was politisch Aktive gut brauchen k\u00f6nnen (au\u00dfer Inhalte und B\u00fccherwissen), schreib uns ebenfalls ein Mail!<\/p>\n<\/div>\n<\/div>\n\n\n\n<p class=\"has-nv-text-dark-bg-background-color has-background\">Du willst wissen, was wir dazwischen tun und ob das unterst\u00fctzenswert ist? Check this out:<br><br><a href=\"http:\/\/instagram.com\/humus.fuer.veraenderung\">Humus Insta<\/a> || <a href=\"https:\/\/www.instagram.com\/tipping.points.at\/\">Tipping Points Insta<\/a> || <a href=\"http:\/\/www.moderationspool.at\">Moderationspool<\/a> || <a href=\"https:\/\/impuls-akademie.org\">Impuls Akademie<\/a><br><\/p>\n","protected":false},"excerpt":{"rendered":"<p>Tipping Points ist ein Projekt, dass zum Gro\u00dfteil ehrenamtlich organisiert wird und auf Unterst\u00fctzung verschiedener Art angewiesen ist. Wenn du es cool findest, \u00fcberlege dir, wie du am einfachsten helfen kannst: Spenden Klar: es kostet, auch wenn wir nichts dran verdienen\u2026 Druckkosten, Honorare, Materialien, die IT-Infrastruktur bzw. Lizenzen (f\u00fcr Offline-Versionen: Raummieten, die Verpflegung, Zusch\u00fcsse f\u00fcr&hellip;&nbsp;<a href=\"https:\/\/tippingpoints.life\/en\/unterstutzen\/\" rel=\"bookmark\">Read More &raquo;<span class=\"screen-reader-text\">Support Tipping Points<\/span><\/a><\/p>","protected":false},"author":2,"featured_media":0,"parent":0,"menu_order":0,"comment_status":"closed","ping_status":"closed","template":"","meta":{"neve_meta_sidebar":"","neve_meta_container":"","neve_meta_enable_content_width":"","neve_meta_content_width":0,"neve_meta_title_alignment":"","neve_meta_author_avatar":"","neve_post_elements_order":"","neve_meta_disable_header":"","neve_meta_disable_footer":"","neve_meta_disable_title":"","footnotes":""},"class_list":["post-70","page","type-page","status-publish","hentry"],"_links":{"self":[{"href":"https:\/\/tippingpoints.life\/en\/wp-json\/wp\/v2\/pages\/70","targetHints":{"allow":["GET"]}}],"collection":[{"href":"https:\/\/tippingpoints.life\/en\/wp-json\/wp\/v2\/pages"}],"about":[{"href":"https:\/\/tippingpoints.life\/en\/wp-json\/wp\/v2\/types\/page"}],"author":[{"embeddable":true,"href":"https:\/\/tippingpoints.life\/en\/wp-json\/wp\/v2\/users\/2"}],"replies":[{"embeddable":true,"href":"https:\/\/tippingpoints.life\/en\/wp-json\/wp\/v2\/comments?post=70"}],"version-history":[{"count":8,"href":"https:\/\/tippingpoints.life\/en\/wp-json\/wp\/v2\/pages\/70\/revisions"}],"predecessor-version":[{"id":5533,"href":"https:\/\/tippingpoints.life\/en\/wp-json\/wp\/v2\/pages\/70\/revisions\/5533"}],"wp:attachment":[{"href":"https:\/\/tippingpoints.life\/en\/wp-json\/wp\/v2\/media?parent=70"}],"curies":[{"name":"wp","href":"https:\/\/api.w.org\/{rel}","templated":true}]}}