{"id":5871,"date":"2025-10-26T13:08:00","date_gmt":"2025-10-26T12:08:00","guid":{"rendered":"https:\/\/tippingpoints.life\/?page_id=5871"},"modified":"2025-10-26T17:13:56","modified_gmt":"2025-10-26T16:13:56","slug":"faq","status":"publish","type":"page","link":"https:\/\/tippingpoints.life\/en\/faq\/","title":{"rendered":"Was muss ich wissen?"},"content":{"rendered":"<p><em>Hier kommt ein Info-Pack f\u00fcr alle, die zu Tipping Points #12 kommen. Das allerwichtigste steht ohnehin auch <a href=\"https:\/\/tippingpoints.life\/en\/anmelden\/\" data-type=\"page\" data-id=\"4744\">hier (Anmeldung)<\/a>. Wenn du danach noch immer Fragen hast, findest du hoffentlich hier eine Antwort. <\/em><\/p>\n\n\n\n<h4 class=\"wp-block-heading\"><strong>Wo findet Tipping Points #12 statt?<\/strong><\/h4>\n\n\n\n<p>Unsere Location ist das <a href=\"https:\/\/www.odeion.at\/das-odeion\/odeion\/\" data-type=\"link\" data-id=\"https:\/\/www.odeion.at\/das-odeion\/odeion\/\" target=\"_blank\" rel=\"noreferrer noopener\">Veranstaltungszentrum Ode\u00efon<\/a> mit der Adresse <strong>Waldorfstra\u00dfe 13 in 5023 Salzburg\/Langwied.<\/strong> Sowohl Workshops, als auch Abendprogramm, Essen und \u00dcbernachtungsm\u00f6glichkeiten mit Schlafsack und Iso matte werden im gleichen Haus zu finden sein. <\/p>\n\n\n\n<p>Auch wenn alles am gleichen Ort ist, ist uns wichtig, dass du rechtzeitig (ca. 30 &#8211; 20 Minute) vor deinem ersten Workshop ankommst, damit du dich orientieren kannst und wir dir alle Infos f\u00fcr eine gute Teilnahme geben k\u00f6nnen. Der <strong>Check In Tisch<\/strong> wird sich gleich beim Haupteingang befinden.<\/p>\n\n\n\n<p>Im Haus wollen wir uns ohne Stra\u00dfenschuhe bewegen, bringe darum bitte <strong>Hausschuhe<\/strong> oder dicke Socken mit. <\/p>\n\n\n\n<h4 class=\"wp-block-heading\">Muss ich mich anmelden?<\/h4>\n\n\n\n<p><strong>Ja. Im Idealfall bis Montag, 27. 10. <\/strong><br>Tipping Points ist so organisiert, dass die Workshops, die Gr\u00f6\u00dfe der R\u00e4ume, die Anzahl der gekochten Portionen, die \u00dcbersetzung bei Bedarf, die Helping Hands und Awareness-Teams und die Kommunikation \u00fcber \u00c4nderungen, Absagen und Verschiebungen auf diejenigen abgestimmt ist, die kommen (wollen). <a href=\"https:\/\/form.typeform.com\/to\/B4dsEWlY\">Bitte melde dich rechtzeitig f\u00fcr die einzelnen Workshops an, damit wir planen k\u00f6nnen. <\/a>Wenn du Probleme mit der Online-Anmeldung hast, schick uns bitte stattdessen ein Mail an tipping-points@humus.life.<\/p>\n\n\n\n<p>Alle Anmeldungen nach Montag sind zwar noch m\u00f6glich, aber wir k\u00f6nnen dann besondere W\u00fcnsche oder Allergien etc. nicht mehr sicher bearbeiten.<\/p>\n\n\n\n<h4 class=\"wp-block-heading\">Aber was ist, wenn ich dann doch nicht kommen kann\/will?<\/h4>\n\n\n\n<p><strong>Kein Problem &#8211; schreib uns einfach ein Mail. <\/strong>Je fr\u00fcher ums so besser. Es gibt keine Stornogeb\u00fchren oder sowas. <\/p>\n\n\n\n<p>Leider m\u00fcssen wir inzwischen <strong>alle<\/strong> (egal ob du kommst oder nicht \/ angemeldet bist oder nicht \/ absagst oder nicht) fragen, ob sie uns <strong>mit Spenden unterst\u00fctzen k\u00f6nnen.<\/strong> Das liegt erstens daran, dass wir trotz intensiver Bem\u00fchungen nicht ausreichend F\u00f6rderungen aufstellen konnten, dass alle Ausgaben gedeckt sind und zweitens daran, dass wir Tipping Points immer kostenfrei halten wollen, f\u00fcr alle, die das brauchen. Es soll nie am Geld scheitern. <\/p>\n\n\n\n<p>Wer nichts zahlen kann, zahlt nichts, wer nur wenig geben kann, gibt weniger. Das hei\u00dft aber gleichzeitig, dass <strong>jene die k\u00f6nnen, mehr spenden m\u00fcssen, damit die Rechnung aufgeht. <\/strong><\/p>\n\n\n\n<p>\u00dcberlege im Zweifelsfall, was du wo anders f\u00fcr einen coolen Workshop zahlen w\u00fcrdest. So wirken z.B. 200,&#8211; oder 250,&#8211; oder 300,&#8211; vielleicht viel, aber dir andere Workshops auch mal 50,&#8211; wert sind, sollte Tipping Points nicht schlechter aussteigen, nur weil du bei uns 3 oder 4 Workshops besuchen kannst. <a href=\"https:\/\/tippingpoints.life\/en\/unterstutzen\/\">Details dazu findest du hier.<\/a><\/p>\n\n\n\n<h4 class=\"wp-block-heading\">Essen ist dann inkludiert?<\/h4>\n\n\n\n<p>Jein. Tipping Points ist insgesamt spendenbasiert. Bitte spende sowohl f\u00fcr das Programm als auch f\u00fcr Essen je nach deinen M\u00f6glichkeiten. Es gibt f\u00fcr alle Anwesenden Abendessen (Freitag, Samstag), Fr\u00fchst\u00fcck (Samstag), Mittagessen (Samstag). Spenden daf\u00fcr landen im gleichen Topf wie Beitr\u00e4ge f\u00fcr die Workshops.<\/p>\n\n\n\n<p>Am Sonntag gibt es einen Soli-Brunch f\u00fcr Repressionsbetroffene. Die Spenden die daf\u00fcr gesammelt werden gehen nicht an Tipping Points und wir freuen uns, wenn da nochmal eine sch\u00f6ne Summe zusammenkommt. Denn: Getroffen hat es Einige, gemeint sind wir alle. Stehen wir zusammen gegen staatliche Einsch\u00fcchterungsversuche. Mehr Details dazu gibt es direkt vor Ort.<\/p>\n\n\n\n<p>Speisen sind immer vegan oder vegan m\u00f6glich. Unverst\u00e4ndlichkeiten gib bitte bei deiner Anmeldung bekannt.<\/p>\n\n\n\n<h4 class=\"wp-block-heading\">Gibt es auch Schlafpl\u00e4tze?<\/h4>\n\n\n\n<p>Am einfachsten und unsere Empfehlung ist, in der Location zu \u00fcbernachten. Daf\u00fcr bring bitte eine Isomatte, einen Schlafsack und alles was du noch brauchst selber mit. Alle, die andere Bed\u00fcrfnisse oder Einschr\u00e4nkungen haben, bitten wir, dies im Anmeldeformular einzutragen (und oder ein e-Mail zu schicken um Bed\u00fcrfnisse und M\u00f6glichkeiten abzukl\u00e4ren). <\/p>\n\n\n\n<h4 class=\"wp-block-heading\">Was sollte ich mitbringen?<\/h4>\n\n\n\n<p>Prinzipiell \u00fcberlassen wir das dir und wollen hier keine definitive Packliste anbieten. M\u00f6gliche Anregungen sind:<\/p>\n\n\n\n<ul class=\"wp-block-list\">\n<li>Hausschuhe (keine Stra\u00dfenschuhe in der Location)<\/li>\n\n\n\n<li>alles was du zur \u00dcbernachtung brauchst (in der Location zumindest Schlafsack und Isomatte)<\/li>\n\n\n\n<li>Schreibzeug<\/li>\n\n\n\n<li>Lieblings-Protestsongs f\u00fcr Workshop und Abendprogramm (du musst sie nicht selbst singen)<\/li>\n\n\n\n<li>Buch- und Veranstaltungstipps, Sticker zum Tauschen<\/li>\n\n\n\n<li>&#8230; <\/li>\n<\/ul>\n\n\n\n<h4 class=\"wp-block-heading\">Gibt es Kinderbetreuung bei Tipping Points?<\/h4>\n\n\n\n<p>Ja, am Samstag. Bitte gib einen Bedarf daf\u00fcr bei der Online-Anmeldung bekannt. <\/p>\n\n\n\n<h4 class=\"wp-block-heading\">Wie erfahre ich von Programm\u00e4nderungen, wenn ich z.B. erst am Samstag fr\u00fch komme und Sorge habe, dass genau mein Workshop abgesagt wurde?<\/h4>\n\n\n\n<p>\u00c4nderungen, Verschiebungen und Absagen erf\u00e4hrst du (a) beim Infopunkt beim Check In-Tisch (gleich beim Eingang) und (b) je nach Relevant \u00fcber Instagram. Bitte komm in jedem Fall immer mindestens 10 Minuten vor Workshop-Start zur Location, denn es kann auch immer last minute \u00c4nderungen geben und die R\u00e4ume k\u00f6nnten sich \u00e4ndern.<\/p>\n\n\n\n<h4 class=\"wp-block-heading\">Muss ich mich f\u00fcr das Rahmenprogramm auch anmelden?<\/h4>\n\n\n\n<p>Ja, wir freuen uns \u00fcber alle Anmeldungen! Wenn du dich aber schon f\u00fcr Workshops angemeldet hast und dann einfach l\u00e4nger bleiben magst, ist das kein Problem. <\/p>\n\n\n\n<h4 class=\"wp-block-heading\">Gibt es eine Dokumentation? Ich will am liebsten \u00fcber alle  Workshopsthemen etwas lernen!<\/h4>\n\n\n\n<p>Wir ver\u00f6ffentlichen ca. 10 Tage nach Tipping Points <a href=\"https:\/\/tippingpoints.life\/en\/ressourcen\/\">alle Materialien, die uns Referent:innen zur Verf\u00fcgung stellen hier<\/a>. Manche m\u00f6chten ihre Unterlagen nicht \u00f6ffentlich teilen, dann schicken sie diese nur an die Anwesenden. <\/p>\n\n\n\n<h4 class=\"wp-block-heading\">Wie geht ihr mit Infektionspr\u00e4vention um?<\/h4>\n\n\n\n<p>Wir m\u00f6chten umsichtig mit Ansteckungsgefahr und speziellen Gesundheitsbed\u00fcrfnissen umgehen. Gegebenenfalls werden wir vor Ort noch zus\u00e4tzliche Regeln einf\u00fchren. Aktuell gilt: <\/p>\n\n\n\n<ul class=\"wp-block-list\">\n<li>Falls du in den Tagen vor Tipping Points Erk\u00e4ltungssymtome hast, teste dich bitte vor der Anfahrt auf Covid. <br>Wenn du krank bist, bitten wir dich, lieber zu Hause zu bleiben.<\/li>\n\n\n\n<li>We will have some <strong>Covid Schnelltests vor Ort haben<\/strong>which we will provide at a cost price of \u20ac1.<\/li>\n\n\n\n<li>We will also have <strong>Masken gratis zur Verf\u00fcgung <\/strong>at site.<\/li>\n\n\n\n<li>If you personally feel unsafe, <strong>feel free to wear a mask.<\/strong>, um dich zu sch\u00fctzen. <\/li>\n\n\n\n<li>We ask all those whose safety needs and medical situations are different to <strong>treat each other espectfully and communicate carefully.<\/strong><\/li>\n<\/ul>","protected":false},"excerpt":{"rendered":"<p>Hier kommt ein Info-Pack f\u00fcr alle, die zu Tipping Points #12 kommen. Das allerwichtigste steht ohnehin auch hier (Anmeldung). Wenn du danach noch immer Fragen hast, findest du hoffentlich hier eine Antwort. Wo findet Tipping Points #12 statt? Unsere Location ist das Veranstaltungszentrum Ode\u00efon mit der Adresse Waldorfstra\u00dfe 13 in 5023 Salzburg\/Langwied. Sowohl Workshops, als&hellip;&nbsp;<a href=\"https:\/\/tippingpoints.life\/en\/faq\/\" rel=\"bookmark\">Read More &raquo;<span class=\"screen-reader-text\">Was muss ich wissen?<\/span><\/a><\/p>","protected":false},"author":2,"featured_media":0,"parent":0,"menu_order":0,"comment_status":"closed","ping_status":"closed","template":"","meta":{"neve_meta_sidebar":"","neve_meta_container":"","neve_meta_enable_content_width":"","neve_meta_content_width":0,"neve_meta_title_alignment":"","neve_meta_author_avatar":"","neve_post_elements_order":"","neve_meta_disable_header":"","neve_meta_disable_footer":"","neve_meta_disable_title":"","footnotes":""},"class_list":["post-5871","page","type-page","status-publish","hentry"],"_links":{"self":[{"href":"https:\/\/tippingpoints.life\/en\/wp-json\/wp\/v2\/pages\/5871","targetHints":{"allow":["GET"]}}],"collection":[{"href":"https:\/\/tippingpoints.life\/en\/wp-json\/wp\/v2\/pages"}],"about":[{"href":"https:\/\/tippingpoints.life\/en\/wp-json\/wp\/v2\/types\/page"}],"author":[{"embeddable":true,"href":"https:\/\/tippingpoints.life\/en\/wp-json\/wp\/v2\/users\/2"}],"replies":[{"embeddable":true,"href":"https:\/\/tippingpoints.life\/en\/wp-json\/wp\/v2\/comments?post=5871"}],"version-history":[{"count":5,"href":"https:\/\/tippingpoints.life\/en\/wp-json\/wp\/v2\/pages\/5871\/revisions"}],"predecessor-version":[{"id":5893,"href":"https:\/\/tippingpoints.life\/en\/wp-json\/wp\/v2\/pages\/5871\/revisions\/5893"}],"wp:attachment":[{"href":"https:\/\/tippingpoints.life\/en\/wp-json\/wp\/v2\/media?parent=5871"}],"curies":[{"name":"wp","href":"https:\/\/api.w.org\/{rel}","templated":true}]}}