{"id":5422,"date":"2024-11-19T22:56:48","date_gmt":"2024-11-19T21:56:48","guid":{"rendered":"https:\/\/tippingpoints.life\/?page_id=5422"},"modified":"2025-08-12T17:47:11","modified_gmt":"2025-08-12T15:47:11","slug":"impuls-akademie","status":"publish","type":"page","link":"https:\/\/tippingpoints.life\/en\/impuls-akademie\/","title":{"rendered":"Impuls Akademie"},"content":{"rendered":"<p class=\"translation-block\">The Impuls Academy is an in-depth training format that has been offered by the <a href=\"http:\/\/www.humus.live\" target=\"_self\">Humus Association<\/a> together with <a href=\"http:\/\/www.radius.co.at\" target=\"_blank\" rel=\"noreferrer noopener\">Radius Office<\/a> since 2024. A lot of our experience with Tipping Points and similar formats flows into it. We believe that the Impuls Academy is a great opportunity for anyone who has had a taste of a skill\/technique at Tipping Points and now wants to learn more about it.<\/p>\n\n\n\n<p class=\"translation-block\">The Impuls Academy usually lasts about a week and takes place in spring. Applications for the current courses can be made a few months in advance. More details about the courses and registration procedures can be found at <a href=\"http:\/\/www.impuls-akademie.org\" target=\"_self\">www.impuls-akademie.org.<\/a><\/p>\n\n\n\n<p><\/p>\n\n\n\n<div class=\"wp-block-buttons is-content-justification-left is-layout-flex wp-container-core-buttons-is-layout-fdcfc74e wp-block-buttons-is-layout-flex\">\n<div class=\"wp-block-button has-custom-width wp-block-button__width-50\"><a class=\"wp-block-button__link has-text-align-left wp-element-button\">Impuls-Akademie Infomail abonnieren<\/a><\/div>\n<\/div>","protected":false},"excerpt":{"rendered":"<p>Die Impuls Akademie ist ein tiefergehendes Fortbildungsformat, das vom Verein Humus gemeinsam mit B\u00fcro Radius seit 2024 angeboten wird. Dabei flie\u00dft ganz viel unserer Erfahrungen mit Tipping Points und \u00e4hnlichen Formaten ein. Wir glauben, die Impuls Akademie ist auch f\u00fcr alle, die bei Tipping Points in ein Thema reingeschnuppert haben und nun mehr dazu lernen&hellip;&nbsp;<a href=\"https:\/\/tippingpoints.life\/en\/impuls-akademie\/\" rel=\"bookmark\">Read More &raquo;<span class=\"screen-reader-text\">Impuls Akademie<\/span><\/a><\/p>","protected":false},"author":2,"featured_media":0,"parent":0,"menu_order":0,"comment_status":"closed","ping_status":"closed","template":"","meta":{"neve_meta_sidebar":"","neve_meta_container":"","neve_meta_enable_content_width":"","neve_meta_content_width":0,"neve_meta_title_alignment":"","neve_meta_author_avatar":"","neve_post_elements_order":"","neve_meta_disable_header":"","neve_meta_disable_footer":"","neve_meta_disable_title":"","footnotes":""},"class_list":["post-5422","page","type-page","status-publish","hentry"],"_links":{"self":[{"href":"https:\/\/tippingpoints.life\/en\/wp-json\/wp\/v2\/pages\/5422","targetHints":{"allow":["GET"]}}],"collection":[{"href":"https:\/\/tippingpoints.life\/en\/wp-json\/wp\/v2\/pages"}],"about":[{"href":"https:\/\/tippingpoints.life\/en\/wp-json\/wp\/v2\/types\/page"}],"author":[{"embeddable":true,"href":"https:\/\/tippingpoints.life\/en\/wp-json\/wp\/v2\/users\/2"}],"replies":[{"embeddable":true,"href":"https:\/\/tippingpoints.life\/en\/wp-json\/wp\/v2\/comments?post=5422"}],"version-history":[{"count":4,"href":"https:\/\/tippingpoints.life\/en\/wp-json\/wp\/v2\/pages\/5422\/revisions"}],"predecessor-version":[{"id":5611,"href":"https:\/\/tippingpoints.life\/en\/wp-json\/wp\/v2\/pages\/5422\/revisions\/5611"}],"wp:attachment":[{"href":"https:\/\/tippingpoints.life\/en\/wp-json\/wp\/v2\/media?parent=5422"}],"curies":[{"name":"wp","href":"https:\/\/api.w.org\/{rel}","templated":true}]}}