{"id":526,"date":"2020-04-07T02:12:50","date_gmt":"2020-04-07T00:12:50","guid":{"rendered":"https:\/\/tippingpointslife.wordpress.com\/?page_id=526"},"modified":"2024-03-06T12:44:06","modified_gmt":"2024-03-06T11:44:06","slug":"tp2","status":"publish","type":"page","link":"https:\/\/tippingpoints.life\/en\/tp2\/","title":{"rendered":"TP2 &#8211; 03\/2020"},"content":{"rendered":"<p class=\"has-background-dark-background-color has-background\">Tipping Points #2 h\u00e4tte eigentlich zwischen 20. und 22. M\u00e4rz in Salzburg stattgefunden, musste jedoch leider wegen der Corona- Krise abgesagt werden (mehr zur Absage: <a href=\"https:\/\/tippingpointslife.wordpress.com\/2020\/03\/14\/sad-news-tipping-points-2-wird-doch-abgesagt\/\">HIER<\/a>). Kurzfristig wurde jedoch ein Alternativprogramm geschaffen und in einer abspeckten Variante \u00fcber das Videokonferenz- Tool \u201eZoom\u201c angeboten.<\/p>\n\n\n\n<p>Neben der Podiumsdiskussion am Freitagabend (Titel: Systemwandel- Was ist das eigentlich?) und einem Film-Screening am Samstagabend, wurden vier Workshops als Webinare angeboten. Au\u00dferdem wurde ein virtueller Raum zur Vernetzung und zum Austausch geschaffen, in dem unter anderem auch die aktuelle Thematik zum solidarischen Umgang mit Corona diskutiert wurde.<\/p>\n\n\n\n<figure class=\"wp-block-image size-large\"><img loading=\"lazy\" decoding=\"async\" width=\"1024\" height=\"525\" src=\"https:\/\/tippingpoints.convivial.garden\/wp-content\/uploads\/2020\/04\/timetable.jpg?w=1024\" alt=\"\" class=\"wp-image-575\" srcset=\"https:\/\/tippingpoints.life\/wp-content\/uploads\/2020\/04\/timetable.jpg 1024w, https:\/\/tippingpoints.life\/wp-content\/uploads\/2020\/04\/timetable-300x154.jpg 300w, https:\/\/tippingpoints.life\/wp-content\/uploads\/2020\/04\/timetable-768x394.jpg 768w, https:\/\/tippingpoints.life\/wp-content\/uploads\/2020\/04\/timetable-816x418.jpg 816w\" sizes=\"auto, (max-width: 1024px) 100vw, 1024px\" \/><\/figure>\n\n\n\n<p>Alle Veranstaltungen von Tipping Points #2 finden aufgrund der Corona-Ma\u00dfnahmen online statt. Wir m\u00f6chten wichtige politische Arbeit nicht einschlafen lassen und mit Online-Formaten experimentieren, mussten aber in kurzer Zeit einiges umstellen, daher ist das Workshopprogramm abgespeckt. Wir lernen auch erst, mit der Situation umzugehen. <\/p>\n\n\n\n<p>Wenn ihr Feedback habt oder aktiv werden wollt, schreibt uns gerne ein Mail an <a href=\"mailto:tipping-points@riseup.net\">tipping-points@riseup.net<\/a>.<\/p>\n\n\n\n<p class=\"has-text-align-center has-background\" style=\"background-color:#4cb2de\"><strong>FREITAG, 20. M\u00e4rz 2020<\/strong><\/p>\n\n\n\n<p class=\"has-text-align-center has-background\" style=\"background-color:#8bcce9\"><strong>19:00 &#8211; 21:00<\/strong><\/p>\n\n\n\n<p class=\"has-black-color has-text-color has-background\" style=\"background-color:#ffe6fa\"><strong>Podiumsdiskussion: Systemwandel &#8211; Was ist das eigentlich?<\/strong><br><strong>Zugang: <a href=\"https:\/\/zoom.us\/j\/837982556\">https:\/\/zoom.us\/j\/837982556<\/a><\/strong><br><br>Was bedeutet Systemwandel f\u00fcr dich? (Welche Probleme willst du l\u00f6sen, welche Systeme sind hier problematisch, welche Strategien sind notwendig\/hilfreich und was ist das Ziel\/die Utopie?)<br>Welche Probleme k\u00f6nnen durch diesen Wandel auftreten?<br>Wie ver\u00e4ndert Corona die Situation? (Sowohl die Ausgangslage als auch unsere Wege, f\u00fcr unsere Ziele zu k\u00e4mpfen,&#8230;?)<br>Was zeigt uns Corona \u00fcber unser&nbsp;System?<br><br><strong>G\u00e4ste<\/strong><br><strong>\u2022 Sina Reisch: <\/strong>Aktivistin bei Ende Gel\u00e4nde. Sina macht vor allem Presse- und \u00d6ffentlichkeitsarbeit, besch\u00e4ftigt sich also viel mit Fragen der Vermittlung politischer Inhalte und der Politisierung der Gesellschaft.<strong><br>\u2022 Christian Zeller: <\/strong>Universtit\u00e4tsprofessor f\u00fcr Wirtschaftsgeografie in Salzburg, engagiert unter Anderem bei Aufbruch Salzburg, Christian hat gerade einen sehr interessanten Artikel \u00fcber die Auswirkung von Corona auf Umweltaktivismus herausgebracht<strong><br>\u2022 Hans-Georg Eberl: <\/strong>Aktivist, Gelegenheitsautor, Deutschlehrer in der Erwachsenenbildung und Filmemacher. Er ist zuvor in Bayern, aktuell in Wien als Unterst\u00fctzer selbstorganisierter Refugee-Proteste und in K\u00e4mpfen gegen Abschiebung aktiv. Im Rahmen des transnationalen Netzwerks \u201eAfrique Europe Interact\u201c pflegt er seit langem enge Kontakte zu Basisinitiativen in Mali und Togo.<strong><br>\u2022 Sophie Frey: <\/strong>K\u00e4ser*in auf einem Biobauernhof, aktiv unter anderem bei Via Campensina (\u00d6sterreichische Berg- und Kleinb\u00e4uerInnenvereinigung)<strong><br>\u2022 Coview Cat: <\/strong>Aktivist*in von Coview 19, eine Initiative um auf die politischen und gesellschaftlichen Auswirkungen von COVID-19 und die begleitenden Ma\u00dfnahmen zu reagieren \u2013 digital und vor Ort.<\/p>\n\n\n\n<p class=\"has-text-align-center has-background\" style=\"background-color:#e46d6d\"><strong>SAMSTAG, 21. M\u00e4rz 2020<\/strong><\/p>\n\n\n\n<p class=\"has-text-align-center has-background\" style=\"background-color:#cf8181\"><strong>12:00 &#8211; 13:30<\/strong><\/p>\n\n\n\n<p class=\"has-text-align-left has-black-color has-text-color has-background\" style=\"background-color:#ffe6fa\"><strong>Aktivistisches Theater f\u00fcr Klimagerechtigkeit<\/strong><br><strong>From:<\/strong> Theater der Unterdr\u00fcckten Wien \/ Resilient Revolt<br>Was uns in der Klimakrise betroffen macht und wie Klimagerechtigkeit in unserem Alltag eine Rolle spielt, verarbeiten wir in diesem Workshop szenisch und machen uns Gedanken, wie wir solche \u00e4sthetischen Mittel in gr\u00f6\u00dferen und f\u00fcr eigene Aktionen verwenden k\u00f6nnen. Bitte Spielfreude und Lebenslust mitbringen, theatrale Vorerfahrung nicht n\u00f6tig!<br><strong>Rojava Raum: <a href=\"https:\/\/zoom.us\/j\/420890725\">https:\/\/zoom.us\/j\/420890725<\/a><\/strong><\/p>\n\n\n\n<p class=\"has-text-align-left has-black-color has-text-color has-background\" style=\"background-color:#ffe6fa\"><strong>Finanzen h\u00e4? Finanzen w\u00e4h? Finanzen yeah!<\/strong><br><strong>From: <\/strong>System Change, not Climate Change<br>(Kein?) Geld, Kapitalismus, Pr\u00e4kariat. Umgang mit Geld in sozialen Bewegungen und Projekte. Nach einer kurzen philisophischen Auseinandersetzung mit dem schwierigen Thema Geld, wenden wir uns der Gesaltung von Geld f\u00fcr usnere Zwecke zu. Finanzantr\u00e4ge schreiben, Projekte abrechnen, Berichte schreiben &#8230; alles unbeliebte aber wichtige Aufgaben, die das Bestehen unserer Bewegung sichern.<br><strong>Black Lives Matter Raum: <\/strong><a href=\"https:\/\/zoom.us\/j\/907203523\">https:\/\/zoom.us\/j\/907203523<\/a> <\/p>\n\n\n\n<p class=\"has-text-align-center has-background\" style=\"background-color:#cf8181\"><strong>14:00 &#8211; 15:00<\/strong><\/p>\n\n\n\n<p class=\"has-black-color has-text-color has-background\" style=\"background-color:#ffe6fa\">Online-Demo<br><strong>Asyl ist Menschenrecht! #WirHabenPlatz<\/strong><br>Die Situation in den griechischen Fl\u00fcchtlingslagern und an der Grenze zur T\u00fcrkei und die Wahrung der Menschenrechte erfordert aktuell unseren vehementesten Einsatz. Gerade deckte die New York Times auf, dass die griechische Regierung schutzsuchende Menschen in geheimen Haftanstalten interniert und in illegalen \u201ePush Backs\u201c in die T\u00fcrkei deportiert.Unter den aktuellen Umst\u00e4nden, die Versammlungen im \u00f6ffentlichen Raum \u00fcber 500 Menschen verunm\u00f6glichen, \u00e4ndern wir unsere geplante Gro\u00dfdemo am Samstag, 21. M\u00e4rz in eine Online-Kundgebung ab und bereiten \u2013 sobald die Ma\u00dfnahmen beendet sind \u2013 zum ehest m\u00f6glichen Zeitpunkt einen Gro\u00dfprotest auf der Stra\u00dfe vor. <br><strong>Livestream auf Facebook:<\/strong> <a href=\"https:\/\/www.facebook.com\/events\/551798525543310\/\">https:\/\/www.facebook.com\/events\/551798525543310\/<\/a><\/p>\n\n\n\n<p class=\"has-text-align-center has-background\" style=\"background-color:#cf8181\"><strong>15:30 &#8211; 16:30 <\/strong><\/p>\n\n\n\n<p class=\"has-black-color has-text-color has-background\" style=\"background-color:#ffe6fa\"><strong>Online Meetings Organisieren und Moderieren <\/strong><br>In diesen ungewissen Zeiten m\u00fcssen wir verst\u00e4rkt digitale Tools nutzen, um unsere Bewegung zusammenzuhalten und um uns weiterhin zu organisieren. Wie kann ich effektiv Online Meetings abhalten? Welche technischen Werkzeuge und Moderationsmethoden, eignen sich daf\u00fcr besonders? All das erf\u00e4hrst du in diesem Webinar!<br><strong>Rojava Raum: <a href=\"https:\/\/zoom.us\/j\/420890725\">https:\/\/zoom.us\/j\/420890725<\/a><\/strong><\/p>\n\n\n\n<p class=\"has-black-color has-text-color has-background\" style=\"background-color:#ffe6fa\"><strong>Kampagnenf\u00fchrung leicht gemacht<\/strong> <br>Einzelne Aktionen entfalten ihre politische Wirkung oft erst, wenn sie in l\u00e4ngerfristige, durchdachte Kampagnen eingebettet sind. Was Kampagnen auszeichnet, warum es sinnvoll ist, strategisch zu planen und welche Analysen wir daf\u00fcr brauchen, erf\u00e4hrst du in diesem Workshop. Das Format ist inputorientiert mit interaktiven Formaten. Wenn es konkrete Beispiele gibt, an denen ihr gerade arbeiten wollt, gerne.<br><strong>Black Lives Matter Raum: <a href=\"https:\/\/zoom.us\/j\/907203523\">https:\/\/zoom.us\/j\/907203523<\/a><\/strong><\/p>\n\n\n\n<p class=\"has-text-align-center has-background\" style=\"background-color:#cf8181\"><strong>17:00 &#8211; 19:00 <\/strong><\/p>\n\n\n\n<p class=\"has-black-color has-text-color has-background\" style=\"background-color:#ffe6fa\"><strong>Online Austauschraum- Politisch aktiv in Corona-Zeiten. <\/strong><br>Wie k\u00f6nnen wir solidarisch, strategisch und effektiv sein und bleiben?Das Treffen wird dynamisch, auf die Bed\u00fcrfnisse der Teilnehmer*innen angepasst, moderiert. Es gibt einen kurzen Input und dann die M\u00f6glichkeit, sich in Kleingruppen zu verschiedenen Aspekten unseres Lebens und politischen Wirkens in Corona-Zeiten auszutauschen.<br><strong>Zugang: <a href=\"https:\/\/zoom.us\/j\/546152395\">https:\/\/zoom.us\/j\/546152395<\/a><\/strong><\/p>\n\n\n\n<p class=\"has-text-align-center has-background\" style=\"background-color:#cf8181\"><strong>20:00 &#8211; 22:30<\/strong><\/p>\n\n\n\n<p class=\"has-black-color has-text-color has-background\" style=\"background-color:#ffe6fa\"><strong>\u201eThe Reluctant Radical\u201c<\/strong><br>Online Filmvorf\u00fchrung und Q&amp;A mit Produzentin Lindsey Grayzel<br><br>If a crime is committed in order to prevent a greater crime, is it forgivable? Is it, in fact, necessary? The reluctant radical explores these questions by following activist Ken Ward as he confronts his fears and puts himself in the direct path of the fossil fuel industry to combat climate change.<br>Mehr Infos auf: https:\/\/www.thereluctantradicalmovie.com\/<br><br><strong>Zugang: <a href=\"https:\/\/zoom.us\/j\/132584916\">https:\/\/zoom.us\/j\/132584916<\/a><\/strong><\/p>\n\n\n\n<p class=\"has-text-align-center has-background\" style=\"background-color:#afca97\"><strong>SONNTAG, 22. M\u00e4rz 2020<\/strong><\/p>\n\n\n\n<p class=\"has-text-align-center has-background\" style=\"background-color:#bbd9a1\"><strong>11:00 &#8211; 13:00<\/strong><\/p>\n\n\n\n<p class=\"has-black-color has-text-color has-background\" style=\"background-color:#ffe6fa\"><strong>Online Austauschraum: Tipping Times \/ TP#3 Mitmachen<\/strong><br>Du willst dich \u00fcber das virtuelle Wochenende austauschen? Dir hat es gefallen und kannst dir vorstellen mitzuhelfen so ein Format regelm\u00e4\u00dfig aufzustellen? Oder hast Lust dich in unserem Tipping Points Team einzubringen und bei Planung\/ Organisation und co von Tipping Points 3 mitzumachen? Das Treffen ist nicht bindend, sondern zum Kennenlernen und gemeinsamen Reflektieren und Brainstormen gedacht.<br><strong>Zugang: <a href=\"https:\/\/zoom.us\/j\/771636314\">https:\/\/zoom.us\/j\/771636314<\/a><\/strong><\/p>\n\n\n\n<p><\/p>\n\n\n\n<p>Einen Einblick in das Programm, das wir vor Corona geplant hatten, findet ihr hier unten. Wenn euch einer der Workshops interessiert, meldet euch bei uns, wir vermitteln euch gerne an die Referent*innen:<\/p>\n\n\n\n<figure class=\"wp-block-gallery has-nested-images columns-default is-cropped wp-block-gallery-1 is-layout-flex wp-block-gallery-is-layout-flex\">\n<figure class=\"wp-block-image size-large\"><img loading=\"lazy\" decoding=\"async\" width=\"1024\" height=\"1024\" data-id=\"392\" src=\"https:\/\/tippingpoints.life\/wp-content\/uploads\/2020\/03\/template5-1024x1024.jpg\" alt=\"\" class=\"wp-image-392\" srcset=\"https:\/\/tippingpoints.life\/wp-content\/uploads\/2020\/03\/template5-1024x1024.jpg 1024w, https:\/\/tippingpoints.life\/wp-content\/uploads\/2020\/03\/template5-300x300.jpg 300w, https:\/\/tippingpoints.life\/wp-content\/uploads\/2020\/03\/template5-150x150.jpg 150w, https:\/\/tippingpoints.life\/wp-content\/uploads\/2020\/03\/template5-768x768.jpg 768w, https:\/\/tippingpoints.life\/wp-content\/uploads\/2020\/03\/template5-1536x1536.jpg 1536w, https:\/\/tippingpoints.life\/wp-content\/uploads\/2020\/03\/template5-2048x2048.jpg 2048w, https:\/\/tippingpoints.life\/wp-content\/uploads\/2020\/03\/template5-88x88.jpg 88w, https:\/\/tippingpoints.life\/wp-content\/uploads\/2020\/03\/template5-816x816.jpg 816w\" sizes=\"auto, (max-width: 1024px) 100vw, 1024px\" \/><\/figure>\n\n\n\n<figure class=\"wp-block-image size-large\"><img loading=\"lazy\" decoding=\"async\" width=\"1024\" height=\"1024\" data-id=\"393\" src=\"https:\/\/tippingpoints.life\/wp-content\/uploads\/2020\/03\/template7-1024x1024.jpg\" alt=\"\" class=\"wp-image-393\" srcset=\"https:\/\/tippingpoints.life\/wp-content\/uploads\/2020\/03\/template7-1024x1024.jpg 1024w, https:\/\/tippingpoints.life\/wp-content\/uploads\/2020\/03\/template7-300x300.jpg 300w, https:\/\/tippingpoints.life\/wp-content\/uploads\/2020\/03\/template7-150x150.jpg 150w, https:\/\/tippingpoints.life\/wp-content\/uploads\/2020\/03\/template7-768x768.jpg 768w, https:\/\/tippingpoints.life\/wp-content\/uploads\/2020\/03\/template7-1536x1536.jpg 1536w, https:\/\/tippingpoints.life\/wp-content\/uploads\/2020\/03\/template7-2048x2048.jpg 2048w, https:\/\/tippingpoints.life\/wp-content\/uploads\/2020\/03\/template7-88x88.jpg 88w, https:\/\/tippingpoints.life\/wp-content\/uploads\/2020\/03\/template7-816x816.jpg 816w\" sizes=\"auto, (max-width: 1024px) 100vw, 1024px\" \/><\/figure>\n\n\n\n<figure class=\"wp-block-image size-large\"><img loading=\"lazy\" decoding=\"async\" width=\"1024\" height=\"1024\" data-id=\"394\" src=\"https:\/\/tippingpoints.life\/wp-content\/uploads\/2020\/03\/template8-1024x1024.jpg\" alt=\"\" class=\"wp-image-394\" srcset=\"https:\/\/tippingpoints.life\/wp-content\/uploads\/2020\/03\/template8-1024x1024.jpg 1024w, https:\/\/tippingpoints.life\/wp-content\/uploads\/2020\/03\/template8-300x300.jpg 300w, https:\/\/tippingpoints.life\/wp-content\/uploads\/2020\/03\/template8-150x150.jpg 150w, https:\/\/tippingpoints.life\/wp-content\/uploads\/2020\/03\/template8-768x768.jpg 768w, https:\/\/tippingpoints.life\/wp-content\/uploads\/2020\/03\/template8-1536x1536.jpg 1536w, https:\/\/tippingpoints.life\/wp-content\/uploads\/2020\/03\/template8-2048x2048.jpg 2048w, https:\/\/tippingpoints.life\/wp-content\/uploads\/2020\/03\/template8-88x88.jpg 88w, https:\/\/tippingpoints.life\/wp-content\/uploads\/2020\/03\/template8-816x816.jpg 816w\" sizes=\"auto, (max-width: 1024px) 100vw, 1024px\" \/><\/figure>\n\n\n\n<figure class=\"wp-block-image size-large\"><img loading=\"lazy\" decoding=\"async\" width=\"1024\" height=\"1024\" data-id=\"395\" src=\"https:\/\/tippingpoints.life\/wp-content\/uploads\/2020\/03\/template6-1024x1024.jpg\" alt=\"\" class=\"wp-image-395\" srcset=\"https:\/\/tippingpoints.life\/wp-content\/uploads\/2020\/03\/template6-1024x1024.jpg 1024w, https:\/\/tippingpoints.life\/wp-content\/uploads\/2020\/03\/template6-300x300.jpg 300w, https:\/\/tippingpoints.life\/wp-content\/uploads\/2020\/03\/template6-150x150.jpg 150w, https:\/\/tippingpoints.life\/wp-content\/uploads\/2020\/03\/template6-768x768.jpg 768w, https:\/\/tippingpoints.life\/wp-content\/uploads\/2020\/03\/template6-1536x1536.jpg 1536w, https:\/\/tippingpoints.life\/wp-content\/uploads\/2020\/03\/template6-2048x2048.jpg 2048w, https:\/\/tippingpoints.life\/wp-content\/uploads\/2020\/03\/template6-88x88.jpg 88w, https:\/\/tippingpoints.life\/wp-content\/uploads\/2020\/03\/template6-816x816.jpg 816w\" sizes=\"auto, (max-width: 1024px) 100vw, 1024px\" \/><\/figure>\n\n\n\n<figure class=\"wp-block-image size-large\"><img loading=\"lazy\" decoding=\"async\" width=\"1024\" height=\"1024\" data-id=\"396\" src=\"https:\/\/tippingpoints.life\/wp-content\/uploads\/2020\/03\/template2-1024x1024.jpg\" alt=\"\" class=\"wp-image-396\" srcset=\"https:\/\/tippingpoints.life\/wp-content\/uploads\/2020\/03\/template2-1024x1024.jpg 1024w, https:\/\/tippingpoints.life\/wp-content\/uploads\/2020\/03\/template2-300x300.jpg 300w, https:\/\/tippingpoints.life\/wp-content\/uploads\/2020\/03\/template2-150x150.jpg 150w, https:\/\/tippingpoints.life\/wp-content\/uploads\/2020\/03\/template2-768x768.jpg 768w, https:\/\/tippingpoints.life\/wp-content\/uploads\/2020\/03\/template2-1536x1536.jpg 1536w, https:\/\/tippingpoints.life\/wp-content\/uploads\/2020\/03\/template2-2048x2048.jpg 2048w, https:\/\/tippingpoints.life\/wp-content\/uploads\/2020\/03\/template2-88x88.jpg 88w, https:\/\/tippingpoints.life\/wp-content\/uploads\/2020\/03\/template2-816x816.jpg 816w\" sizes=\"auto, (max-width: 1024px) 100vw, 1024px\" \/><\/figure>\n\n\n\n<figure class=\"wp-block-image size-large\"><img loading=\"lazy\" decoding=\"async\" width=\"1024\" height=\"1024\" data-id=\"397\" src=\"https:\/\/tippingpoints.life\/wp-content\/uploads\/2020\/03\/template4-1024x1024.jpg\" alt=\"\" class=\"wp-image-397\" srcset=\"https:\/\/tippingpoints.life\/wp-content\/uploads\/2020\/03\/template4-1024x1024.jpg 1024w, https:\/\/tippingpoints.life\/wp-content\/uploads\/2020\/03\/template4-300x300.jpg 300w, https:\/\/tippingpoints.life\/wp-content\/uploads\/2020\/03\/template4-150x150.jpg 150w, https:\/\/tippingpoints.life\/wp-content\/uploads\/2020\/03\/template4-768x768.jpg 768w, https:\/\/tippingpoints.life\/wp-content\/uploads\/2020\/03\/template4-1536x1536.jpg 1536w, https:\/\/tippingpoints.life\/wp-content\/uploads\/2020\/03\/template4-2048x2048.jpg 2048w, https:\/\/tippingpoints.life\/wp-content\/uploads\/2020\/03\/template4-88x88.jpg 88w, https:\/\/tippingpoints.life\/wp-content\/uploads\/2020\/03\/template4-816x816.jpg 816w\" sizes=\"auto, (max-width: 1024px) 100vw, 1024px\" \/><\/figure>\n\n\n\n<figure class=\"wp-block-image size-large\"><img loading=\"lazy\" decoding=\"async\" width=\"1024\" height=\"1024\" data-id=\"398\" src=\"https:\/\/tippingpoints.life\/wp-content\/uploads\/2020\/03\/template3-1024x1024.jpg\" alt=\"\" class=\"wp-image-398\" srcset=\"https:\/\/tippingpoints.life\/wp-content\/uploads\/2020\/03\/template3-1024x1024.jpg 1024w, https:\/\/tippingpoints.life\/wp-content\/uploads\/2020\/03\/template3-300x300.jpg 300w, https:\/\/tippingpoints.life\/wp-content\/uploads\/2020\/03\/template3-150x150.jpg 150w, https:\/\/tippingpoints.life\/wp-content\/uploads\/2020\/03\/template3-768x768.jpg 768w, https:\/\/tippingpoints.life\/wp-content\/uploads\/2020\/03\/template3-1536x1536.jpg 1536w, https:\/\/tippingpoints.life\/wp-content\/uploads\/2020\/03\/template3-2048x2048.jpg 2048w, https:\/\/tippingpoints.life\/wp-content\/uploads\/2020\/03\/template3-88x88.jpg 88w, https:\/\/tippingpoints.life\/wp-content\/uploads\/2020\/03\/template3-816x816.jpg 816w\" sizes=\"auto, (max-width: 1024px) 100vw, 1024px\" \/><\/figure>\n\n\n\n<figure class=\"wp-block-image size-large\"><img loading=\"lazy\" decoding=\"async\" width=\"1024\" height=\"1024\" data-id=\"399\" src=\"https:\/\/tippingpoints.life\/wp-content\/uploads\/2020\/03\/template-1024x1024.jpg\" alt=\"\" class=\"wp-image-399\" srcset=\"https:\/\/tippingpoints.life\/wp-content\/uploads\/2020\/03\/template-1024x1024.jpg 1024w, https:\/\/tippingpoints.life\/wp-content\/uploads\/2020\/03\/template-300x300.jpg 300w, https:\/\/tippingpoints.life\/wp-content\/uploads\/2020\/03\/template-150x150.jpg 150w, https:\/\/tippingpoints.life\/wp-content\/uploads\/2020\/03\/template-768x768.jpg 768w, https:\/\/tippingpoints.life\/wp-content\/uploads\/2020\/03\/template-1536x1536.jpg 1536w, https:\/\/tippingpoints.life\/wp-content\/uploads\/2020\/03\/template-2048x2048.jpg 2048w, https:\/\/tippingpoints.life\/wp-content\/uploads\/2020\/03\/template-88x88.jpg 88w, https:\/\/tippingpoints.life\/wp-content\/uploads\/2020\/03\/template-816x816.jpg 816w\" sizes=\"auto, (max-width: 1024px) 100vw, 1024px\" \/><\/figure>\n<\/figure>","protected":false},"excerpt":{"rendered":"<p>Tipping Points #2 h\u00e4tte eigentlich zwischen 20. und 22. M\u00e4rz in Salzburg stattgefunden, musste jedoch leider wegen der Corona- Krise abgesagt werden (mehr zur Absage: HIER). Kurzfristig wurde jedoch ein Alternativprogramm geschaffen und in einer abspeckten Variante \u00fcber das Videokonferenz- Tool \u201eZoom\u201c angeboten. Neben der Podiumsdiskussion am Freitagabend (Titel: Systemwandel- Was ist das eigentlich?) und&hellip;&nbsp;<a href=\"https:\/\/tippingpoints.life\/en\/tp2\/\" rel=\"bookmark\">Read More &raquo;<span class=\"screen-reader-text\">TP2 &#8211; 03\/2020<\/span><\/a><\/p>","protected":false},"author":2,"featured_media":0,"parent":0,"menu_order":0,"comment_status":"closed","ping_status":"closed","template":"","meta":{"neve_meta_sidebar":"","neve_meta_container":"","neve_meta_enable_content_width":"","neve_meta_content_width":0,"neve_meta_title_alignment":"","neve_meta_author_avatar":"","neve_post_elements_order":"","neve_meta_disable_header":"","neve_meta_disable_footer":"","neve_meta_disable_title":"","footnotes":""},"class_list":["post-526","page","type-page","status-publish","hentry"],"_links":{"self":[{"href":"https:\/\/tippingpoints.life\/en\/wp-json\/wp\/v2\/pages\/526","targetHints":{"allow":["GET"]}}],"collection":[{"href":"https:\/\/tippingpoints.life\/en\/wp-json\/wp\/v2\/pages"}],"about":[{"href":"https:\/\/tippingpoints.life\/en\/wp-json\/wp\/v2\/types\/page"}],"author":[{"embeddable":true,"href":"https:\/\/tippingpoints.life\/en\/wp-json\/wp\/v2\/users\/2"}],"replies":[{"embeddable":true,"href":"https:\/\/tippingpoints.life\/en\/wp-json\/wp\/v2\/comments?post=526"}],"version-history":[{"count":3,"href":"https:\/\/tippingpoints.life\/en\/wp-json\/wp\/v2\/pages\/526\/revisions"}],"predecessor-version":[{"id":4604,"href":"https:\/\/tippingpoints.life\/en\/wp-json\/wp\/v2\/pages\/526\/revisions\/4604"}],"wp:attachment":[{"href":"https:\/\/tippingpoints.life\/en\/wp-json\/wp\/v2\/media?parent=526"}],"curies":[{"name":"wp","href":"https:\/\/api.w.org\/{rel}","templated":true}]}}