{"id":4568,"date":"2024-02-28T16:05:18","date_gmt":"2024-02-28T15:05:18","guid":{"rendered":"https:\/\/tippingpoints.life\/?page_id=4568"},"modified":"2025-11-01T16:43:21","modified_gmt":"2025-11-01T15:43:21","slug":"fordergeberinnen","status":"publish","type":"page","link":"https:\/\/tippingpoints.life\/en\/fordergeberinnen\/","title":{"rendered":"Funders"},"content":{"rendered":"<p>Tipping Points is and has been supported by various organisations over the years, especially through local, active cooperation in the respective cities. Financial support also helps us to offer our workshops free of charge or in return for free donations. We are very grateful for a wide range of support, financial sponsorship and contributions - including from individuals - as well as cooperation and exchange with groups.<\/p>\n\n\n\n<h3 class=\"wp-block-heading\">The current Tipping Points weekend is receiving financial support from:<\/h3>\n\n\n\n<div class=\"wp-block-columns is-layout-flex wp-container-core-columns-is-layout-9d6595d7 wp-block-columns-is-layout-flex\">\n<div class=\"wp-block-column is-layout-flow wp-block-column-is-layout-flow\">\n<figure class=\"wp-block-image size-full is-resized\"><img loading=\"lazy\" decoding=\"async\" width=\"728\" height=\"216\" src=\"https:\/\/tippingpoints.life\/wp-content\/uploads\/2025\/11\/MGG22Logo.png\" alt=\"\" class=\"wp-image-5908\" style=\"width:484px;height:auto\" srcset=\"https:\/\/tippingpoints.life\/wp-content\/uploads\/2025\/11\/MGG22Logo.png 728w, https:\/\/tippingpoints.life\/wp-content\/uploads\/2025\/11\/MGG22Logo-300x89.png 300w, https:\/\/tippingpoints.life\/wp-content\/uploads\/2025\/11\/MGG22Logo-18x5.png 18w\" sizes=\"auto, (max-width: 728px) 100vw, 728px\" \/><\/figure>\n<\/div>\n<\/div>\n\n\n\n<div style=\"height:37px\" aria-hidden=\"true\" class=\"wp-block-spacer\"><\/div>\n\n\n\n<p class=\"translation-block\">And most importantly: <strong>Our donors! &lt;3<\/strong><\/p>\n\n\n\n<p class=\"translation-block\">Please help us make the next issue possible \u2013 whether it's 10, 50 or 100. <a href=\"http:\/\/www.tippingpoints.live\/unterst\u00fctzen\" target=\"_self\">Every donation helps us!<\/a> If you can't give anything at the moment, please recommend us!<\/p>\n\n\n\n<div style=\"height:64px\" aria-hidden=\"true\" class=\"wp-block-spacer\"><\/div>\n\n\n\n<h3 class=\"wp-block-heading\">We would also like to thank previous funders and all donors:<\/h3>\n\n\n\n<div class=\"wp-block-columns is-layout-flex wp-container-core-columns-is-layout-9d6595d7 wp-block-columns-is-layout-flex\">\n<div class=\"wp-block-column is-layout-flow wp-block-column-is-layout-flow\">\n<figure class=\"wp-block-image size-large\"><img loading=\"lazy\" decoding=\"async\" width=\"1024\" height=\"1024\" src=\"https:\/\/tippingpoints.life\/wp-content\/uploads\/2024\/05\/5-1024x1024.png\" alt=\"\" class=\"wp-image-5046\" srcset=\"https:\/\/tippingpoints.life\/wp-content\/uploads\/2024\/05\/5-1024x1024.png 1024w, https:\/\/tippingpoints.life\/wp-content\/uploads\/2024\/05\/5-300x300.png 300w, https:\/\/tippingpoints.life\/wp-content\/uploads\/2024\/05\/5-150x150.png 150w, https:\/\/tippingpoints.life\/wp-content\/uploads\/2024\/05\/5-768x768.png 768w, https:\/\/tippingpoints.life\/wp-content\/uploads\/2024\/05\/5-12x12.png 12w, https:\/\/tippingpoints.life\/wp-content\/uploads\/2024\/05\/5.png 1080w\" sizes=\"auto, (max-width: 1024px) 100vw, 1024px\" \/><\/figure>\n<\/div>\n\n\n\n<div class=\"wp-block-column is-layout-flow wp-block-column-is-layout-flow\">\n<figure class=\"wp-block-image size-large\"><img loading=\"lazy\" decoding=\"async\" width=\"1024\" height=\"1024\" src=\"https:\/\/tippingpoints.life\/wp-content\/uploads\/2024\/05\/1-1024x1024.png\" alt=\"\" class=\"wp-image-5042\" srcset=\"https:\/\/tippingpoints.life\/wp-content\/uploads\/2024\/05\/1-1024x1024.png 1024w, https:\/\/tippingpoints.life\/wp-content\/uploads\/2024\/05\/1-300x300.png 300w, https:\/\/tippingpoints.life\/wp-content\/uploads\/2024\/05\/1-150x150.png 150w, https:\/\/tippingpoints.life\/wp-content\/uploads\/2024\/05\/1-768x768.png 768w, https:\/\/tippingpoints.life\/wp-content\/uploads\/2024\/05\/1-12x12.png 12w, https:\/\/tippingpoints.life\/wp-content\/uploads\/2024\/05\/1.png 1080w\" sizes=\"auto, (max-width: 1024px) 100vw, 1024px\" \/><\/figure>\n<\/div>\n\n\n\n<div class=\"wp-block-column is-layout-flow wp-block-column-is-layout-flow\">\n<figure class=\"wp-block-image size-large\"><img loading=\"lazy\" decoding=\"async\" width=\"1024\" height=\"1024\" src=\"https:\/\/tippingpoints.life\/wp-content\/uploads\/2024\/05\/2-1024x1024.png\" alt=\"\" class=\"wp-image-5043\" srcset=\"https:\/\/tippingpoints.life\/wp-content\/uploads\/2024\/05\/2-1024x1024.png 1024w, https:\/\/tippingpoints.life\/wp-content\/uploads\/2024\/05\/2-300x300.png 300w, https:\/\/tippingpoints.life\/wp-content\/uploads\/2024\/05\/2-150x150.png 150w, https:\/\/tippingpoints.life\/wp-content\/uploads\/2024\/05\/2-768x768.png 768w, https:\/\/tippingpoints.life\/wp-content\/uploads\/2024\/05\/2-12x12.png 12w, https:\/\/tippingpoints.life\/wp-content\/uploads\/2024\/05\/2.png 1080w\" sizes=\"auto, (max-width: 1024px) 100vw, 1024px\" \/><\/figure>\n<\/div>\n\n\n\n<div class=\"wp-block-column is-layout-flow wp-block-column-is-layout-flow\">\n<figure class=\"wp-block-image size-full\"><img loading=\"lazy\" decoding=\"async\" width=\"1080\" height=\"1080\" src=\"https:\/\/tippingpoints.life\/wp-content\/uploads\/2024\/05\/Quadrat-3.png\" alt=\"\" class=\"wp-image-5050\" srcset=\"https:\/\/tippingpoints.life\/wp-content\/uploads\/2024\/05\/Quadrat-3.png 1080w, https:\/\/tippingpoints.life\/wp-content\/uploads\/2024\/05\/Quadrat-3-300x300.png 300w, https:\/\/tippingpoints.life\/wp-content\/uploads\/2024\/05\/Quadrat-3-1024x1024.png 1024w, https:\/\/tippingpoints.life\/wp-content\/uploads\/2024\/05\/Quadrat-3-150x150.png 150w, https:\/\/tippingpoints.life\/wp-content\/uploads\/2024\/05\/Quadrat-3-768x768.png 768w, https:\/\/tippingpoints.life\/wp-content\/uploads\/2024\/05\/Quadrat-3-12x12.png 12w\" sizes=\"auto, (max-width: 1080px) 100vw, 1080px\" \/><\/figure>\n<\/div>\n<\/div>\n\n\n\n<div class=\"wp-block-columns is-layout-flex wp-container-core-columns-is-layout-9d6595d7 wp-block-columns-is-layout-flex\">\n<div class=\"wp-block-column is-layout-flow wp-block-column-is-layout-flow\">\n<figure class=\"wp-block-image size-large\"><img loading=\"lazy\" decoding=\"async\" width=\"1024\" height=\"1024\" src=\"https:\/\/tippingpoints.life\/wp-content\/uploads\/2024\/05\/TP4J_Logo-1024x1024.png\" alt=\"\" class=\"wp-image-5052\" srcset=\"https:\/\/tippingpoints.life\/wp-content\/uploads\/2024\/05\/TP4J_Logo-1024x1024.png 1024w, https:\/\/tippingpoints.life\/wp-content\/uploads\/2024\/05\/TP4J_Logo-300x300.png 300w, https:\/\/tippingpoints.life\/wp-content\/uploads\/2024\/05\/TP4J_Logo-150x150.png 150w, https:\/\/tippingpoints.life\/wp-content\/uploads\/2024\/05\/TP4J_Logo-768x768.png 768w, https:\/\/tippingpoints.life\/wp-content\/uploads\/2024\/05\/TP4J_Logo-1536x1536.png 1536w, https:\/\/tippingpoints.life\/wp-content\/uploads\/2024\/05\/TP4J_Logo-2048x2048.png 2048w, https:\/\/tippingpoints.life\/wp-content\/uploads\/2024\/05\/TP4J_Logo-12x12.png 12w\" sizes=\"auto, (max-width: 1024px) 100vw, 1024px\" \/><\/figure>\n<\/div>\n\n\n\n<div class=\"wp-block-column is-layout-flow wp-block-column-is-layout-flow\">\n<figure class=\"wp-block-image size-large\"><img loading=\"lazy\" decoding=\"async\" width=\"1024\" height=\"1024\" src=\"https:\/\/tippingpoints.life\/wp-content\/uploads\/2024\/05\/6-1024x1024.png\" alt=\"\" class=\"wp-image-5047\" srcset=\"https:\/\/tippingpoints.life\/wp-content\/uploads\/2024\/05\/6-1024x1024.png 1024w, https:\/\/tippingpoints.life\/wp-content\/uploads\/2024\/05\/6-300x300.png 300w, https:\/\/tippingpoints.life\/wp-content\/uploads\/2024\/05\/6-150x150.png 150w, https:\/\/tippingpoints.life\/wp-content\/uploads\/2024\/05\/6-768x768.png 768w, https:\/\/tippingpoints.life\/wp-content\/uploads\/2024\/05\/6-12x12.png 12w, https:\/\/tippingpoints.life\/wp-content\/uploads\/2024\/05\/6.png 1080w\" sizes=\"auto, (max-width: 1024px) 100vw, 1024px\" \/><\/figure>\n<\/div>\n\n\n\n<div class=\"wp-block-column is-layout-flow wp-block-column-is-layout-flow\">\n<figure class=\"wp-block-image size-large\"><img loading=\"lazy\" decoding=\"async\" width=\"1024\" height=\"289\" src=\"https:\/\/tippingpoints.life\/wp-content\/uploads\/2024\/11\/LiOnE-Logo-1024x289.png\" alt=\"\" class=\"wp-image-5387\" srcset=\"https:\/\/tippingpoints.life\/wp-content\/uploads\/2024\/11\/LiOnE-Logo-1024x289.png 1024w, https:\/\/tippingpoints.life\/wp-content\/uploads\/2024\/11\/LiOnE-Logo-300x85.png 300w, https:\/\/tippingpoints.life\/wp-content\/uploads\/2024\/11\/LiOnE-Logo-768x216.png 768w, https:\/\/tippingpoints.life\/wp-content\/uploads\/2024\/11\/LiOnE-Logo-1536x433.png 1536w, https:\/\/tippingpoints.life\/wp-content\/uploads\/2024\/11\/LiOnE-Logo-2048x577.png 2048w, https:\/\/tippingpoints.life\/wp-content\/uploads\/2024\/11\/LiOnE-Logo-18x5.png 18w\" sizes=\"auto, (max-width: 1024px) 100vw, 1024px\" \/><\/figure>\n<\/div>\n\n\n\n<div class=\"wp-block-column is-layout-flow wp-block-column-is-layout-flow\">\n<figure class=\"wp-block-image size-large\"><img loading=\"lazy\" decoding=\"async\" width=\"1024\" height=\"1024\" src=\"https:\/\/tippingpoints.life\/wp-content\/uploads\/2024\/05\/7-1024x1024.png\" alt=\"\" class=\"wp-image-5048\" srcset=\"https:\/\/tippingpoints.life\/wp-content\/uploads\/2024\/05\/7-1024x1024.png 1024w, https:\/\/tippingpoints.life\/wp-content\/uploads\/2024\/05\/7-300x300.png 300w, https:\/\/tippingpoints.life\/wp-content\/uploads\/2024\/05\/7-150x150.png 150w, https:\/\/tippingpoints.life\/wp-content\/uploads\/2024\/05\/7-768x768.png 768w, https:\/\/tippingpoints.life\/wp-content\/uploads\/2024\/05\/7-12x12.png 12w, https:\/\/tippingpoints.life\/wp-content\/uploads\/2024\/05\/7.png 1080w\" sizes=\"auto, (max-width: 1024px) 100vw, 1024px\" \/><\/figure>\n<\/div>\n<\/div>\n\n\n\n<div class=\"wp-block-columns is-layout-flex wp-container-core-columns-is-layout-9d6595d7 wp-block-columns-is-layout-flex\">\n<div class=\"wp-block-column is-layout-flow wp-block-column-is-layout-flow\" style=\"flex-basis:33.33%\"><div class=\"wp-block-image\">\n<figure class=\"alignright size-full is-resized\"><img loading=\"lazy\" decoding=\"async\" width=\"899\" height=\"946\" src=\"https:\/\/tippingpoints.life\/wp-content\/uploads\/2024\/11\/EN_co_fundedvertical_RGB_POS.png\" alt=\"\" class=\"wp-image-5408\" style=\"width:247px;height:auto\" srcset=\"https:\/\/tippingpoints.life\/wp-content\/uploads\/2024\/11\/EN_co_fundedvertical_RGB_POS.png 899w, https:\/\/tippingpoints.life\/wp-content\/uploads\/2024\/11\/EN_co_fundedvertical_RGB_POS-285x300.png 285w, https:\/\/tippingpoints.life\/wp-content\/uploads\/2024\/11\/EN_co_fundedvertical_RGB_POS-768x808.png 768w, https:\/\/tippingpoints.life\/wp-content\/uploads\/2024\/11\/EN_co_fundedvertical_RGB_POS-11x12.png 11w\" sizes=\"auto, (max-width: 899px) 100vw, 899px\" \/><\/figure>\n<\/div><\/div>\n\n\n\n<div class=\"wp-block-column is-layout-flow wp-block-column-is-layout-flow\" style=\"flex-basis:66.66%\">\n<p><\/p>\n\n\n\n<p><em>Funded by the European Union. However, the views and opinions expressed are solely those of the author(s) and do not necessarily reflect those of the European Union or OeAD-GmbH. Neither the European Union nor OeAD-GmbH can be held responsible for them.<\/em><\/p>\n<\/div>\n<\/div>","protected":false},"excerpt":{"rendered":"<p>Tipping Points wird und wurde im Laufe der Zeit von verschiedenen Organisationen unterst\u00fctzt, vor allem durch lokale, tatkr\u00e4ftige Kooperationen in den jeweiligen St\u00e4dten vor Ort. Au\u00dferdem hilft uns finanzielle Unterst\u00fctzung immer wieder unser Workshop Angebot u.a. auch kostenfrei bzw. gegen freie Spenden anzubieten. Wir sind sehr dankbar f\u00fcr vielf\u00e4ltige Unterst\u00fctzung, finanzielle F\u00f6rderungen und Beitr\u00e4ge &#8211;&hellip;&nbsp;<a href=\"https:\/\/tippingpoints.life\/en\/fordergeberinnen\/\" rel=\"bookmark\">Read More &raquo;<span class=\"screen-reader-text\">Funders<\/span><\/a><\/p>","protected":false},"author":2,"featured_media":4571,"parent":0,"menu_order":0,"comment_status":"closed","ping_status":"closed","template":"","meta":{"neve_meta_sidebar":"default","neve_meta_container":"","neve_meta_enable_content_width":"","neve_meta_content_width":70,"neve_meta_title_alignment":"","neve_meta_author_avatar":"","neve_post_elements_order":"","neve_meta_disable_header":"off","neve_meta_disable_footer":"","neve_meta_disable_title":"","footnotes":""},"class_list":["post-4568","page","type-page","status-publish","has-post-thumbnail","hentry"],"_links":{"self":[{"href":"https:\/\/tippingpoints.life\/en\/wp-json\/wp\/v2\/pages\/4568","targetHints":{"allow":["GET"]}}],"collection":[{"href":"https:\/\/tippingpoints.life\/en\/wp-json\/wp\/v2\/pages"}],"about":[{"href":"https:\/\/tippingpoints.life\/en\/wp-json\/wp\/v2\/types\/page"}],"author":[{"embeddable":true,"href":"https:\/\/tippingpoints.life\/en\/wp-json\/wp\/v2\/users\/2"}],"replies":[{"embeddable":true,"href":"https:\/\/tippingpoints.life\/en\/wp-json\/wp\/v2\/comments?post=4568"}],"version-history":[{"count":15,"href":"https:\/\/tippingpoints.life\/en\/wp-json\/wp\/v2\/pages\/4568\/revisions"}],"predecessor-version":[{"id":5913,"href":"https:\/\/tippingpoints.life\/en\/wp-json\/wp\/v2\/pages\/4568\/revisions\/5913"}],"wp:featuredmedia":[{"embeddable":true,"href":"https:\/\/tippingpoints.life\/en\/wp-json\/wp\/v2\/menu-items\/4571"}],"wp:attachment":[{"href":"https:\/\/tippingpoints.life\/en\/wp-json\/wp\/v2\/media?parent=4568"}],"curies":[{"name":"wp","href":"https:\/\/api.w.org\/{rel}","templated":true}]}}