{"id":4511,"date":"2024-02-19T14:36:03","date_gmt":"2024-02-19T13:36:03","guid":{"rendered":"https:\/\/tippingpoints.life\/?page_id=4511"},"modified":"2025-02-28T00:51:21","modified_gmt":"2025-02-27T23:51:21","slug":"tp9","status":"publish","type":"page","link":"https:\/\/tippingpoints.life\/en\/tp9\/","title":{"rendered":"TP9 &#8211; 12\/2023"},"content":{"rendered":"<div class=\"wp-block-columns is-layout-flex wp-container-core-columns-is-layout-9d6595d7 wp-block-columns-is-layout-flex\">\n<div class=\"wp-block-column is-layout-flow wp-block-column-is-layout-flow\" style=\"flex-basis:33.33%\">\n<figure class=\"wp-block-image size-full\"><img loading=\"lazy\" decoding=\"async\" width=\"899\" height=\"946\" src=\"https:\/\/tippingpoints.life\/wp-content\/uploads\/2024\/11\/EN_co_fundedvertical_RGB_POS.png\" alt=\"\" class=\"wp-image-5408\" srcset=\"https:\/\/tippingpoints.life\/wp-content\/uploads\/2024\/11\/EN_co_fundedvertical_RGB_POS.png 899w, https:\/\/tippingpoints.life\/wp-content\/uploads\/2024\/11\/EN_co_fundedvertical_RGB_POS-285x300.png 285w, https:\/\/tippingpoints.life\/wp-content\/uploads\/2024\/11\/EN_co_fundedvertical_RGB_POS-768x808.png 768w, https:\/\/tippingpoints.life\/wp-content\/uploads\/2024\/11\/EN_co_fundedvertical_RGB_POS-11x12.png 11w\" sizes=\"auto, (max-width: 899px) 100vw, 899px\" \/><\/figure>\n<\/div>\n\n\n\n<div class=\"wp-block-column is-layout-flow wp-block-column-is-layout-flow\" style=\"flex-basis:66.66%\">\n<p><\/p>\n\n\n\n<p><em>Funded by the European Union. However, the views and opinions expressed are solely those of the author(s) and do not necessarily reflect those of the European Union or OeAD-GmbH. Neither the European Union nor OeAD-GmbH can be held responsible for them.<\/em><\/p>\n<\/div>\n<\/div>\n\n\n\n<p>Hier geht&#8217;s zum <a href=\"https:\/\/tippingpoints.life\/en\/tp-8-rahmenprogramm\/\">Evening Programme<\/a> und hier zu mehr<a href=\"http:\/\/www.humus.live\/tp4j\"> Infos \u00fcber das Projekt &#8222;Tipping Points 4 Justice&#8220;<\/a><\/p>\n\n\n\n<p>Hier findest du eine \u00dcbersicht aller Workshops von <strong>Tipping Points #9<\/strong>, das vom 1. bis 3. Dezember 2023 in Salzburg stattgefunden hat:<\/p>\n\n\n\n<figure class=\"wp-block-image size-large\"><a href=\"https:\/\/tippingpoints.life\/wp-content\/uploads\/2024\/02\/9-TP9-Programm.pdf\"><img loading=\"lazy\" decoding=\"async\" width=\"1024\" height=\"689\" src=\"https:\/\/tippingpoints.life\/wp-content\/uploads\/2024\/02\/grafik-2-1024x689.png\" alt=\"\" class=\"wp-image-4512\" srcset=\"https:\/\/tippingpoints.life\/wp-content\/uploads\/2024\/02\/grafik-2-1024x689.png 1024w, https:\/\/tippingpoints.life\/wp-content\/uploads\/2024\/02\/grafik-2-300x202.png 300w, https:\/\/tippingpoints.life\/wp-content\/uploads\/2024\/02\/grafik-2-768x517.png 768w, https:\/\/tippingpoints.life\/wp-content\/uploads\/2024\/02\/grafik-2-18x12.png 18w, https:\/\/tippingpoints.life\/wp-content\/uploads\/2024\/02\/grafik-2.png 1201w\" sizes=\"auto, (max-width: 1024px) 100vw, 1024px\" \/><\/a><\/figure>\n\n\n\n<p>Bilder dazu findest du wie gewohnt auf unserem <a href=\"https:\/\/www.flickr.com\/photos\/humusfuerveraenderung\/albums\/72177720313182831\">Flickr-Stream<\/a> und Unterlagen zu ausgew\u00e4hlten Workshops im Men\u00fc unter &#8222;Alle Unterlagen&#8220;. <\/p>\n\n\n\n<p>Wenn du unsere Angebote n\u00fctzlich findest, \u00fcberlege bitte, ob du uns <a href=\"https:\/\/tippingpoints.life\/en\/unterstutzen\/\">mit einer Spende<\/a> unterst\u00fctzen kannst &#8211; damit machst du auch die n\u00e4chste Ausgabe von Tipping Points m\u00f6glich. Falls dir das nicht m\u00f6glich ist, empfehle uns und unsere Newsletter bitte weiter.<\/p>","protected":false},"excerpt":{"rendered":"<p>Von der Europ\u00e4ischen Union finanziert. Die ge\u00e4u\u00dferten Ansichten und Meinungen entsprechen jedoch ausschlie\u00dflich denen des Autors bzw. der Autoren und spiegeln nicht zwingend die der Europ\u00e4ischen Union oder der OeAD-GmbH wider. Weder die Europ\u00e4ische Union noch die OeAD-GmbH k\u00f6nnen daf\u00fcr verantwortlich gemacht werden. Hier geht&#8217;s zum Rahmenprogramm und hier zu mehr Infos \u00fcber das Projekt&hellip;&nbsp;<a href=\"https:\/\/tippingpoints.life\/en\/tp9\/\" rel=\"bookmark\">Read More &raquo;<span class=\"screen-reader-text\">TP9 &#8211; 12\/2023<\/span><\/a><\/p>","protected":false},"author":2,"featured_media":0,"parent":0,"menu_order":0,"comment_status":"closed","ping_status":"closed","template":"","meta":{"neve_meta_sidebar":"","neve_meta_container":"","neve_meta_enable_content_width":"","neve_meta_content_width":0,"neve_meta_title_alignment":"","neve_meta_author_avatar":"","neve_post_elements_order":"","neve_meta_disable_header":"","neve_meta_disable_footer":"","neve_meta_disable_title":"","footnotes":""},"class_list":["post-4511","page","type-page","status-publish","hentry"],"_links":{"self":[{"href":"https:\/\/tippingpoints.life\/en\/wp-json\/wp\/v2\/pages\/4511","targetHints":{"allow":["GET"]}}],"collection":[{"href":"https:\/\/tippingpoints.life\/en\/wp-json\/wp\/v2\/pages"}],"about":[{"href":"https:\/\/tippingpoints.life\/en\/wp-json\/wp\/v2\/types\/page"}],"author":[{"embeddable":true,"href":"https:\/\/tippingpoints.life\/en\/wp-json\/wp\/v2\/users\/2"}],"replies":[{"embeddable":true,"href":"https:\/\/tippingpoints.life\/en\/wp-json\/wp\/v2\/comments?post=4511"}],"version-history":[{"count":6,"href":"https:\/\/tippingpoints.life\/en\/wp-json\/wp\/v2\/pages\/4511\/revisions"}],"predecessor-version":[{"id":5433,"href":"https:\/\/tippingpoints.life\/en\/wp-json\/wp\/v2\/pages\/4511\/revisions\/5433"}],"wp:attachment":[{"href":"https:\/\/tippingpoints.life\/en\/wp-json\/wp\/v2\/media?parent=4511"}],"curies":[{"name":"wp","href":"https:\/\/api.w.org\/{rel}","templated":true}]}}