{"id":4504,"date":"2024-02-19T14:06:07","date_gmt":"2024-02-19T13:06:07","guid":{"rendered":"https:\/\/tippingpoints.life\/?page_id=4504"},"modified":"2025-11-15T21:04:52","modified_gmt":"2025-11-15T20:04:52","slug":"demnachst","status":"publish","type":"page","link":"https:\/\/tippingpoints.life\/en\/demnachst\/","title":{"rendered":"Upcoming"},"content":{"rendered":"<p class=\"translation-block\">Tipping Points #12 is over, but we are already thinking about plans for 2026. Tipping Points #13 could look completely different - or just the same again. If you don't want to miss first announcements, you can register for our <a href=\"https:\/\/tippingpoints.life\/en\/newsletter\/\" target=\"_self\">news channel<\/a> here. We also post updates at irregular intervals on the <a href=\"https:\/\/tippingpoints.life\/en\/news\/\" target=\"_self\">blog here<\/a>.<\/p>\n\n\n\n<div class=\"wp-block-columns is-layout-flex wp-container-core-columns-is-layout-9d6595d7 wp-block-columns-is-layout-flex\">\n<div class=\"wp-block-column is-layout-flow wp-block-column-is-layout-flow\" style=\"flex-basis:66.66%\">\n<figure class=\"wp-block-image size-large\"><a href=\"https:\/\/www.youtube.com\/watch?v=TwP0PkLVl54\"><img loading=\"lazy\" decoding=\"async\" width=\"1024\" height=\"653\" src=\"https:\/\/tippingpoints.life\/wp-content\/uploads\/2024\/02\/grafik-1-1024x653.png\" alt=\"\" class=\"wp-image-4506\" srcset=\"https:\/\/tippingpoints.life\/wp-content\/uploads\/2024\/02\/grafik-1-1024x653.png 1024w, https:\/\/tippingpoints.life\/wp-content\/uploads\/2024\/02\/grafik-1-300x191.png 300w, https:\/\/tippingpoints.life\/wp-content\/uploads\/2024\/02\/grafik-1-768x490.png 768w, https:\/\/tippingpoints.life\/wp-content\/uploads\/2024\/02\/grafik-1-18x12.png 18w, https:\/\/tippingpoints.life\/wp-content\/uploads\/2024\/02\/grafik-1.png 1285w\" sizes=\"auto, (max-width: 1024px) 100vw, 1024px\" \/><\/a><\/figure>\n<\/div>\n\n\n\n<div class=\"wp-block-column is-layout-flow wp-block-column-is-layout-flow\" style=\"flex-basis:33.33%\">\n<p><\/p>\n\n\n\n<p class=\"translation-block\">If you would like to get an idea of \u200b\u200bwhat Tipping Points has to offer, take a look at <strong>our intro video<\/strong> <a href=\"https:\/\/www.youtube.com\/watch?v=TwP0PkLVl54\" target=\"_self\">on YouTube<\/a>.<\/p>\n\n\n\n<p>We would also be happy if you could recommend us to your friends and fellow campaigners \u2013 because Skills Share is more fun together! \ud83d\ude42 <\/p>\n<\/div>\n<\/div>\n\n\n\n<p class=\"translation-block\">If you would like to book <strong>workshops for your group now or find out more about our other courses, <\/strong> click on <a href=\"http:\/\/www.humus.live\" target=\"_self\">www.humus.live<\/a> or on <a href=\"https:\/\/www.instagram.com\/humus.fuer.veraenderung\/\" target=\"_self\">Instagram<\/a>.<\/p>\n\n\n\n<p class=\"translation-block\"><strong>Tipping Points can only continue thanks to numerous donations from supporters. <\/strong>So whether you want to come to the next issue and can already contribute something to it or whether you like Tipping Points: <a href=\"https:\/\/tippingpoints.life\/en\/unterstutzen\/\" target=\"_self\">Please support us with a donation<\/a> if you can. Whether that's 10 or 50 or 100 euros, one-off or monthly - every amount helps us!<\/p>","protected":false},"excerpt":{"rendered":"<p>Tipping Points #12 ist vor\u00fcber und wir t\u00fcfteln schon an unseren Pl\u00e4nen f\u00fcr 2026. Tipping Points #13 k\u00f6nnte diesmal auch ganz anders aussehen &#8211; oder doch wie immer. Wenn du die erste Ank\u00fcndigung nicht verpassen m\u00f6chtest, kannst du dich hier f\u00fcr einen News-Chnannel registrieren. Updates posten wir auch am Blog hier. Wenn du dir inzwischen&hellip;&nbsp;<a href=\"https:\/\/tippingpoints.life\/en\/demnachst\/\" rel=\"bookmark\">Read More &raquo;<span class=\"screen-reader-text\">Upcoming<\/span><\/a><\/p>","protected":false},"author":2,"featured_media":0,"parent":0,"menu_order":0,"comment_status":"closed","ping_status":"closed","template":"","meta":{"neve_meta_sidebar":"","neve_meta_container":"","neve_meta_enable_content_width":"","neve_meta_content_width":0,"neve_meta_title_alignment":"","neve_meta_author_avatar":"","neve_post_elements_order":"","neve_meta_disable_header":"","neve_meta_disable_footer":"","neve_meta_disable_title":"","footnotes":""},"class_list":["post-4504","page","type-page","status-publish","hentry"],"_links":{"self":[{"href":"https:\/\/tippingpoints.life\/en\/wp-json\/wp\/v2\/pages\/4504","targetHints":{"allow":["GET"]}}],"collection":[{"href":"https:\/\/tippingpoints.life\/en\/wp-json\/wp\/v2\/pages"}],"about":[{"href":"https:\/\/tippingpoints.life\/en\/wp-json\/wp\/v2\/types\/page"}],"author":[{"embeddable":true,"href":"https:\/\/tippingpoints.life\/en\/wp-json\/wp\/v2\/users\/2"}],"replies":[{"embeddable":true,"href":"https:\/\/tippingpoints.life\/en\/wp-json\/wp\/v2\/comments?post=4504"}],"version-history":[{"count":5,"href":"https:\/\/tippingpoints.life\/en\/wp-json\/wp\/v2\/pages\/4504\/revisions"}],"predecessor-version":[{"id":5951,"href":"https:\/\/tippingpoints.life\/en\/wp-json\/wp\/v2\/pages\/4504\/revisions\/5951"}],"wp:attachment":[{"href":"https:\/\/tippingpoints.life\/en\/wp-json\/wp\/v2\/media?parent=4504"}],"curies":[{"name":"wp","href":"https:\/\/api.w.org\/{rel}","templated":true}]}}