{"id":37,"date":"2019-10-02T09:03:28","date_gmt":"2019-10-02T07:03:28","guid":{"rendered":"https:\/\/tippingpointslife.wordpress.com\/?page_id=37"},"modified":"2024-03-06T12:43:49","modified_gmt":"2024-03-06T11:43:49","slug":"tp1","status":"publish","type":"page","link":"https:\/\/tippingpoints.life\/en\/tp1\/","title":{"rendered":"TP1 &#8211; 11\/2020"},"content":{"rendered":"<p class=\"has-foreground-dark-color has-background-dark-background-color has-text-color has-background\">Tipping Points fand 2019 das erste Mal &#8211; in Graz &#8211; statt und unterst\u00fctzte mit \u00fcber 20 Workshops zu Skills und Methoden knapp 100 Menschen aus verschiedenen progressiven politischen Bewegungen in ihrer Arbeit. Aber <strong>es gibt noch noch viel zu tun<\/strong> im Kampf f\u00fcr das Gute Leben f\u00fcr Alle und in Anbetracht der katastrophalen Klimakrise!<br>Gerade jetzt, denn: <a href=\"https:\/\/by2020weriseup.net\/\">#by2020weriseup<\/a>!<br>Weitere Workshopangebote und Trainingskollektive findet ihr unter <a href=\"https:\/\/tippingpointslife.wordpress.com\/ressourcen\/\">&#8222;Ressourcen und Tipps&#8220;<\/a>.<\/p>\n\n\n\n<div class=\"wp-block-file aligncenter\"><a id=\"wp-block-file--media-6d4b6ccc-1c82-4223-96f3-c13ac2ca0715\" href=\"https:\/\/tippingpoints.convivial.garden\/wp-content\/uploads\/2019\/11\/programm-tp1_fin-1.pdf\"><img loading=\"lazy\" decoding=\"async\" width=\"500\" height=\"353\" class=\"wp-image-226\" style=\"width:500px;\" src=\"https:\/\/tippingpoints.convivial.garden\/wp-content\/uploads\/2019\/11\/programm-tp1_fin-1.jpg\" alt=\"undefined\" srcset=\"https:\/\/tippingpoints.life\/wp-content\/uploads\/2019\/11\/programm-tp1_fin-1.jpg 1754w, https:\/\/tippingpoints.life\/wp-content\/uploads\/2019\/11\/programm-tp1_fin-1-300x212.jpg 300w, https:\/\/tippingpoints.life\/wp-content\/uploads\/2019\/11\/programm-tp1_fin-1-1024x723.jpg 1024w, https:\/\/tippingpoints.life\/wp-content\/uploads\/2019\/11\/programm-tp1_fin-1-768x543.jpg 768w, https:\/\/tippingpoints.life\/wp-content\/uploads\/2019\/11\/programm-tp1_fin-1-1536x1085.jpg 1536w, https:\/\/tippingpoints.life\/wp-content\/uploads\/2019\/11\/programm-tp1_fin-1-816x576.jpg 816w\" sizes=\"auto, (max-width: 500px) 100vw, 500px\" \/><br><\/a><a href=\"https:\/\/tippingpoints.convivial.garden\/wp-content\/uploads\/2019\/11\/programm-tp1_fin-1.pdf\" class=\"wp-block-file__button wp-element-button\" download aria-describedby=\"wp-block-file--media-6d4b6ccc-1c82-4223-96f3-c13ac2ca0715\">Programm vergr\u00f6\u00dfern<\/a><\/div>\n\n\n\n<p>(\u00c4nderungen vorbehalten)<\/p>\n\n\n\n<p>Das Programm besteht im Kern aus <strong>2- bis 3-st\u00fcndigen Workshops zu Methoden, Tools oder Skills, <\/strong>die in der politischen Arbeit und im Kampf f\u00fcr das Gute Leben f\u00fcr alle hilfreich sind. <strong>Diese werden ganzen Samstag und Sonntag Vormittag stattfinden.<\/strong> Inhaltliche Debatten oder Vernetzungsm\u00f6glichkeiten sollen ebenfalls ihren Platz bekommen, stehen aber nicht im Fokus. Als Auftakt gibt&#8217;s eine Podiumsdiskussion am Freitag und am sch\u00f6nsten f\u00e4nden wir, wenn <strong>Menschen von diesem gemeinsamen Beginn bis zum Abschlussessen am Sonntag dabei bleiben. <\/strong>Wer nur f\u00fcr einen Workshop dazukommt, ist nat\u00fcrlich auch herzlich willkommen &#8211; aber bitte f\u00fcllt in jedem Fall die <a href=\"https:\/\/tippingpointslife.wordpress.com\/teilnehmen\/\">Registration<\/a> aus, damit wir besser planen k\u00f6nnen!<\/p>\n\n\n\n<p>Die Beschreibungen zu den einzelnen Workshops findet ihr im Men\u00fc und <a href=\"https:\/\/tippingpointslife.wordpress.com\/pworkshops\/\">sign-up<\/a>.<\/p>\n\n\n\n<p><strong>Die grobe Programmstruktur:<\/strong><\/p>\n\n\n\n<p><strong>Freitag:<\/strong><br>16:00 Check-in \u00f6ffnet, Ankommen, Workshop-Anmeldung, Schlafpl\u00e4tze besuchen <br>18:00 Gemeinsames Essen (gegen Spende f\u00fcr Besucher*innen)<br>19:00 \u00f6ffentlich Podiumsdiskussion &#8222;Hauptsache Protest? Vielf\u00e4ltiger Widerstand in krisenhaften Zeiten&#8220; (<a href=\"https:\/\/www.facebook.com\/events\/527268878065814\/\">Mehr dazu<\/a>)<br><br><strong>Samstag<\/strong><br>Alle Workshops k\u00f6nnen unabh\u00e4ngig voneinander besucht werden und setzen keine speziellen Vorkenntnisse voraus! Pro Slot werden meist 5 Workshops laufen:<br>09:30 \u2013 12:30 \/\/ WS-Slot 1; 3h<br>12:30 &#8211; 14:00 \/\/ Mittagspause, inkl. Essen in der Vorklinik<br>14:00 \u2013 16:00 \/\/ WS-Slot 2; 2h<br>16:30 \u2013 19:00 \/\/ WS-Slot 3, 2.5h<br>19:00 &#8211; 20:30 \/\/ Abendessen<br>ab 21:00 Party im SUb, &#8222;Tanzen f\u00fcr den Systemwandel&#8220;, Mehr dazu <a href=\"https:\/\/www.facebook.com\/events\/442219326437510\/\">hier!<\/a><\/p>\n\n\n\n<p><strong>Sonntag:<\/strong><br>10:00 \u2013 12:30 \/\/ WS-Slot 4; 2.5h<br>12:30 \u2013 13:00 \/\/ Synthese und gemeinsamer Abschluss<br>Ab 13:00 \/\/ letztes gemeinsames Essen <br>dann ebenso gemeinsames Aufr\u00e4umen + gemeinsames Getr\u00e4nk mit den helfenden H\u00e4nden \ud83d\ude42<\/p>\n\n\n\n<p><strong>Restliches Jahr&#8230;<\/strong><br>&#8230; umsetzen der gelernten Methoden, Aktionen und Vernetzungen<br>&#8230; und 2020: <a href=\"https:\/\/tippingpointslife.wordpress.com\/savedate-tp2\/\">Tipping Points #2 in Salzburg<\/a>! save the date!<\/p>\n\n\n\n<p><\/p>\n\n\n\n<h2 class=\"wp-block-heading\">Workshopbeschreibungen<\/h2>\n\n\n\n<p>Am Samstag und Sonntag (Vormittag) werden <strong>\u00fcber 20 Workshops<\/strong>, verteilt auf 4 Zeitslots stattfinden! Die Anmeldung, was ihr genau besuchen wollt, erfolgt vor Ort, m\u00f6glichst am Freitag, vor oder nach der Podiumsdiskussion! Hier ist <strong>die \u00dcbersicht, <a href=\"https:\/\/tippingpoints.convivial.garden\/wp-content\/uploads\/2019\/11\/programm-tp1_fin-1.pdf\">was ist wann?<\/a><\/strong> Wer erst am Samstag kommen kann, ist auch noch willkommen, sollte sich aber m\u00f6glichst fr\u00fch anmelden (z.B. beim gemeinsamen Fr\u00fchst\u00fcck ab 08:00). <\/p>\n\n\n\n<p><strong>Klausuren und Teamwochenenden partizipativ gestalten<\/strong><br>Jede  selbstorganisierte Gruppe steht periodisch vor der Herrausforderung  gro\u00dfe (strategiesche) Entscheidungen treffen zu m\u00fcssen, die Zukunft zu  planen oder sich auszutauschen. Dabei ist es gar nicht so leicht eine  Balance aus n\u00f6tigen Informationen, Wertsch\u00e4tzung unterschiedlicher  Meinungen, Emotionen, Partizipation und Demokratie, Spa\u00df und Effizienz  zu halten. Eine Klausur ist eine n\u00fctzliche, kompakte Veranstaltung, um  R\u00e4ume f\u00fcr das alles zu schaffen. Die Organisation davon kann  \u00fcberw\u00e4ltigend oder gar un\u00fcberwindbar wirken. Wenn viele Leute an einem  Strick ziehen und mithelfen ist es jedoch gar keine Hexerei. Auch die  schwierige Programmgestaltung und Moderation kann mit etwas \u00dcbung von  vielen Menschen \u00fcbernommen werden. In diesem Workshop wollen wir die Basics der KlausurOrga (von  Infrastruktur, bis inhaltlicher Programmgestaltung) f\u00fcr  selbstorganisierte Gruppen vermitteln. <\/p>\n\n\n\n<p><strong>Finanzen h\u00e4? Finanzen w\u00e4h? Finanzen yeah!<\/strong><br>(Kein?)  Geld, Kapitalismus, Pr\u00e4kariat. Umgang mit Geld in sozialen Bewegungen  und Projekte. Nach einer kurzen philisophischen Auseinandersetzung mit dem schwierigen  Thema Geld, wenden wir uns der Gesaltung von Geld f\u00fcr usnere Zwecke zu.  Finanzantr\u00e4ge schreiben, Projekte abrechnen, Berichte schreiben &#8230;  alles unbeliebte aber wichtige Aufgaben, die das Bestehen unserer  Bewegung sichern. <\/p>\n\n\n\n<p><strong>Moderation von Gruppen und Meetings<\/strong><br>Dreht  ihr euch bei Gruppentreffen oft im Kreis? Wisst ihr nicht mehr welche  Entscheidungen getroffen wurden und wer Verantwortung f\u00fcr was  \u00fcbewrnommen hat? Reden immer wieder die selben w\u00e4hrend andere nie zu  Wort kommen?  Mit diesen Fragen wollen wir uns besch\u00e4ftigen und  gemeinsam erproben, welche Methoden in welchen Zusammenh\u00e4ngen gut  funktionieren. <\/p>\n\n\n\n<p><strong>Action!<\/strong><br>Aktionsformen im \u00dcberblick: was geht da so  zwischen Petitionen und ungehorsamen Protesten? Die Welt der Aktionsformen ist bunt und kreativ  &#8211; auf die Kombination und Abwechslung kommt es an! \ud83d\ude42<\/p>\n\n\n\n<p><strong>Von der Strategieentwicklung zur Aktion<\/strong><br>In  diesem Workshop setzen wir uns in kurzen Blitzlichtern mit den  Schritten von der Vision zu konkreten Aktionsplanung auseinander:  Theories of Chance, Strategie und Taktik, kollektives Lernen und  Reflektieren, Ziele definieren, Aktionen planen. Ziel des Workshops ist,  knappe Einblicke in verschiedene Tools und Konzepte zu geben. F\u00fcr alle,  die gerne, den \u00dcberblick haben \ud83d\ude09<\/p>\n\n\n\n<p><strong>Digitale Selbstverteidigung (f\u00fcr Anf\u00e4nger &amp; Fortgeschrittene)<\/strong><br>Im  Workshop wird gezeigt, wie man sich selber in der digitalen Welt  sch\u00fctzen kann, wenn Laptop und Smartphone ben\u00fctzt werden.Ziel sollte  sein, m\u00f6glicht wenige digitale Spuren zu hinterlassen.<\/p>\n\n\n\n<p><strong>Kenne deine Rechte!<\/strong><br>Vortrag und Diskussion zu Versammlungsrecht, rechtliche Infos, Repressionsrisiko. Fragen, die ihr immer schon zu euren Aktionsformen stellen wollt.<\/p>\n\n\n\n<p><strong>Aktionstraining Ziviler Ungehorsam<\/strong><br>Wir befinden uns in einer Sitzblockade vor einem Kohlekraftwerk (einem Waffenkonzern, einer Demo von Rechtsextremen&#8230;) und Polizist*innen beginnen die Ersten von uns wegzutragen. Die Polizei versucht uns w\u00e4hrend einer Aktion gegen die Zerst\u00f6rung eines Naturschutzgebietes f\u00fcr den Bau einer Autobahn einzukesseln. W\u00e4hrend einer Swarming-Aktion von Extinction Rebellion machen uns aggressive Autofahrer*innen zu schaffen. Bei Ende Gel\u00e4nde stehen wir pl\u00f6tzlich vor einer scheinbar un\u00fcberwindbaren Polizeikette&#8230;<br>F\u00fcr gelingende Aktionen gewaltfreien Ungehorsams ben\u00f6tigen wir gute Vorbereitung und verschiedene Aktionstechniken. Eine hervorragende Gelegenheit, um einige zu erlernen, ist dieses Training. <\/p>\n\n\n\n<p><strong>Crashkurs Projektmanagement f\u00fcr Aktivists<\/strong><br>Projekte (ob Demo, Publikation, Aktion, Kongress, Filmreihe oder Kampagne) sind komplex, zeitlich begrenzt und meist einmalig. Das h\u00f6rt sich nach  einem Rezept an, das schnell zu \u00dcberforderungen f\u00fchrt. Mit dem Crashkurs Projektmanagement und -planung f\u00fcr Aktivist*innen m\u00f6chten wir euch  zeigen, wie ihr im Voraus systematisch planen k\u00f6nnt und dadurch besser durch das Projekt navigiert. Bei uns gibt es wenig theoretischen Input. Wir nehmen uns ein potentielles Projekt und laufen einzelne Schritte  durch. Hierbei begegnen uns Definition des Projektzieles, Umfeldanalyse,  Projektzielplan, Projektstrukturplan, Meilensteinplan, Brainstorming  und weitere unterst\u00fctzende Werkzeuge.<\/p>\n\n\n\n<p><strong>Aktiv sein und bleiben &#8211; was braucht es daf\u00fcr?<\/strong><br>Was  bedeutet nachhaltiger Aktivismus f\u00fcr mich und f\u00fcr uns? Und was hat das  mit dem Guten Leben f\u00fcr Alle zu tun, f\u00fcr das wir uns einsetzen?  In diesem Workshop erkunden wir gemeinsam Antworten auf die Frage, wie  sich politisches Engagement so gestalten l\u00e4sst, dass es uns damit  langfristig gut geht. Neben Basics f\u00fcr individuelle Selbstf\u00fcrsorge  konzentrieren wir uns dabei auf die kollektive Ebene &#8211; wie k\u00f6nnte  zukunftsf\u00e4hige Bewegungskultur aussehen? Und was k\u00f6nnen wir daf\u00fcr von  anderen Bewegungen lernen?<\/p>\n\n\n\n<p><strong>Tipping Points Vol2: Kick Off<\/strong><br>Nach Tipping Points ist vor Tipping Points! Du findest das eine gute Sache  und kannst dir vorstellen, bei der n\u00e4chsten Ausgabe mitzumachen? Hast vielleicht den Klausuren-Organisieren oder Projektmanagement-Workshop  gemacht und suchst ein konkretes Beispiel? \ud83d\ude09 Oder wir machen ein lockeres gemeinsames Kick-Off-Treffen. Der Termin f\u00fcr TP#2 im M\u00e4rz 2020 steht schon, werden wir gemeinsam zum Kipppunkt!<\/p>\n\n\n\n<p><strong>(Pro-)feministisches Kommunikationstraining (f\u00fcr Beginner*innen)<\/strong><br>Anhand  von Musikbeispielen, Inputs und der Reflexionsleistung der Gruppe  sollen eigene Positionierungen und Eingebundenheit in Machtverh\u00e4ltnisse  bewusst gemacht, sowie gemeinsame M\u00f6glichkeiten f\u00fcr eine  diskriminierungsfreiere Kommunikation erarbeitet und diskutiert werden.<\/p>\n\n\n\n<p><strong>Ein Workshop-Workshop: Was passiert vor und hinter den Kulissen?<\/strong><br>Du  m\u00f6chtest f\u00fcr Schulen, Kinder- und Jugendgruppen Workshops anbieten, wei\u00dft aber nicht, wie du dein Wissen verst\u00e4ndlich und packend vermitteln kannst? \u201eVor den Kulissen\u201c: Wir werden gemeinsam einen Workshop zum Thema  \u201eKlimaschutz\u201c machen, in dem ihr verschiedene praktische Methoden zur  Wissensvermittlung kennenlernt \u2013 nach den Grunds\u00e4tzen des Globalen  Lernens sowie \u201emit Hirn, Herz und Hand\u201c.  \u201eHinter den Kulissen\u201c: Zwischen den Methoden werden wir auch hinter die  Kulissen blicken. Dort finden etliche p\u00e4dagogisch-didaktische Planungen  &amp; Prozesse statt, die f\u00fcr den Erfolg jedes Workshops ma\u00dfgebend sind.  Hier erf\u00e4hrst du \u00fcber mehr \u00fcber &#8211; die Basics der didaktischen Planung  &#8211; den Aufbau eines gelungenen Workshops &#8211; Gruppendynamiken &#8211; die Kunst, Arbeitsauftr\u00e4ge zu gestalten!! Da ihr in Kleingruppen Kurzfilme drehen werdet, bitte aufgeladene Smartphones und wenn m\u00f6glich ein Verbindungskabel mitbringen!!<\/p>\n\n\n\n<p><strong>Wie krieg ich meine Aktion easy in die Zeitung? Erfolgreiche Pressearbeit f\u00fcr Aktivist*innen <\/strong><br>Ihr seid wieder auf der Stra\u00dfe, habt den wildesten Flashmob \/ die gr\u00f6\u00dfte Demo \/ das geilste Banner \/ die kreativste Blockade \/ die beste Vernetzungskonferenz des Jahres organisiert, aber wenn jetzt auch noch dar\u00fcber berichtet werden w\u00fcrde, k\u00f6nntet ihr 1000 mal mehr Menschen erreichen? Massenmedien spielen immer noch eine zentrale Rolle f\u00fcr die \u00f6ffentliche Meinungsbildung. Mit ein paar einfachen Tricks schreibt ihr eure eigenen Presseaussendung und findet raus, was die Presse braucht, um drauf anzuspringen.<\/p>\n\n\n\n<p><strong>Transformative Gerechtigkeit und kollektive Verantwortungs\u00fcbernahme<\/strong><br>Wie k\u00f6nnen wir mit Gewalt (z.B. sexualisierter Gewalt oder Rassismus) in unseren Gemeinschaften umgehen, ohne die Polizei zu rufen? Wie k\u00f6nnen wir kollektiv Verantwortung \u00fcbernehmen, anstatt diese abzugeben?  Wie sieht Gerechtigkeit aus, ohne Strafe und Gef\u00e4ngnis? Wir diskutieren die Theorie und Praxis von transformativer Gerechtigkeit und kollektiver Verantwortungs\u00fcbernahme bei Gewalt und Konflikten.<\/p>\n\n\n\n<p><strong>Kampagne &#8211; was ist das und wie geht das?<\/strong><br>Einzelne Aktionen entfalten ihre politische Wirkung oft erst, wenn sie in l\u00e4ngerfristige, durchdachte Kampagnen eingebettet sind. Was Kampagnen auszeichnet, warum es sinnvoll ist, strategisch zu planen und welche Analysen wir daf\u00fcr brauchen, erf\u00e4hrst du in diesem Workshop. Das Format ist inputorientiert mit interaktien Formaten. Wenn es konkrete Beispiele gibt, an denen ihr gerade arbeiten wollt, gerne \ud83d\ude42<\/p>\n\n\n\n<p><strong>Speak Your Truth \u2013 A Place for Pain (2.5hrs)<\/strong><br>The importance of honouring pain in terms of sustainable activism is that we neither block our emotions to \u2018get the job done\u2019 of \u2018saving the planet\u2019 or give ourselves up to them entirely and let our actions be soley fuelled by such motivation. When action is purely led by despair\/anger etc it can easily lead to burnout among other things. By releasing what we might consider as \u2018negative\u2019 emotions such sadness, grief &amp; despair we come to realise that that we are not alone and also others hold the same deep concerns as us. In sharing our inner responses to what is going on we become stronger, more connected and can move forward from a more grounded place within ourselves. <br>Certified Work That Reconnects facilitator, Sarah Sea is inviting you to join her on a guided journey into The Truth Mandala and beyond. This workshop will be conducted in English, but feel free to respond in the language you feel most comfortable with. Please bring water, journal and colours if you have.<\/p>\n\n\n\n<p><strong>Far from Marooned in the Present \u2013 We are Deep Time (2hrs)<\/strong><br>In the westernised modern societies of the world, the way in which people relate to time is completely unique in history. The measure of time used to be based on changing seasons, sun-rising and setting, wheeling stars\u2026 but now reinforced through the work places and society at large we have become cut off from natural rhythms in favour of economy and productivity. For such reasons and quite possibly huge topics such as the global climate crisis, nuclear disaster and other life threatening events, we seemed to have crippled our capacity to imagine a long-term future. Through Deep Time work and leaning into the concept of \u2018The 7 Generations\u2019 we will explore our relationship to time, investigate the connection we have to our ancestors and explore what kind of ancestors we want to be to the future generations. This is a great way to come to understand our sustainability as activists in the context of the continuum that we are embedded in, we have our part to play in the bigger picture but not all the emphasis is entirely on us to save the planet.<br>This workshop will be fun and meaningful, involve discussion, movement and some role-play. Certified Work That Reconnects facilitator, Sarah Sea is inviting you to come join and dare to dream! Please bring water, your journal and colours if you have.<\/p>","protected":false},"excerpt":{"rendered":"<p>Tipping Points fand 2019 das erste Mal &#8211; in Graz &#8211; statt und unterst\u00fctzte mit \u00fcber 20 Workshops zu Skills und Methoden knapp 100 Menschen aus verschiedenen progressiven politischen Bewegungen in ihrer Arbeit. Aber es gibt noch noch viel zu tun im Kampf f\u00fcr das Gute Leben f\u00fcr Alle und in Anbetracht der katastrophalen Klimakrise!Gerade&hellip;&nbsp;<a href=\"https:\/\/tippingpoints.life\/en\/tp1\/\" rel=\"bookmark\">Read More &raquo;<span class=\"screen-reader-text\">TP1 &#8211; 11\/2020<\/span><\/a><\/p>","protected":false},"author":2,"featured_media":0,"parent":0,"menu_order":0,"comment_status":"closed","ping_status":"closed","template":"","meta":{"neve_meta_sidebar":"","neve_meta_container":"","neve_meta_enable_content_width":"","neve_meta_content_width":0,"neve_meta_title_alignment":"","neve_meta_author_avatar":"","neve_post_elements_order":"","neve_meta_disable_header":"","neve_meta_disable_footer":"","neve_meta_disable_title":"","footnotes":""},"class_list":["post-37","page","type-page","status-publish","hentry"],"_links":{"self":[{"href":"https:\/\/tippingpoints.life\/en\/wp-json\/wp\/v2\/pages\/37","targetHints":{"allow":["GET"]}}],"collection":[{"href":"https:\/\/tippingpoints.life\/en\/wp-json\/wp\/v2\/pages"}],"about":[{"href":"https:\/\/tippingpoints.life\/en\/wp-json\/wp\/v2\/types\/page"}],"author":[{"embeddable":true,"href":"https:\/\/tippingpoints.life\/en\/wp-json\/wp\/v2\/users\/2"}],"replies":[{"embeddable":true,"href":"https:\/\/tippingpoints.life\/en\/wp-json\/wp\/v2\/comments?post=37"}],"version-history":[{"count":4,"href":"https:\/\/tippingpoints.life\/en\/wp-json\/wp\/v2\/pages\/37\/revisions"}],"predecessor-version":[{"id":4618,"href":"https:\/\/tippingpoints.life\/en\/wp-json\/wp\/v2\/pages\/37\/revisions\/4618"}],"wp:attachment":[{"href":"https:\/\/tippingpoints.life\/en\/wp-json\/wp\/v2\/media?parent=37"}],"curies":[{"name":"wp","href":"https:\/\/api.w.org\/{rel}","templated":true}]}}