{"id":3460,"date":"2022-05-12T08:32:20","date_gmt":"2022-05-12T06:32:20","guid":{"rendered":"https:\/\/tippingpoints.life\/?page_id=3460"},"modified":"2025-11-16T17:42:35","modified_gmt":"2025-11-16T16:42:35","slug":"tp7-rahmenprogramm","status":"publish","type":"page","link":"https:\/\/tippingpoints.life\/en\/tp7-rahmenprogramm\/","title":{"rendered":"TP7 &#8211; Rahmenprogramm"},"content":{"rendered":"<p>Neben Workshops bietet Tipping Points einiges an Vernetzungsm\u00f6glichkeit, Freizeit und inhaltliche Inspirationen. <\/p>\n\n\n<p class=\"has-text-align-center has-black-color has-white-background-color has-text-color has-background\"><strong>Freitag, 17. Juni 2022<\/strong><\/p>\n\n\n<p><strong>19:00:<\/strong> Er\u00f6ffnung und erstes Kennenlernen der Anwesenden<br>Durch das Format des &#8222;Speed-Friending&#8220; k\u00f6nnen die Anwesenden in kurzer Zeit mehreren anderen ein erstes mal begegnen. Durch anregende Fragen werden Gespr\u00e4che angerissen, die im Laufe des Wochenendes weitergef\u00fchrt werden k\u00f6nnen. <\/p>\n\n\n<div class=\"wp-block-columns is-layout-flex wp-container-core-columns-is-layout-9d6595d7 wp-block-columns-is-layout-flex\">\n<div class=\"wp-block-column is-layout-flow wp-block-column-is-layout-flow\" style=\"flex-basis:33.33%;\">\n<figure class=\"wp-block-image size-large\"><img loading=\"lazy\" decoding=\"async\" width=\"816\" height=\"776\" src=\"https:\/\/tippingpoints.convivial.garden\/wp-content\/uploads\/2022\/05\/bildschirmfoto-von-2022-05-12-08-38-21.png?w=816\" alt=\"\" class=\"wp-image-3478\" srcset=\"https:\/\/tippingpoints.life\/wp-content\/uploads\/2022\/05\/bildschirmfoto-von-2022-05-12-08-38-21.png 816w, https:\/\/tippingpoints.life\/wp-content\/uploads\/2022\/05\/bildschirmfoto-von-2022-05-12-08-38-21-300x285.png 300w, https:\/\/tippingpoints.life\/wp-content\/uploads\/2022\/05\/bildschirmfoto-von-2022-05-12-08-38-21-768x730.png 768w\" sizes=\"auto, (max-width: 816px) 100vw, 816px\" \/><\/figure>\n<\/div>\n\n\n<div class=\"wp-block-column is-layout-flow wp-block-column-is-layout-flow\" style=\"flex-basis:66.66%;\">\n<p><strong>20:00:<\/strong> Interaktives Podium: <strong>Naturgewalt, Staatsgewalt, h\u00e4usliche Gewalt: eine kollektive Analyse des Gewaltbegriffs<\/strong><\/p>\n\n\n<p><strong>When<\/strong>: Freitag, 17. Juni 2022, 20:00<br><strong>Wo<\/strong>: Jahnstra\u00dfe 5, 6020 Innsbruck, Festsaal der Waldorfschule&nbsp;<\/p>\n<\/div>\n<\/div>\n\n\n<p>In sozialen Bewegungen ist die Frage nach Gewalt oft eine Gretchenfrage: sind unsere Aktionen gewaltfrei? Was bedeutet das eigentlich? Gibt es zwischenmenschliche Handlungen ohne Gewalt? K\u00f6nnen wir uns ohne Gewalt gegen ein gewaltvolles System wehren? Und was ist mit all der Gewalt, die auf den ersten Blick nicht sichtbar ist, ob strukturelle, verbale, psychische Gewalt?<\/p>\n\n\n<p>Zu dieser partizipativen Diskussion mit Podium haben wir einige Menschen eingeladen, die aus den unterchiedlichsten Richtungen zum Thema &#8222;Gewalt&#8220; arbeiten. Sie werden uns jeweils einen kurzen Impuls zu ihrem Standpunkt geben. Danach werden verschiedene Aspekte in Kleingruppen diskutiert und zum Schluss durch Fazits der G\u00e4ste wieder am Podium vereinigt.&nbsp;<\/p>\n\n\n<p>Um aus den unterschiedlichsten Gewaltspiralen auszubrechen, in denen wir alle leben, brauchen wir kreative und mutige L\u00f6sungen: lasst euch mit uns auf dieses kreative und mutige Format ein und stellen wir uns Diskussionen mit Neugierde und Wertsch\u00e4tzung.<\/p>\n\n\n<p><strong>G\u00e4ste<\/strong>: <\/p>\n\n\n<ul class=\"wp-block-list\"><li>Mar_ry (Feministisches Aktionskolletiv)<\/li><li>Kauds (A-Rabatts Kollektiv f\u00fcr Transformative Gerechtigkeit)<\/li><li>Jana (JACK Kollektiv)<\/li><li>Birgitt Haller (Institut f\u00fcr Konfliktforschung)<\/li><li>Kim Hesterberg (Catcalls of Innsbruck)<\/li><\/ul>\n\n\n<p class=\"has-text-align-center has-black-color has-white-background-color has-text-color has-background\"><strong>Samstag, 18. Juni 2022<\/strong><\/p>\n\n\n<div class=\"wp-block-columns is-layout-flex wp-container-core-columns-is-layout-9d6595d7 wp-block-columns-is-layout-flex\">\n<div class=\"wp-block-column is-layout-flow wp-block-column-is-layout-flow\" style=\"flex-basis:66.66%;\">\n<p><strong>19:00:<\/strong> Film: <strong><a rel=\"noreferrer noopener\" href=\"https:\/\/filmpurple.com\/de\/\" target=\"_blank\">Start Wearing Purple<\/a><\/strong><br><strong>Wo<\/strong>: Jahnstra\u00dfe 5, 6020 Innsbruck<br><br>Statt auf die Politik zu warten, entscheiden sich die Berlinerinnen und Berliner f\u00fcr Eigeninitiative und schlie\u00dfen sich zusammen, um ihre H\u00e4user von Gro\u00dfinvestoren zur\u00fcckzubekommen.<\/p>\n<\/div>\n\n\n<div class=\"wp-block-column is-layout-flow wp-block-column-is-layout-flow\" style=\"flex-basis:33.33%;\">\n<figure class=\"wp-block-image size-large\"><img decoding=\"async\" src=\"https:\/\/tippingpoints.convivial.garden\/wp-content\/uploads\/2022\/05\/bildschirmfoto-von-2022-05-12-08-26-25-1.png?w=1024\" alt=\"\" class=\"wp-image-3468\" \/><\/figure>\n<\/div>\n<\/div>\n\n\n<p>Der Dokumentarfilm <strong>Start Wearing Purple<\/strong> folgt einer <a rel=\"noreferrer noopener\" href=\"https:\/\/www.dwenteignen.de\" target=\"_blank\">inspirierenden und erfrischenden Bewegung<\/a>, die das Verst\u00e4ndnis von Hausbesitz und Eigentum \u00fcberall auf den Kopf stellen k\u00f6nnte.<\/p>\n\n\n<p id=\"E54\">F\u00fcnf Berliner*innen mit verschiedensten Hintergr\u00fcnden und Lebensgeschichten finden sich zwischen fast zweitausend engagierten Menschen wieder, um gemeinsam f\u00fcr die gleiche Sache zu k\u00e4mpfen. Obwohl sich ihre pers\u00f6nlichen Beweggr\u00fcnde unterscheiden, glauben sie daran, die gr\u00f6\u00dften Immobilienunternehmen der Stadt enteignen k\u00f6nnen und Wohnraum wieder bezahlbar zu machen.<\/p>\n\n\n<p id=\"E58\">Der Dokumentarfilm <strong>Start Wearing Purple<\/strong> zeigt, was diese ansonsten sehr gew\u00f6hnlichen Menschen antreibt, trotz aller R\u00fcckschl\u00e4ge hartn\u00e4ckig zu bleiben und an ein Ziel zu glauben, dass die Verh\u00e4ltnisse in ihrer Stadt, ihrem Land und letztlich \u00fcberall nachhaltig \u00e4ndern k\u00f6nnte.<\/p>\n\n\n<p><\/p>\n\n\n<div class=\"wp-block-columns is-layout-flex wp-container-core-columns-is-layout-9d6595d7 wp-block-columns-is-layout-flex\">\n<div class=\"wp-block-column is-layout-flow wp-block-column-is-layout-flow\" style=\"flex-basis:33.33%;\">\n<figure class=\"wp-block-image size-large\"><img loading=\"lazy\" decoding=\"async\" width=\"992\" height=\"904\" src=\"https:\/\/tippingpoints.convivial.garden\/wp-content\/uploads\/2022\/05\/bildschirmfoto-von-2022-05-12-08-30-29.png?w=992\" alt=\"\" class=\"wp-image-3471\" srcset=\"https:\/\/tippingpoints.life\/wp-content\/uploads\/2022\/05\/bildschirmfoto-von-2022-05-12-08-30-29.png 992w, https:\/\/tippingpoints.life\/wp-content\/uploads\/2022\/05\/bildschirmfoto-von-2022-05-12-08-30-29-300x273.png 300w, https:\/\/tippingpoints.life\/wp-content\/uploads\/2022\/05\/bildschirmfoto-von-2022-05-12-08-30-29-768x700.png 768w, https:\/\/tippingpoints.life\/wp-content\/uploads\/2022\/05\/bildschirmfoto-von-2022-05-12-08-30-29-816x744.png 816w\" sizes=\"auto, (max-width: 992px) 100vw, 992px\" \/><\/figure>\n<\/div>\n\n\n<div class=\"wp-block-column is-layout-flow wp-block-column-is-layout-flow\" style=\"flex-basis:66.66%;\">\n<p><strong>21:00:<\/strong> Party <br><strong>Wo<\/strong>: <a rel=\"noreferrer noopener\" href=\"https:\/\/rififi.webflow.io\/partykeller\" target=\"_blank\">Rififi<\/a>, Sch\u00f6pfstra\u00dfe 14, 6020 Innsbruck<br><br>Fridgebitch and the Drain Society kommen aus den Wiener Untergr\u00fcnden des Kanals und besingen dessen tiefe Melancholie in fragiler Zweistimmigkeit, welche dann in einem Ger\u00e4uschmeer m\u00fcnden kann.<\/p>\n<\/div>\n<\/div>\n\n\n<p>Leider hat Fridgebitch krankheitsbedingt absagen m\u00fcssen. Stattdessen gibt es Auflegerei vom Team und co. <\/p>\n\n\n<p class=\"has-text-align-center has-black-color has-white-background-color has-text-color has-background\"><strong>Sonntag, 19. Juni 2022<\/strong><\/p>\n\n\n<p>Sonntag nach den letzten Workshops gibt es einen gemeinsamen Abschluss. Wir h\u00f6ren die inhaltlichen Highlights und AHAs des Wochenendes, tauschen uns \u00fcber die Umsetzung des Gelernten aus und W\u00fcnschen uns viel Erfolg auf den n\u00e4chsten Wegen. <br>Zum Schluss, kann noch beim Aufr\u00e4umen geholfen werden. <\/p>","protected":false},"excerpt":{"rendered":"<p>Neben Workshops bietet Tipping Points einiges an Vernetzungsm\u00f6glichkeit, Freizeit und inhaltliche Inspirationen. Freitag, 17. Juni 2022 19:00: Er\u00f6ffnung und erstes Kennenlernen der AnwesendenDurch das Format des &#8222;Speed-Friending&#8220; k\u00f6nnen die Anwesenden in kurzer Zeit mehreren anderen ein erstes mal begegnen. Durch anregende Fragen werden Gespr\u00e4che angerissen, die im Laufe des Wochenendes weitergef\u00fchrt werden k\u00f6nnen. 20:00: Interaktives&hellip;&nbsp;<a href=\"https:\/\/tippingpoints.life\/en\/tp7-rahmenprogramm\/\" rel=\"bookmark\">Read More &raquo;<span class=\"screen-reader-text\">TP7 &#8211; Rahmenprogramm<\/span><\/a><\/p>","protected":false},"author":2,"featured_media":0,"parent":0,"menu_order":0,"comment_status":"closed","ping_status":"closed","template":"","meta":{"neve_meta_sidebar":"","neve_meta_container":"","neve_meta_enable_content_width":"","neve_meta_content_width":0,"neve_meta_title_alignment":"","neve_meta_author_avatar":"","neve_post_elements_order":"","neve_meta_disable_header":"","neve_meta_disable_footer":"","neve_meta_disable_title":"","footnotes":""},"class_list":["post-3460","page","type-page","status-publish","hentry"],"_links":{"self":[{"href":"https:\/\/tippingpoints.life\/en\/wp-json\/wp\/v2\/pages\/3460","targetHints":{"allow":["GET"]}}],"collection":[{"href":"https:\/\/tippingpoints.life\/en\/wp-json\/wp\/v2\/pages"}],"about":[{"href":"https:\/\/tippingpoints.life\/en\/wp-json\/wp\/v2\/types\/page"}],"author":[{"embeddable":true,"href":"https:\/\/tippingpoints.life\/en\/wp-json\/wp\/v2\/users\/2"}],"replies":[{"embeddable":true,"href":"https:\/\/tippingpoints.life\/en\/wp-json\/wp\/v2\/comments?post=3460"}],"version-history":[{"count":2,"href":"https:\/\/tippingpoints.life\/en\/wp-json\/wp\/v2\/pages\/3460\/revisions"}],"predecessor-version":[{"id":5955,"href":"https:\/\/tippingpoints.life\/en\/wp-json\/wp\/v2\/pages\/3460\/revisions\/5955"}],"wp:attachment":[{"href":"https:\/\/tippingpoints.life\/en\/wp-json\/wp\/v2\/media?parent=3460"}],"curies":[{"name":"wp","href":"https:\/\/api.w.org\/{rel}","templated":true}]}}