{"id":2998,"date":"2021-11-18T18:07:32","date_gmt":"2021-11-18T16:07:32","guid":{"rendered":"https:\/\/tippingpoints.life\/?page_id=2998"},"modified":"2024-09-11T17:51:47","modified_gmt":"2024-09-11T15:51:47","slug":"medienberichte","status":"publish","type":"page","link":"https:\/\/tippingpoints.life\/en\/medienberichte\/","title":{"rendered":"News clippings (German only)"},"content":{"rendered":"<ul class=\"wp-block-list\">\n<li class=\"translation-block\">Recording of the opening panel discussion at Tipping Points #10 in Graz:<a href=\"https:\/\/mosaik-blog.at\/soziale-bewegungen-linke-parteien\/\" target=\"_self\">Er\u00f6ffnungspodium von Tipping Points #10 in Graz:Social movements and left-wing parties.\u201d<\/a> \u201c (June 2024)<\/li>\n\n\n\n<li>Interview <a href=\"https:\/\/mosaik-blog.at\/tipping-points-mit-respekt-und-konstruktivitaet\/\">mit Mosaik-Blog<\/a> zur Jubil\u00e4umsausgabe, Juni 2024<\/li>\n\n\n\n<li>Unser &#8222;Revolutions-Hack&#8220; im <a href=\"https:\/\/www.podbean.com\/ep\/pb-s49bb-15b2568\">Macht-Man\u00f6ver Podcast<\/a>.<\/li>\n\n\n\n<li><a href=\"https:\/\/cba.media\/652950\">Interview bei &#8222;von unten&#8220;,<\/a> dem Nachrichten Magazin von Radio Helsinki, J\u00e4nner 2024<\/li>\n\n\n\n<li>&#8222;<a href=\"https:\/\/tippingpoints.convivial.garden\/wp-content\/uploads\/2022\/07\/tp-kontraste.pdf\" target=\"_blank\" rel=\"noreferrer noopener\">F\u00fcr den Wandel m\u00fcssen wir Vieles k\u00f6nnen<\/a>&#8222;, contraste.  Magazin f\u00fcr Selbstorganisation, 05.2022<\/li>\n<\/ul>\n\n\n\n<figure class=\"wp-block-image size-large is-resized\"><a href=\"https:\/\/tippingpoints.convivial.garden\/wp-content\/uploads\/2022\/07\/tp-kontraste.pdf\"><img loading=\"lazy\" decoding=\"async\" width=\"788\" height=\"685\" src=\"https:\/\/tippingpoints.convivial.garden\/wp-content\/uploads\/2022\/07\/tp-kontraste.jpg?w=788\" alt=\"\" class=\"wp-image-3608\" style=\"width:455px;height:396px\" srcset=\"https:\/\/tippingpoints.life\/wp-content\/uploads\/2022\/07\/tp-kontraste.jpg 788w, https:\/\/tippingpoints.life\/wp-content\/uploads\/2022\/07\/tp-kontraste-300x261.jpg 300w, https:\/\/tippingpoints.life\/wp-content\/uploads\/2022\/07\/tp-kontraste-768x668.jpg 768w\" sizes=\"auto, (max-width: 788px) 100vw, 788px\" \/><\/a><\/figure>\n\n\n\n<ul class=\"wp-block-list\">\n<li>&#8222;<a rel=\"noreferrer noopener\" href=\"https:\/\/www.dorftv.at\/video\/36558\" target=\"_blank\">Tipping Points Podiumsdiskussion: Br\u00fccken statt Stra\u00dfen bauen<\/a>&#8220; auf DorfTV, 12.11.2021<\/li>\n\n\n\n<li>&#8222;<a rel=\"noreferrer noopener\" href=\"https:\/\/mosaik-blog.at\/bewegungen-wissensweitergabe-aktivismus-beratung\/\" target=\"_blank\">4 Tipps f\u00fcr den Aufbau von schlagkr\u00e4ftigen Bewegungen<\/a>&#8222;, im Mosaik-Blog, 09.11.2021<\/li>\n\n\n\n<li>&#8222;<a rel=\"noreferrer noopener\" href=\"https:\/\/systemchange-not-climatechange.at\/de\/redikal-9-tipping-points-skills-und-methoden-fuer-soziale-bewegungen\/\" target=\"_blank\">Tipping Points \u2013 Skills und Methoden f\u00fcr soziale Bewegunge<\/a>n&#8220; im Podcast: Redikal, 1.06.2021<\/li>\n\n\n\n<li>&#8222;<a rel=\"noreferrer noopener\" href=\"https:\/\/homo-activus.org\/2021\/05\/12\/bewegungsaufbau-und-skillshare\/\" target=\"_blank\">Bewegungsaufbau am Beispiel der Tipping Points-Reihe<\/a>&#8220; im Podcast: Homo Activus, 12.05.2021<\/li>\n\n\n\n<li>&#8222;<a rel=\"noreferrer noopener\" href=\"https:\/\/cba.fro.at\/474175\" target=\"_blank\">Tipping Points \u2013 Skills und Methoden f\u00fcr soziale Bewegungen<\/a>&#8220; auf Radio Tipping Points bei Radio Orange, 13.10.2020<\/li>\n\n\n\n<li>&#8222;<a rel=\"noreferrer noopener\" href=\"https:\/\/anchor.fm\/unterpalmenpodcast\/episodes\/Aufgebacken-Tipping-Points--Die-Corona-Frontlines-eds0hk\/a-a25f3nt\" target=\"_blank\">Aufgebacken: Tipping Points \u2013 Die Corona-Frontlines<\/a>&#8220; im Schirmchen und Str\u00e4usel Podcast von Unter Palmen, 10.05.2020<\/li>\n\n\n\n<li>&#8222;<a rel=\"noreferrer noopener\" href=\"https:\/\/tippingpoints.convivial.garden\/wp-content\/uploads\/2021\/11\/2020_04.pdf\" target=\"_blank\">Tipping Points &#8211; das Workshop Wochenende<\/a>&#8222;, contraste. Magazin f\u00fcr Selbstorganisation, 04.2020<\/li>\n<\/ul>\n\n\n\n<h2 class=\"wp-block-heading\" id=\"fotos\"><strong>Photos<\/strong><\/h2>\n\n\n\n<p class=\"translation-block\">Photos from our physical events can be found on Flickr and are freely available: <a rel=\"noreferrer noopener\" href=\"https:\/\/www.flickr.com\/photos\/194421818@N07\/albums\" target=\"_blank\">https:\/\/www.flickr.com\/photos\/194421818@N07\/albums<\/a><\/p>\n\n\n\n<h2 class=\"wp-block-heading\" id=\"videos\">Videos - with subtitles in EN<\/h2>\n\n\n\n<figure class=\"wp-block-embed is-type-video is-provider-youtube wp-block-embed-youtube wp-embed-aspect-16-9 wp-has-aspect-ratio\"><div class=\"wp-block-embed__wrapper\">\n<div class=\"nv-iframe-embed\"><iframe loading=\"lazy\" title=\"Tipping Points: Skills und Methoden f\u00fcr soziale Bewegungen\" width=\"1200\" height=\"675\" src=\"https:\/\/www.youtube.com\/embed\/TwP0PkLVl54?feature=oembed\" frameborder=\"0\" allow=\"accelerometer; autoplay; clipboard-write; encrypted-media; gyroscope; picture-in-picture; web-share\" referrerpolicy=\"strict-origin-when-cross-origin\" allowfullscreen><\/iframe><\/div>\n<\/div><figcaption class=\"wp-element-caption\">Das ist Tipping Points<\/figcaption><\/figure>\n\n\n\n<ul class=\"wp-block-list\">\n<li><a rel=\"noreferrer noopener\" href=\"https:\/\/www.youtube.com\/watch?v=9bM4mM6kfLk&amp;ab_channel=SystemChange%2CnotClimateChange%21\" target=\"_blank\">Mobi-Video<\/a> Tipping Points #5, 09.06.2021<\/li>\n<\/ul>\n\n\n\n<div class=\"wp-block-columns is-layout-flex wp-container-core-columns-is-layout-9d6595d7 wp-block-columns-is-layout-flex\">\n<div class=\"wp-block-column is-layout-flow wp-block-column-is-layout-flow\" style=\"flex-basis:66.66%\">\n<figure class=\"wp-block-image size-large\"><img loading=\"lazy\" decoding=\"async\" width=\"802\" height=\"886\" src=\"https:\/\/tippingpoints.convivial.garden\/wp-content\/uploads\/2021\/11\/screen-shot-2021-11-18-at-17.08.30.png?w=802\" alt=\"\" class=\"wp-image-3004\" srcset=\"https:\/\/tippingpoints.life\/wp-content\/uploads\/2021\/11\/screen-shot-2021-11-18-at-17.08.30.png 802w, https:\/\/tippingpoints.life\/wp-content\/uploads\/2021\/11\/screen-shot-2021-11-18-at-17.08.30-272x300.png 272w, https:\/\/tippingpoints.life\/wp-content\/uploads\/2021\/11\/screen-shot-2021-11-18-at-17.08.30-768x848.png 768w\" sizes=\"auto, (max-width: 802px) 100vw, 802px\" \/><\/figure>\n<\/div>\n\n\n\n<div class=\"wp-block-column is-layout-flow wp-block-column-is-layout-flow\" style=\"flex-basis:33.33%\">\n<figure class=\"wp-block-image size-large\"><img decoding=\"async\" src=\"https:\/\/tippingpoints.convivial.garden\/wp-content\/uploads\/2021\/11\/img_7275.jpg?w=1024\" alt=\"\" class=\"wp-image-3006\"\/><\/figure>\n<\/div>\n<\/div>","protected":false},"excerpt":{"rendered":"<p>Fotos Fotos von unseren pysischen Events sind auf Flickr zu finden und zur freien Verf\u00fcgung: https:\/\/www.flickr.com\/photos\/194421818@N07\/albums Videos<\/p>","protected":false},"author":2,"featured_media":0,"parent":0,"menu_order":0,"comment_status":"closed","ping_status":"closed","template":"","meta":{"neve_meta_sidebar":"","neve_meta_container":"","neve_meta_enable_content_width":"","neve_meta_content_width":0,"neve_meta_title_alignment":"","neve_meta_author_avatar":"","neve_post_elements_order":"","neve_meta_disable_header":"","neve_meta_disable_footer":"","neve_meta_disable_title":"","footnotes":""},"class_list":["post-2998","page","type-page","status-publish","hentry"],"_links":{"self":[{"href":"https:\/\/tippingpoints.life\/en\/wp-json\/wp\/v2\/pages\/2998","targetHints":{"allow":["GET"]}}],"collection":[{"href":"https:\/\/tippingpoints.life\/en\/wp-json\/wp\/v2\/pages"}],"about":[{"href":"https:\/\/tippingpoints.life\/en\/wp-json\/wp\/v2\/types\/page"}],"author":[{"embeddable":true,"href":"https:\/\/tippingpoints.life\/en\/wp-json\/wp\/v2\/users\/2"}],"replies":[{"embeddable":true,"href":"https:\/\/tippingpoints.life\/en\/wp-json\/wp\/v2\/comments?post=2998"}],"version-history":[{"count":5,"href":"https:\/\/tippingpoints.life\/en\/wp-json\/wp\/v2\/pages\/2998\/revisions"}],"predecessor-version":[{"id":5176,"href":"https:\/\/tippingpoints.life\/en\/wp-json\/wp\/v2\/pages\/2998\/revisions\/5176"}],"wp:attachment":[{"href":"https:\/\/tippingpoints.life\/en\/wp-json\/wp\/v2\/media?parent=2998"}],"curies":[{"name":"wp","href":"https:\/\/api.w.org\/{rel}","templated":true}]}}