{"id":2541,"date":"2021-06-14T15:41:17","date_gmt":"2021-06-14T13:41:17","guid":{"rendered":"https:\/\/tippingpoints.life\/?page_id=2541"},"modified":"2024-06-17T13:45:37","modified_gmt":"2024-06-17T11:45:37","slug":"tp5-rahmenprogramm","status":"publish","type":"page","link":"https:\/\/tippingpoints.life\/en\/tp5-rahmenprogramm\/","title":{"rendered":"TP5 Rahmenprogramm (offline)"},"content":{"rendered":"\n<p>Neben Workshops und Vernetzung geh\u00f6rt zu einem richtigen Tipping Points nat\u00fcrlich auch ein anregendes Rahmenprogramm! Auch hier h\u00e4lt Tipping Points #5 ebenso aufregende und bunte Programmpunkte f\u00fcr euch bereit. <\/p>\n\n\n\n<p class=\"has-black-color has-white-background-color has-text-color has-background\"><span style=\"text-decoration:underline\"><strong>FREITAG:   Lesung zum Thema Flucht und Migration<\/strong><\/span><\/p>\n\n\n\n<ul class=\"wp-block-list\">\n<li><strong>ACHTUNG: Online-Stream wurde krankheitsbedingt abgesagt!<\/strong><\/li>\n\n\n\n<li><strong>Offline Screening<\/strong> in Wien: um 20:30 wird die Lesung am <strong>Platz der Menschenrechte<\/strong> \u00fcbertragen. Mit geretteten Lebensmitteln, Solidarit\u00e4t und Abstand. <\/li>\n\n\n\n<li>Du bist nicht in Wien, hast aber trotzdem Lust auf ein gemeinsames Screening in deiner Stadt? Dann schreib uns gerne eine Mail oder &#8211; noch verwegener &#8211; werde <a rel=\"noreferrer noopener\" href=\"https:\/\/tippingpointslife.wordpress.com\/tipping-hubs\/\" target=\"_blank\">Tipping Hub<\/a>!<\/li>\n<\/ul>\n\n\n\n<p>Titel: <strong>Lesung: Mein Weg vom Kongo nach Europa. Zwischen Widerstand,<\/strong> Flucht und Exil [franz\u00f6sisch mit deutscher \u00dcbersetzung]. Es lesen der Autor und der \u00dcbersetzer.<\/p>\n\n\n\n<p class=\"has-white-background-color has-background\">\u00bbEmmanuel Mbolelas Buch ist deshalb so beeindruckend, weil es nicht nur ein Buch der mutigen, detailgenauen Brandmarkung ist, sondern auch ein Buch der unausrottbaren Hoffnung. Ein Buch des Widerstandes, des Aufstandes des Gewissens.\u00ab JEAN ZIEGLER<\/p>\n\n\n\n<p>Autor: Emmanuel Mbolela und \u00dcbersetzer Alexander Behr<\/p>\n\n\n\n<div class=\"wp-block-columns is-layout-flex wp-container-core-columns-is-layout-9d6595d7 wp-block-columns-is-layout-flex\">\n<div class=\"wp-block-column is-layout-flow wp-block-column-is-layout-flow\" style=\"flex-basis:33.33%\">\n<figure class=\"wp-block-image size-large is-resized\"><img loading=\"lazy\" decoding=\"async\" src=\"https:\/\/tippingpoints.convivial.garden\/wp-content\/uploads\/2021\/05\/screen-shot-2021-05-25-at-18.21.28.png?w=498\" alt=\"\" class=\"wp-image-2324\" width=\"233\" height=\"370\" srcset=\"https:\/\/tippingpoints.life\/wp-content\/uploads\/2021\/05\/screen-shot-2021-05-25-at-18.21.28.png 498w, https:\/\/tippingpoints.life\/wp-content\/uploads\/2021\/05\/screen-shot-2021-05-25-at-18.21.28-189x300.png 189w\" sizes=\"auto, (max-width: 233px) 100vw, 233px\" \/><\/figure>\n<\/div>\n\n\n\n<div class=\"wp-block-column is-layout-flow wp-block-column-is-layout-flow\" style=\"flex-basis:66.66%\">\n<p>Emmanuel Mbolela schreibt in seiner autobiographischen Erz\u00e4hlung \u00fcber seine politische Aktivit\u00e4t im Kongo und die brutale Repression staatlicher Sicherheitsorgane, die ihn in die Emigration zwingt. Er berichtet auf eindr\u00fcckliche Weise von der Gewalt und Ausbeutung w\u00e4hrend der Flucht. Quer durch die Sahara gelangt er bis nach Marokko, wo er eine Organisation kongolesischer Fl\u00fcchtlinge mitbegr\u00fcndet. Nach vier Jahren kann er in die Niederlande ausreisen, als neue Erfahrung erweisen sich dort die extrem ausbeuterischen Arbeitsbedingungen, denen vor allem migrantische Arbeitskr\u00e4fte unterliegen.<\/p>\n\n\n\n<p><a rel=\"noreferrer noopener\" href=\"http:\/\/www.mandelbaum.at\/buch.php?id=613\" target=\"_blank\">Info und Buchbestellung<\/a>&nbsp;<\/p>\n<\/div>\n<\/div>\n\n\n\n<p>Das Offline Screening wird organisiert von&nbsp;<a rel=\"noreferrer noopener\" href=\"http:\/\/cyclecinemaclub.at\/\" target=\"_blank\">CycleCinemaClub<\/a>. Der CycleCinemaClub bringt Kino an \u00f6ffentliche Orte &#8211; unabh\u00e4ngig von Steckdosen und Kraftwerken, denn das Publikum macht den Strom! Drei Generatorr\u00e4der sorgen daf\u00fcr, dass Projektion und Ton laufen. Wer gucken will darf strampeln. Pedalpowered Cinema since 2012! cyclecinemaclub.at <br>Das hei\u00dft, wir erzeugen unseren eigenen Strom um der Lesung lauschen zu k\u00f6nnen. Es wird auch Essen von&nbsp;<a rel=\"noreferrer noopener\" href=\"https:\/\/robin-foods.org\/\" target=\"_blank\">Robin Foods<\/a>&nbsp;geben. Bringt gerne eure Friends und WGs oder teilt unser <a rel=\"noreferrer noopener\" href=\"https:\/\/www.facebook.com\/events\/267825825078696\" target=\"_blank\">event<\/a>!<\/p>\n\n\n\n<p><a href=\"#oben\">nach oben springen <\/a> <\/p>\n\n\n\n<p class=\"has-white-background-color has-background\"><span style=\"text-decoration:underline\"><strong>SAMSTAG: Picknick &amp; Poetry &amp; Tanzen gegen politische K\u00e4lte <\/strong><\/span>(Wien)<\/p>\n\n\n\n<ul class=\"wp-block-list\">\n<li>ab 18:00 <strong>Musik und Picknick <\/strong>mit Essen von <a rel=\"noreferrer noopener\" href=\"https:\/\/robin-foods.org\/\" target=\"_blank\">Robin Foods<\/a> <\/li>\n\n\n\n<li>18:30: <strong>Spoken Word Poetry<\/strong> von&nbsp;<a rel=\"noreferrer noopener\" href=\"https:\/\/www.fomp.eu\/\" target=\"_blank\">FOMB<\/a>&nbsp;+ Open Mic<\/li>\n\n\n\n<li>19:30 &#8211; 22:00: <strong>Tanzen gegen politische K\u00e4lte<\/strong> (oder Hitze) <\/li>\n\n\n\n<li>Ort: Wien, <strong>T\u00fcrkenschanzpark<\/strong>, auf der Wiese neben dem Volleyball Platz (48\u00b01403.9&#8243;N, 16\u00b02008.1&#8243;E)<\/li>\n<\/ul>\n\n\n\n<p>W\u00e4hrend des Winter-Lockdowns organisierten einige Aktivist*innen ein &#8222;Tanzen gegen politische K\u00e4lte&#8220;. Eine Standkundgebung, auf der mit Maske und Abstand gegen neoliberale Ausgrenzungspolitik und politische K\u00e4lte angetanzt wurde. In den kalten Montaten, in denen cornona-technisch wenig soziale Interaktion m\u00f6glich war, wuchsen die Versammlungen stetig an und wurden zu dringend gebrauchten, corona-sicheren Tanz- und Austauschmomenten. Jetzt tanzen wir zusammen!<\/p>\n\n\n\n<p>Davor haben wir einige Slammer*innen eingeladen, die uns ihre Texte vortragen werden. Es gibt noch ein paar freie Slots, also meldet euch gerne, wenn ihr auftreten wollt! <\/p>\n\n\n\n<p>Corona-Info: Auch wenn wir uns im Freien treffen, bestehen wir auf das Tragen von FFP2 Masken und ausreichend Abstand, soweit m\u00f6glich.<\/p>\n\n\n\n<p>Wenn du dir vorstellen kannst, ein Tanzen gegen politische K\u00e4lte (oder Hitze? \ud83d\ude09 ) in deiner Stadt zu organisieren, melde dich bei uns als <a href=\"https:\/\/tippingpointslife.wordpress.com\/tipping-hubs\/\" target=\"_blank\" rel=\"noreferrer noopener\">&#8222;Tipping Hub&#8220;<\/a>&nbsp;und wir unterst\u00fctzen gerne. Es ist keine Hexerei!<\/p>\n\n\n\n<div class=\"wp-block-columns is-layout-flex wp-container-core-columns-is-layout-9d6595d7 wp-block-columns-is-layout-flex\">\n<div class=\"wp-block-column is-layout-flow wp-block-column-is-layout-flow\">\n<figure class=\"wp-block-gallery has-nested-images columns-default is-cropped wp-block-gallery-1 is-layout-flex wp-block-gallery-is-layout-flex\">\n<figure class=\"wp-block-image size-large\"><img loading=\"lazy\" decoding=\"async\" width=\"960\" height=\"960\" data-id=\"2326\" src=\"https:\/\/tippingpoints.convivial.garden\/wp-content\/uploads\/2021\/05\/tp5_spoken-word.jpg?w=960\" alt=\"\" class=\"wp-image-2326\" srcset=\"https:\/\/tippingpoints.life\/wp-content\/uploads\/2021\/05\/tp5_spoken-word.jpg 960w, https:\/\/tippingpoints.life\/wp-content\/uploads\/2021\/05\/tp5_spoken-word-300x300.jpg 300w, https:\/\/tippingpoints.life\/wp-content\/uploads\/2021\/05\/tp5_spoken-word-150x150.jpg 150w, https:\/\/tippingpoints.life\/wp-content\/uploads\/2021\/05\/tp5_spoken-word-768x768.jpg 768w, https:\/\/tippingpoints.life\/wp-content\/uploads\/2021\/05\/tp5_spoken-word-88x88.jpg 88w, https:\/\/tippingpoints.life\/wp-content\/uploads\/2021\/05\/tp5_spoken-word-816x816.jpg 816w\" sizes=\"auto, (max-width: 960px) 100vw, 960px\" \/><\/figure>\n<\/figure>\n<\/div>\n\n\n\n<div class=\"wp-block-column is-layout-flow wp-block-column-is-layout-flow\">\n<figure class=\"wp-block-image size-large\"><img decoding=\"async\" src=\"https:\/\/tippingpoints.convivial.garden\/wp-content\/uploads\/2021\/05\/photo_2021-05-26_10-39-50-1-1.jpg?w=640\" alt=\"\" class=\"wp-image-2328\" \/><\/figure>\n<\/div>\n<\/div>\n\n\n\n<p><a href=\"#oben\">nach oben springen<\/a> <\/p>\n\n\n\n<p class=\"has-white-background-color has-background\"><strong><span style=\"text-decoration:underline\">SONNTAG: Abschlusspicknick <\/span><\/strong>(Wien)<\/p>\n\n\n\n<ul class=\"wp-block-list\">\n<li>ab 18:00 <strong>Abschlusspicknick<\/strong><\/li>\n\n\n\n<li>Ort: Wien, <strong>Marswiese,<\/strong> am Spielplatz im Schwarzenbergpark (48\u00b01419.4&#8243;N 16\u00b01629.8&#8243;E)<\/li>\n<\/ul>\n\n\n\n<p>Bevor Tipping Points in die Sommerpause geht, laden wir alle Freund*innen nochmal zum gemeinsamen Quatschen und Essen und Vernetzen ein. Es gibt Snacks von&nbsp;<a rel=\"noreferrer noopener\" href=\"https:\/\/robin-foods.org\/\" target=\"_blank\">Robin Foods<\/a>. Ihr k\u00f6nnt aber gerne auch selber was mitbringen.<\/p>\n\n\n\n<p>Los gehts direkt im Anschluss an die physischen Workshops am Sonntagnachmittag. Nat\u00fcrlich sind auch alle eingeladen, die nicht an den Workshops davor teilnehmen. Auch hier wird es gerettete Lebensmittel geben, hoffentlich gutes Wetter und auf jeden Fall viel Platz zum Kennenlernen, Austauschen und Vernetzen sein.  <\/p>\n\n\n\n<p><a href=\"#oben\">nach oben springen<\/a> <\/p>\n","protected":false},"excerpt":{"rendered":"<p>Neben Workshops und Vernetzung geh\u00f6rt zu einem richtigen Tipping Points nat\u00fcrlich auch ein anregendes Rahmenprogramm! Auch hier h\u00e4lt Tipping Points #5 ebenso aufregende und bunte Programmpunkte f\u00fcr euch bereit. FREITAG: Lesung zum Thema Flucht und Migration Titel: Lesung: Mein Weg vom Kongo nach Europa. Zwischen Widerstand, Flucht und Exil [franz\u00f6sisch mit deutscher \u00dcbersetzung]. Es lesen&hellip;&nbsp;<a href=\"https:\/\/tippingpoints.life\/en\/tp5-rahmenprogramm\/\" rel=\"bookmark\">Read More &raquo;<span class=\"screen-reader-text\">TP5 Rahmenprogramm (offline)<\/span><\/a><\/p>\n","protected":false},"author":2,"featured_media":0,"parent":0,"menu_order":0,"comment_status":"closed","ping_status":"closed","template":"","meta":{"neve_meta_sidebar":"","neve_meta_container":"","neve_meta_enable_content_width":"","neve_meta_content_width":0,"neve_meta_title_alignment":"","neve_meta_author_avatar":"","neve_post_elements_order":"","neve_meta_disable_header":"","neve_meta_disable_footer":"","neve_meta_disable_title":"","footnotes":""},"class_list":["post-2541","page","type-page","status-publish","hentry"],"_links":{"self":[{"href":"https:\/\/tippingpoints.life\/en\/wp-json\/wp\/v2\/pages\/2541","targetHints":{"allow":["GET"]}}],"collection":[{"href":"https:\/\/tippingpoints.life\/en\/wp-json\/wp\/v2\/pages"}],"about":[{"href":"https:\/\/tippingpoints.life\/en\/wp-json\/wp\/v2\/types\/page"}],"author":[{"embeddable":true,"href":"https:\/\/tippingpoints.life\/en\/wp-json\/wp\/v2\/users\/2"}],"replies":[{"embeddable":true,"href":"https:\/\/tippingpoints.life\/en\/wp-json\/wp\/v2\/comments?post=2541"}],"version-history":[{"count":2,"href":"https:\/\/tippingpoints.life\/en\/wp-json\/wp\/v2\/pages\/2541\/revisions"}],"predecessor-version":[{"id":5067,"href":"https:\/\/tippingpoints.life\/en\/wp-json\/wp\/v2\/pages\/2541\/revisions\/5067"}],"wp:attachment":[{"href":"https:\/\/tippingpoints.life\/en\/wp-json\/wp\/v2\/media?parent=2541"}],"curies":[{"name":"wp","href":"https:\/\/api.w.org\/{rel}","templated":true}]}}