{"id":2538,"date":"2021-06-14T15:39:40","date_gmt":"2021-06-14T13:39:40","guid":{"rendered":"https:\/\/tippingpoints.life\/?page_id=2538"},"modified":"2023-10-05T13:28:42","modified_gmt":"2023-10-05T11:28:42","slug":"tp5-vernetzung","status":"publish","type":"page","link":"https:\/\/tippingpoints.life\/en\/tp5-vernetzung\/","title":{"rendered":"TP5 &#8211; Vernetzung"},"content":{"rendered":"<p>Wie immer bem\u00fchen wir uns auch diesmal, den Rahmenbedingungen angemessene M\u00f6glichkeitne zur Vernetzung zu schaffen. Diesmal ist unsere Herausforderung nicht nur, dass Online-Vernetzung insgesamt schwierig ist, sondern zus\u00e4tzlich, dass das Wetter immer sch\u00f6ner wird und niemand mehr vor dem Computer h\u00e4ngen will!<\/p>\n\n\n<p>Also haben wir uns folgende Mischung \u00fcberlegt, so ist hoffentlich f\u00fcr jede*n etwas dabei:<\/p>\n\n\n<ol class=\"wp-block-list\"><li>Tipping Points Online-Plenum<\/li><li>Kontaktliste pro Workshop<\/li><li>Pinnwand f\u00fcr zuk\u00fcnftige Vernetzungsm\u00f6glichkeiten<\/li><li>Bezugsgruppen<\/li><\/ol>\n\n\n<p>F\u00fcr informelle M\u00f6glichkeiten, euch live zu treffen, schaut doch bei einem <a href=\"https:\/\/tippingpointslife.wordpress.com\/tipping-hubs\/\">Tipping Hub<\/a> vorbei oder organisiere einen!<\/p>\n\n\n<hr class=\"wp-block-separator has-text-color has-background has-vivid-green-cyan-background-color has-vivid-green-cyan-color\" \/>\n\n\n<div class=\"wp-block-columns is-layout-flex wp-container-core-columns-is-layout-9d6595d7 wp-block-columns-is-layout-flex\">\n<div class=\"wp-block-column is-layout-flow wp-block-column-is-layout-flow\">\n<p><strong><span class=\"uppercase\">Tipping Points Online-Plenum<\/span><\/strong><\/p>\n\n\n<p>Dies ist ein Versuch! Geselle dich zu unserem ersten online Tipping Points Plenum und lerne die Leute kennen, die sich \u2013 so wie du \u2013 Workshops zu Skills und Methoden reinziehen. Wer sind sie und was waren die Highlights der Workshops bisher?<\/p>\n\n\n<p>Wir haben eine coole Moderation daf\u00fcr gecheckt, also kannst du sicher auch methodisch Einiges lernen!<\/p>\n<\/div>\n\n\n<div class=\"wp-block-column is-layout-flow wp-block-column-is-layout-flow\">\n<p><strong><span class=\"uppercase\">Kontaktliste pro Workshop<\/span><\/strong><\/p>\n\n\n<p>Bei jedem Workshop wird es die M\u00f6glichkeit geben, die eigene eMail Adresse an den Technik Support zu schicken. Dieser wird gleich nach dem Workshop eine Mail-Schleife mit allen Adressen starten. So kannst du mit Menschen, die am selben Thema interessiert sind weiter in Kontakt bleiben!<br><\/p>\n\n\n<p>Aus fr\u00fcheren TP Workshops sind schon Vernetzungen zu Aktionsideen in Lock-Down Zeiten und Gewaltfreier Kommunikation entstanden!<\/p>\n<\/div>\n<\/div>\n\n\n<hr class=\"wp-block-separator has-text-color has-background has-vivid-green-cyan-background-color has-vivid-green-cyan-color\" \/>\n\n\n<div class=\"wp-block-columns is-layout-flex wp-container-core-columns-is-layout-9d6595d7 wp-block-columns-is-layout-flex\">\n<div class=\"wp-block-column is-layout-flow wp-block-column-is-layout-flow\">\n<p><strong><span class=\"uppercase\">Pinnwand f\u00fcr zuk\u00fcnftige Vernetzungsm\u00f6glichkeiten<\/span><\/strong><\/p>\n\n\n<p>Wenn du dich selbstst\u00e4ndig und in Zukunft zu einem bestimmten Thema mit anderen vernetzen willst, trag das Thema hier ein: <a href=\"https:\/\/padlet.com\/tippingpoints\/vernetzung\">https:\/\/padlet.com\/tippingpoints\/vernetzung<\/a><\/p>\n\n\n<p>Wenn du kein spezielles Thema im Hinterkopf hast, schau doch trotzdem mal vorbei, vielleicht ist was Interessantes dabei!<\/p>\n<\/div>\n\n\n<div class=\"wp-block-column is-layout-flow wp-block-column-is-layout-flow\">\n<p><strong><span class=\"uppercase\">Austausch-Bezugsgruppen<\/span><\/strong><\/p>\n\n\n<p>Du m\u00f6chtest dich in Kleingruppen austauschen? Dann melde dich f\u00fcr eine Austausch-Bezugsgruppe: Online oder in deiner (n\u00e4chsten) Stadt.<\/p>\n\n\n<p>Das Abendprogramm kann im \u00f6ffentlichen Raum besucht werden, oder ihr trefft euch in den Mittagspause zum Picknick im Park. Wir connecten euch und ihr organisiert euch selbst!<\/p>\n<\/div>\n<\/div>\n\n\n<hr class=\"wp-block-separator has-text-color has-background has-vivid-green-cyan-background-color has-vivid-green-cyan-color\" \/>\n\n\n<p><strong>Wir freuen uns auch \u00fcber Feedback und Tipps<\/strong> oder W\u00fcnsche &#8211; schreibt uns einfach ein Mail, was ihr sinnvoll oder praktisch oder unn\u00f6tig findet! Immer an tipping-points \/\u00e4t \/ riseup.net.<\/p>","protected":false},"excerpt":{"rendered":"<p>Wie immer bem\u00fchen wir uns auch diesmal, den Rahmenbedingungen angemessene M\u00f6glichkeitne zur Vernetzung zu schaffen. Diesmal ist unsere Herausforderung nicht nur, dass Online-Vernetzung insgesamt schwierig ist, sondern zus\u00e4tzlich, dass das Wetter immer sch\u00f6ner wird und niemand mehr vor dem Computer h\u00e4ngen will! Also haben wir uns folgende Mischung \u00fcberlegt, so ist hoffentlich f\u00fcr jede*n etwas&hellip;&nbsp;<a href=\"https:\/\/tippingpoints.life\/en\/tp5-vernetzung\/\" rel=\"bookmark\">Read More &raquo;<span class=\"screen-reader-text\">TP5 &#8211; Vernetzung<\/span><\/a><\/p>","protected":false},"author":2,"featured_media":0,"parent":0,"menu_order":0,"comment_status":"closed","ping_status":"closed","template":"","meta":{"neve_meta_sidebar":"","neve_meta_container":"","neve_meta_enable_content_width":"","neve_meta_content_width":0,"neve_meta_title_alignment":"","neve_meta_author_avatar":"","neve_post_elements_order":"","neve_meta_disable_header":"","neve_meta_disable_footer":"","neve_meta_disable_title":"","footnotes":""},"class_list":["post-2538","page","type-page","status-publish","hentry"],"_links":{"self":[{"href":"https:\/\/tippingpoints.life\/en\/wp-json\/wp\/v2\/pages\/2538","targetHints":{"allow":["GET"]}}],"collection":[{"href":"https:\/\/tippingpoints.life\/en\/wp-json\/wp\/v2\/pages"}],"about":[{"href":"https:\/\/tippingpoints.life\/en\/wp-json\/wp\/v2\/types\/page"}],"author":[{"embeddable":true,"href":"https:\/\/tippingpoints.life\/en\/wp-json\/wp\/v2\/users\/2"}],"replies":[{"embeddable":true,"href":"https:\/\/tippingpoints.life\/en\/wp-json\/wp\/v2\/comments?post=2538"}],"version-history":[{"count":1,"href":"https:\/\/tippingpoints.life\/en\/wp-json\/wp\/v2\/pages\/2538\/revisions"}],"predecessor-version":[{"id":4443,"href":"https:\/\/tippingpoints.life\/en\/wp-json\/wp\/v2\/pages\/2538\/revisions\/4443"}],"wp:attachment":[{"href":"https:\/\/tippingpoints.life\/en\/wp-json\/wp\/v2\/media?parent=2538"}],"curies":[{"name":"wp","href":"https:\/\/api.w.org\/{rel}","templated":true}]}}