{"id":2389,"date":"2021-06-04T16:31:20","date_gmt":"2021-06-04T14:31:20","guid":{"rendered":"https:\/\/tippingpointslife.wordpress.com\/?page_id=2389"},"modified":"2024-02-27T20:25:12","modified_gmt":"2024-02-27T19:25:12","slug":"humus-letsgrow","status":"publish","type":"page","link":"https:\/\/tippingpoints.life\/en\/humus-letsgrow\/","title":{"rendered":"Let&#8217;s grow!"},"content":{"rendered":"<p>Unsere Tr\u00e4gerorganisation <a href=\"http:\/\/www.humus.live\">Humus &#8211; N\u00e4hrboden f\u00fcr Ver\u00e4nderung<\/a> bietet neben Bildung und Beratung f\u00fcr aktive und zuk\u00fcnftige Aktivist*innen auch strukturierte <strong>Gruppenwochenenden<\/strong> an, bei denen die Strategie oder die Strukturen weiter wachsen k\u00f6nnen: <\/p>\n\n\n\n<p>&#8222;Let&#8217;s grow&#8220; hei\u00dft, mit deiner Gruppe &#8211; begleitet durch Humus &#8211; ein Wochenende lang zu 2 bis 3 dieser Themen zu arbeiten:<\/p>\n\n\n\n<ul class=\"wp-block-list\">\n<li><strong>Gruppendynamik<\/strong>: Wie geht es uns mit uns zusammen?<\/li>\n\n\n\n<li><strong>Strategie &amp; Selbstverst\u00e4ndnis<\/strong>: Was sind wir f\u00fcr eine Gruppe und wie passen unsere Strategien dazu?<\/li>\n\n\n\n<li><strong>nachhaltiger Aktivismus<\/strong>: Fokus finden, langfristig und gesund aktiv sein<\/li>\n\n\n\n<li><strong>Finanzierung<\/strong>: Woher kriegen wir Geld und wie verwalten wir es?<\/li>\n\n\n\n<li><strong>Organisationsstrukturen: <\/strong>Reflexion und Ver\u00e4nderung<strong>  <\/strong><\/li>\n<\/ul>\n\n\n\n<p>Dabei soll die Gewichtung  und die Auswahl der Themen aus der Gruppe kommen &#8211; wir arbeiten an dem, was f\u00fcr euch gerade wichtig ist! Idealerweise w\u00e4hlt ihr 2 der 5 genannten Bereiche, aber es kann auch nur einer sein oder etwas anderes dazu kommen. <\/p>\n\n\n\n<p>Auch die Rahmenbedingungen (Zeit, Ort) k\u00f6nnen im Vorbereitungsgespr\u00e4ch abgestimmt werden. \u00dcblicherweise ist &#8222;Let&#8217;s grow&#8220; ein kompaktes Wochenede, aber aber es k\u00f6nnten auch mehrere Abendsessions sein, falls euch das besser passt. Wichtig beim Format &#8222;Let&#8217;s grow&#8220; ist es uns, so weit als m\u00f6glich <em>mit allen Aktiven eurer Gruppe gemeinsam<\/em> zu arbeiten, nicht nur mit einem kleinen Kreis. <\/p>\n\n\n\n<p>Informiert euch <a href=\"https:\/\/humus.live\/lets-grow\/\">auf der Website<\/a> und fragt gerne auch unverbindlich mal an!<\/p>\n\n\n\n<div class=\"wp-block-group alignfull\"><div class=\"wp-block-group__inner-container is-layout-flow wp-block-group-is-layout-flow\">\n<div class=\"wp-block-media-text alignfull is-stacked-on-mobile has-background\" style=\"background-color:#f3efec\"><figure class=\"wp-block-media-text__media\"><img decoding=\"async\" src=\"https:\/\/tippingpoints.convivial.garden\/wp-content\/uploads\/2021\/06\/logo_hoch-1.png?w=1024\" alt=\"\" class=\"wp-image-2399 size-full\"\/><\/figure><div class=\"wp-block-media-text__content\">\n<div class=\"wp-block-cover alignfull is-light\" style=\"min-height:341px;aspect-ratio:unset;\"><span aria-hidden=\"true\" class=\"wp-block-cover__background has-background-dim-100 has-background-dim\" style=\"background-color:#f3efec\"><\/span><div class=\"wp-block-cover__inner-container is-layout-flow wp-block-cover-is-layout-flow\">\n<h3 class=\"wp-block-heading has-text-color has-large-font-size\" style=\"color:#222222;line-height:1\">Bildung<br>Beratung<br>Begleitung<\/h3>\n\n\n\n<p class=\"has-text-color\" style=\"color:#222222\">Alle Angebote unter <a rel=\"noreferrer noopener\" href=\"http:\/\/www.humus.live\" target=\"_blank\">www.humus.live<\/a><\/p>\n\n\n\n<div class=\"wp-block-columns is-layout-flex wp-container-core-columns-is-layout-9d6595d7 wp-block-columns-is-layout-flex\">\n<div class=\"wp-block-column is-layout-flow wp-block-column-is-layout-flow\"><\/div>\n\n\n\n<div class=\"wp-block-column is-layout-flow wp-block-column-is-layout-flow\">\n<p class=\"has-text-color\" style=\"color:#222222\"><\/p>\n<\/div>\n<\/div>\n<\/div><\/div>\n<\/div><\/div>\n<\/div><\/div>","protected":false},"excerpt":{"rendered":"<p>Unsere Tr\u00e4gerorganisation Humus &#8211; N\u00e4hrboden f\u00fcr Ver\u00e4nderung bietet neben Bildung und Beratung f\u00fcr aktive und zuk\u00fcnftige Aktivist*innen auch strukturierte Gruppenwochenenden an, bei denen die Strategie oder die Strukturen weiter wachsen k\u00f6nnen: &#8222;Let&#8217;s grow&#8220; hei\u00dft, mit deiner Gruppe &#8211; begleitet durch Humus &#8211; ein Wochenende lang zu 2 bis 3 dieser Themen zu arbeiten: Dabei soll&hellip;&nbsp;<a href=\"https:\/\/tippingpoints.life\/en\/humus-letsgrow\/\" rel=\"bookmark\">Read More &raquo;<span class=\"screen-reader-text\">Let&#8217;s grow!<\/span><\/a><\/p>","protected":false},"author":2,"featured_media":0,"parent":0,"menu_order":0,"comment_status":"closed","ping_status":"closed","template":"","meta":{"neve_meta_sidebar":"","neve_meta_container":"","neve_meta_enable_content_width":"","neve_meta_content_width":0,"neve_meta_title_alignment":"","neve_meta_author_avatar":"","neve_post_elements_order":"","neve_meta_disable_header":"","neve_meta_disable_footer":"","neve_meta_disable_title":"","footnotes":""},"class_list":["post-2389","page","type-page","status-publish","hentry"],"_links":{"self":[{"href":"https:\/\/tippingpoints.life\/en\/wp-json\/wp\/v2\/pages\/2389","targetHints":{"allow":["GET"]}}],"collection":[{"href":"https:\/\/tippingpoints.life\/en\/wp-json\/wp\/v2\/pages"}],"about":[{"href":"https:\/\/tippingpoints.life\/en\/wp-json\/wp\/v2\/types\/page"}],"author":[{"embeddable":true,"href":"https:\/\/tippingpoints.life\/en\/wp-json\/wp\/v2\/users\/2"}],"replies":[{"embeddable":true,"href":"https:\/\/tippingpoints.life\/en\/wp-json\/wp\/v2\/comments?post=2389"}],"version-history":[{"count":1,"href":"https:\/\/tippingpoints.life\/en\/wp-json\/wp\/v2\/pages\/2389\/revisions"}],"predecessor-version":[{"id":4527,"href":"https:\/\/tippingpoints.life\/en\/wp-json\/wp\/v2\/pages\/2389\/revisions\/4527"}],"wp:attachment":[{"href":"https:\/\/tippingpoints.life\/en\/wp-json\/wp\/v2\/media?parent=2389"}],"curies":[{"name":"wp","href":"https:\/\/api.w.org\/{rel}","templated":true}]}}