{"id":2089,"date":"2021-05-03T17:11:13","date_gmt":"2021-05-03T15:11:13","guid":{"rendered":"https:\/\/tippingpointslife.wordpress.com\/?page_id=2089"},"modified":"2025-11-16T17:43:53","modified_gmt":"2025-11-16T16:43:53","slug":"rahmen-tp6","status":"publish","type":"page","link":"https:\/\/tippingpoints.life\/en\/rahmen-tp6\/","title":{"rendered":"TP6 &#8211; Rahmenprogramm"},"content":{"rendered":"\n<p>Neben Workshops und Vernetzung geh\u00f6rt zu einem richtigen Tipping Points nat\u00fcrlich auch ein anregendes Rahmenprogramm! Bisher waren schon Podiumsdiskussionen, Lesungen, Poetry Slams, Partys und Demos dabei &#8211; online, offline oder hybrid. Wir experimentieren hier immer wieder mit neuen Formaten und sind sehr offen f\u00fcr Kooperationen &#8211; schreib uns, wenn du Anregungen oder Ideen hast -per Mail an tipping-points \/at\/ riseup.net.<\/p>\n\n\n\n<p><strong>Bei Tipping Points #6 haben wir diesmal eine Podiumsdiskussion + eine Party im Rahmenprogramm:<\/strong> <\/p>\n\n\n\n<h3 class=\"has-text-align-center has-vivid-purple-color has-white-background-color has-text-color has-background wp-block-heading\" id=\"freitag-12-november\">Freitag, 12. November<\/h3>\n\n\n\n<p class=\"has-text-align-center\"><strong><span class=\"uppercase\"><font color=\"#b588c4\"><mark style=\"background-color:rgba(0,0,0,0);color:#9778b7;\" class=\"has-inline-color\">podiumsdiskussion: Br\u00fccken statt Stra\u00dfen bauen<\/mark><\/font><\/span><\/strong><\/p>\n\n\n\n<p>Dabei stellen wir uns folgende Fragen: was ist die Bedeutung von B\u00fcndnissen und Allianzen, worauf ist bei ihrer Entstehung zu achten, wie werden sie effektiv und wirkungsvoll? Durch Fragen der Moderation und aus dem Publikum soll dabei Raum f\u00fcr Austausch untereinander geschafft werden.&nbsp;<img loading=\"lazy\" decoding=\"async\" src=\"https:\/\/static.xx.fbcdn.net\/images\/emoji.php\/v9\/tc7\/1.5\/16\/1f4ac.png\" alt=\"\ud83d\udcac\" width=\"16\" height=\"16\">&nbsp;Als aktuelles, konkretes Beispiel dient der Widerstand gegen die Lobau-Autobahn. Wir m\u00f6chten gemeinsam dar\u00fcber diskutieren, welche B\u00fcndnisse in diesem Kontext notwendig sind und was wir als (zuk\u00fcnftige) Aktivist*innen von den Erfahrungen anderer lernen k\u00f6nnen.&nbsp;<img loading=\"lazy\" decoding=\"async\" src=\"https:\/\/static.xx.fbcdn.net\/images\/emoji.php\/v9\/tc2\/1.5\/16\/1f331.png\" alt=\"\ud83c\udf31\" width=\"16\" height=\"16\"><\/p>\n\n\n\n<div class=\"wp-block-columns is-layout-flex wp-container-core-columns-is-layout-9d6595d7 wp-block-columns-is-layout-flex\">\n<div class=\"wp-block-column is-layout-flow wp-block-column-is-layout-flow\">\n<figure class=\"wp-block-image size-large\"><img loading=\"lazy\" decoding=\"async\" width=\"960\" height=\"960\" src=\"https:\/\/tippingpoints.convivial.garden\/wp-content\/uploads\/2021\/10\/tp6_podium.jpg?w=960\" alt=\"\" class=\"wp-image-2805\" srcset=\"https:\/\/tippingpoints.life\/wp-content\/uploads\/2021\/10\/tp6_podium.jpg 960w, https:\/\/tippingpoints.life\/wp-content\/uploads\/2021\/10\/tp6_podium-300x300.jpg 300w, https:\/\/tippingpoints.life\/wp-content\/uploads\/2021\/10\/tp6_podium-150x150.jpg 150w, https:\/\/tippingpoints.life\/wp-content\/uploads\/2021\/10\/tp6_podium-768x768.jpg 768w\" sizes=\"auto, (max-width: 960px) 100vw, 960px\" \/><\/figure>\n<\/div>\n\n\n\n<div class=\"wp-block-column is-layout-flow wp-block-column-is-layout-flow\">\n<p><strong>G\u00e4ste<\/strong>:<\/p>\n\n\n\n<ul class=\"wp-block-list\"><li>Alice (sie), Aktivistin in der Lobau<\/li><li>Philipp Sonderegger (er), besch\u00e4ftig sich theoretisch mit B\u00fcndnissen<\/li><li>Jutta Mattysek (sie), B\u00fcrgerInneninitiative Rettet die Lobau<\/li><li>Mel (sie), Dyke March Linz<\/li><li>Videobeitrag von Victor Nzuzi (er), AfriEurope Interact<\/li><\/ul>\n\n\n\n<p><strong>Moderation<\/strong>: Iris Frey<br><\/p>\n<\/div>\n<\/div>\n\n\n\n<p>Hardfacts:<br><img loading=\"lazy\" decoding=\"async\" src=\"https:\/\/static.xx.fbcdn.net\/images\/emoji.php\/v9\/t34\/1.5\/16\/1f5d2.png\" alt=\"\ud83d\uddd2\" width=\"16\" height=\"16\">&nbsp;Datum: Freitag, 12. November 2021<br><img loading=\"lazy\" decoding=\"async\" src=\"https:\/\/static.xx.fbcdn.net\/images\/emoji.php\/v9\/tbb\/1.5\/16\/23f0.png\" alt=\"\u23f0\" width=\"16\" height=\"16\">&nbsp;Uhrzeit: 19:30 &#8211; 21:30<br><img loading=\"lazy\" decoding=\"async\" src=\"https:\/\/static.xx.fbcdn.net\/images\/emoji.php\/v9\/td0\/1.5\/16\/1f3e1.png\" alt=\"\ud83c\udfe1\" width=\"16\" height=\"16\">&nbsp;Ort: Cardijnhaus (Kapuzinerstra\u00dfe 49, 4020 Linz)<br>Livestream:&nbsp;<a rel=\"noreferrer noopener\" href=\"https:\/\/l.facebook.com\/l.php?u=http%3A%2F%2Fwww.dorftv.at%2Flivestream%3Ffbclid%3DIwAR2fMzxJ6m0YZUM0pCCfbQdFMSXqtiUkeBYGiDgNMQEzDIh5lFp43qkey8I&amp;h=AT1E0y-hvI_lelx0V44mgCaOAHmz5pjYdidfgnhx9z_WAoc7u6M5jAZ7cLh8caN-GljcIHs0AqJ86_X-moRXDSgphctDqb5NsERmq3UjYBMAEe6OLJhzhRxrjMJbAgSnf_Z3uZ6H7P-2b-gHisT_&amp;__tn__=q&amp;c[0]=AT1kmhSZZU6RTK2AXbtK21TFna-OQuREYnCh92BwahPFzUxbO9vtg7_rtCR2jjgXMOy7J88LTbasxIrH1ra1D_iIKA9THi6lbn6lcDI5dcEfZmsyTPEe-uULDS-RJI_t2u6Xf0uOiwzpDLekVls1i5zG\" target=\"_blank\">www.dorftv.at\/livestream<\/a><\/p>\n\n\n\n<h3 class=\"has-text-align-center has-vivid-purple-color has-white-background-color has-text-color has-background wp-block-heading\" id=\"samstag-13-november\">Samstag, 13. November<\/h3>\n\n\n\n<p><strong><mark style=\"background-color:rgba(0,0,0,0);\" class=\"has-inline-color has-vivid-red-color\"><strong><strong><span class=\"uppercase\"><font color=\"#b588c4\"><mark style=\"background-color:rgba(0,0,0,0);color:#9778b7;\" class=\"has-inline-color\">INFOVERANSTALTUNG ZU DEN #LOBAUBLEIBT &#8211; AKTIONSTAGEN AM 26. UND 27. 11. <\/mark><\/font><\/span><\/strong><\/strong><\/mark><\/strong><\/p>\n\n\n\n<p><img loading=\"lazy\" decoding=\"async\" src=\"https:\/\/static.xx.fbcdn.net\/images\/emoji.php\/v9\/tbb\/1.5\/16\/23f0.png\" alt=\"\u23f0\" width=\"16\" height=\"16\"> 19:30-20:00<br><img loading=\"lazy\" decoding=\"async\" src=\"https:\/\/static.xx.fbcdn.net\/images\/emoji.php\/v9\/td0\/1.5\/16\/1f3e1.png\" alt=\"\ud83c\udfe1\" width=\"16\" height=\"16\"> Ort: Cardijnhaus, gro\u00dfer Saal (Kapuzinerstra\u00dfe 49, 4020 Linz)<\/p>\n\n\n\n<div class=\"wp-block-columns is-layout-flex wp-container-core-columns-is-layout-9d6595d7 wp-block-columns-is-layout-flex\">\n<div class=\"wp-block-column is-layout-flow wp-block-column-is-layout-flow\" style=\"flex-basis:66.66%;\">\n<p>Die Lobau-Autobahn und ihre Zubringer geh\u00f6ren zu den klimasch\u00e4dlichsten Projekten \u00d6sterreichs. Deshalb ruft System Change, not Climate Change! zu massenhaftem zivilen Ungehorsam bei den Aktionstagen gegen die Lobau-Autobahn am 26. und 27. November in Wien auf. Wir laden euch ein, Teil unserer Aktion zu werden. Bei dieser kurzen Infoveranstaltung wollen wir euch mit allen n\u00f6tigen Informationen zu den #LobauBleibt-Aktionstagen versorgen und eure Fragen beantworten. Hier erfahrt ihr die Hintergr\u00fcnde und M\u00f6glichkeiten zum Mitmachen. Wir freuen uns auf euch.<\/p>\n<\/div>\n\n\n\n<div class=\"wp-block-column is-layout-flow wp-block-column-is-layout-flow\" style=\"flex-basis:33.33%;\">\n<figure class=\"wp-block-image size-large\"><img decoding=\"async\" src=\"https:\/\/tippingpoints.convivial.garden\/wp-content\/uploads\/2021\/10\/20211027_infoabend_linz_insta-1.jpg?w=1024\" alt=\"\" class=\"wp-image-2802\" \/><\/figure>\n<\/div>\n<\/div>\n\n\n\n<p class=\"has-text-align-center\"><mark style=\"background-color:rgba(0,0,0,0);\" class=\"has-inline-color has-vivid-red-color\"><strong><strong><span class=\"uppercase\"><font color=\"#b588c4\"><mark style=\"background-color:rgba(0,0,0,0);color:#9778b7;\" class=\"has-inline-color\">Speeddating<\/mark><\/font><\/span><\/strong><\/strong><\/mark><\/p>\n\n\n\n<p><img loading=\"lazy\" decoding=\"async\" src=\"https:\/\/static.xx.fbcdn.net\/images\/emoji.php\/v9\/tbb\/1.5\/16\/23f0.png\" alt=\"\u23f0\" width=\"16\" height=\"16\"> Uhrzeit: 20:00 &#8211; 20:45<br><img loading=\"lazy\" decoding=\"async\" src=\"https:\/\/static.xx.fbcdn.net\/images\/emoji.php\/v9\/td0\/1.5\/16\/1f3e1.png\" alt=\"\ud83c\udfe1\" width=\"16\" height=\"16\"> Ort: Cardijnhaus, gro\u00dfer Saal (Kapuzinerstra\u00dfe 49, 4020 Linz)<\/p>\n\n\n\n<p>Durch die Begleitung einer Moderation wird das gegenseiteige kennenlernen und vernetzen gef\u00f6rdert. Gezielte Fragen und bestimmtes Setting helfen dabei, Gesp\u00e4rche rasch in Gang zu setzen. <\/p>\n\n\n\n<p><\/p>\n\n\n\n<p class=\"has-text-align-center\"><mark style=\"background-color:rgba(0,0,0,0);\" class=\"has-inline-color has-vivid-red-color\"><strong><strong><span class=\"uppercase\"><font color=\"#b588c4\"><mark style=\"background-color:rgba(0,0,0,0);color:#9778b7;\" class=\"has-inline-color\">PARTY ft. DJ YOmommA und ZION FLEX<\/mark><\/font><\/span><\/strong><\/strong><\/mark> <\/p>\n\n\n\n<p><img loading=\"lazy\" decoding=\"async\" src=\"https:\/\/static.xx.fbcdn.net\/images\/emoji.php\/v9\/tbb\/1.5\/16\/23f0.png\" alt=\"\u23f0\" width=\"16\" height=\"16\"> Uhrzeit: 21:00 &#8211; 02:00<br><img loading=\"lazy\" decoding=\"async\" src=\"https:\/\/static.xx.fbcdn.net\/images\/emoji.php\/v9\/td0\/1.5\/16\/1f3e1.png\" alt=\"\ud83c\udfe1\" width=\"16\" height=\"16\"> Ort: tba, Linz Stadtzentrum<\/p>\n\n\n\n<div class=\"wp-block-group\"><div class=\"wp-block-group__inner-container is-layout-flow wp-block-group-is-layout-flow\">\n<div class=\"wp-block-columns is-layout-flex wp-container-core-columns-is-layout-9d6595d7 wp-block-columns-is-layout-flex\">\n<div class=\"wp-block-column is-layout-flow wp-block-column-is-layout-flow\" style=\"flex-basis:33.33%;\">\n<figure class=\"wp-block-image size-large\"><img decoding=\"async\" src=\"https:\/\/tippingpoints.convivial.garden\/wp-content\/uploads\/2021\/11\/f104d124-9032-440b-803b-0d23e0cf81d0.jpeg?w=683\" alt=\"\" class=\"wp-image-2930\" \/><\/figure>\n<\/div>\n\n\n\n<div class=\"wp-block-column is-layout-flow wp-block-column-is-layout-flow\"><\/div>\n\n\n\n<div class=\"wp-block-column is-layout-flow wp-block-column-is-layout-flow\"><\/div>\n\n\n\n<div class=\"wp-block-column is-layout-flow wp-block-column-is-layout-flow\" style=\"flex-basis:66.66%;\">\n<p>Zu jedem Vernetzungsevent geh\u00f6rt auch eine Party! Egal ob mit Bier oder Saft, hier kannst du den vom sitzen steifern K\u00f6rper wieder ausshaken und die anderen Teilnehmer:innen in einer anderen Atmosph\u00e4re erleben.<\/p>\n\n\n\n<p>F\u00fcr Musik sorgt erste eine Youtube-Party, dann <a href=\"http:\/\/m.mixcloud.com\/djyomomma\/\">DJ Yomomma<\/a> und Zion Flex. .<\/p>\n<\/div>\n<\/div>\n<\/div><\/div>\n\n\n\n<p><\/p>\n","protected":false},"excerpt":{"rendered":"<p>Neben Workshops und Vernetzung geh\u00f6rt zu einem richtigen Tipping Points nat\u00fcrlich auch ein anregendes Rahmenprogramm! Bisher waren schon Podiumsdiskussionen, Lesungen, Poetry Slams, Partys und Demos dabei &#8211; online, offline oder hybrid. Wir experimentieren hier immer wieder mit neuen Formaten und sind sehr offen f\u00fcr Kooperationen &#8211; schreib uns, wenn du Anregungen oder Ideen hast -per&hellip;&nbsp;<a href=\"https:\/\/tippingpoints.life\/en\/rahmen-tp6\/\" rel=\"bookmark\">Read More &raquo;<span class=\"screen-reader-text\">TP6 &#8211; Rahmenprogramm<\/span><\/a><\/p>","protected":false},"author":2,"featured_media":0,"parent":0,"menu_order":0,"comment_status":"closed","ping_status":"closed","template":"","meta":{"neve_meta_sidebar":"","neve_meta_container":"","neve_meta_enable_content_width":"","neve_meta_content_width":0,"neve_meta_title_alignment":"","neve_meta_author_avatar":"","neve_post_elements_order":"","neve_meta_disable_header":"","neve_meta_disable_footer":"","neve_meta_disable_title":"","footnotes":""},"class_list":["post-2089","page","type-page","status-publish","hentry"],"_links":{"self":[{"href":"https:\/\/tippingpoints.life\/en\/wp-json\/wp\/v2\/pages\/2089","targetHints":{"allow":["GET"]}}],"collection":[{"href":"https:\/\/tippingpoints.life\/en\/wp-json\/wp\/v2\/pages"}],"about":[{"href":"https:\/\/tippingpoints.life\/en\/wp-json\/wp\/v2\/types\/page"}],"author":[{"embeddable":true,"href":"https:\/\/tippingpoints.life\/en\/wp-json\/wp\/v2\/users\/2"}],"replies":[{"embeddable":true,"href":"https:\/\/tippingpoints.life\/en\/wp-json\/wp\/v2\/comments?post=2089"}],"version-history":[{"count":2,"href":"https:\/\/tippingpoints.life\/en\/wp-json\/wp\/v2\/pages\/2089\/revisions"}],"predecessor-version":[{"id":5958,"href":"https:\/\/tippingpoints.life\/en\/wp-json\/wp\/v2\/pages\/2089\/revisions\/5958"}],"wp:attachment":[{"href":"https:\/\/tippingpoints.life\/en\/wp-json\/wp\/v2\/media?parent=2089"}],"curies":[{"name":"wp","href":"https:\/\/api.w.org\/{rel}","templated":true}]}}