{"id":2006,"date":"2021-04-23T19:25:09","date_gmt":"2021-04-23T17:25:09","guid":{"rendered":"https:\/\/tippingpointslife.wordpress.com\/?page_id=2006"},"modified":"2025-11-16T17:42:07","modified_gmt":"2025-11-16T16:42:07","slug":"tp-4-vernetzung","status":"publish","type":"page","link":"https:\/\/tippingpoints.life\/en\/tp-4-vernetzung\/","title":{"rendered":"TP4 &#8211; Vernetzung"},"content":{"rendered":"<p>Online-Formate stellen uns immer wieder vor besondere Herausforderungen. So ist es auch beim Thema Vernetzung. Einerseits wollen wir Austausch zwischen Teilnehmer*innen und kreatives Weiterdenken nach den Workshops sehr gerne erm\u00f6glichen &#8211; andererseits haben Viele nach einigen Stunden Online-Zeit schon genug davon und sehnen sich mehr nach Luft, Bewegung, Entspannung und real-life-Gespr\u00e4chen statt weiteren digitalen meetings. <strong>Was tun wir also?<\/strong><\/p>\n\n\n<p>Ihr habt diesmal die M\u00f6glichkeit, euch auszusuchen, was euch lieber ist &#8211; <strong>gebt einfach bei der Anmeldung an, welche Art der Vernetzung ihr m\u00f6chtet<strong>, falls \u00fcberhaupt eine<\/strong>. <\/strong>Bedenkt dabei, dass damit mehr Bildschirmzeit anf\u00e4llt und potenziell die Energie dann f\u00fcr Workshops fehlt (oder umgekehrt). Anbieten werden wir 2 M\u00f6glichkeiten &#8211; wobei beides nur klappen wird, wenn sich genug Menschen daf\u00fcr finden:<\/p>\n\n\n<ul class=\"wp-block-list\"><li><strong>Austauschraum am Sonntag Nachmittag: <\/strong>nicht die beste Zeit, aber Tipping Points #3 hat gezeigt, dass der Samstag sonst zu voll wird. Da wartet am Abend noch die Podiumsdiskussion und soll untertags genug Pause sein.<\/li><li><strong>Austauschbezugsgruppen: <\/strong>Wenn ihr euch daf\u00fcr entscheidet werdet ihr mit anderen Teilnehmer*innen gematcht und k\u00f6nnt euch zwischen den Workshops bzw. danach (wie ihr wollt) in eigenen R\u00e4umen austauschen. Super geeignet zur eigenen Reflexion und Austausch mit anderen, die vielleicht die gleichen Workshops gemacht haben.<\/li><\/ul>\n\n\n<figure class=\"wp-block-image size-large\"><img loading=\"lazy\" decoding=\"async\" width=\"960\" height=\"960\" src=\"https:\/\/tippingpoints.convivial.garden\/wp-content\/uploads\/2021\/01\/tp4_ws_konflikte.jpg?w=960\" alt=\"\" class=\"wp-image-1704\" srcset=\"https:\/\/tippingpoints.life\/wp-content\/uploads\/2021\/01\/tp4_ws_konflikte.jpg 960w, https:\/\/tippingpoints.life\/wp-content\/uploads\/2021\/01\/tp4_ws_konflikte-300x300.jpg 300w, https:\/\/tippingpoints.life\/wp-content\/uploads\/2021\/01\/tp4_ws_konflikte-150x150.jpg 150w, https:\/\/tippingpoints.life\/wp-content\/uploads\/2021\/01\/tp4_ws_konflikte-768x768.jpg 768w, https:\/\/tippingpoints.life\/wp-content\/uploads\/2021\/01\/tp4_ws_konflikte-88x88.jpg 88w, https:\/\/tippingpoints.life\/wp-content\/uploads\/2021\/01\/tp4_ws_konflikte-816x816.jpg 816w\" sizes=\"auto, (max-width: 960px) 100vw, 960px\" \/><\/figure>","protected":false},"excerpt":{"rendered":"<p>Online-Formate stellen uns immer wieder vor besondere Herausforderungen. So ist es auch beim Thema Vernetzung. Einerseits wollen wir Austausch zwischen Teilnehmer*innen und kreatives Weiterdenken nach den Workshops sehr gerne erm\u00f6glichen &#8211; andererseits haben Viele nach einigen Stunden Online-Zeit schon genug davon und sehnen sich mehr nach Luft, Bewegung, Entspannung und real-life-Gespr\u00e4chen statt weiteren digitalen meetings.&hellip;&nbsp;<a href=\"https:\/\/tippingpoints.life\/en\/tp-4-vernetzung\/\" rel=\"bookmark\">Read More &raquo;<span class=\"screen-reader-text\">TP4 &#8211; Vernetzung<\/span><\/a><\/p>","protected":false},"author":2,"featured_media":0,"parent":0,"menu_order":0,"comment_status":"closed","ping_status":"closed","template":"","meta":{"neve_meta_sidebar":"","neve_meta_container":"","neve_meta_enable_content_width":"","neve_meta_content_width":0,"neve_meta_title_alignment":"","neve_meta_author_avatar":"","neve_post_elements_order":"","neve_meta_disable_header":"","neve_meta_disable_footer":"","neve_meta_disable_title":"","footnotes":""},"class_list":["post-2006","page","type-page","status-publish","hentry"],"_links":{"self":[{"href":"https:\/\/tippingpoints.life\/en\/wp-json\/wp\/v2\/pages\/2006","targetHints":{"allow":["GET"]}}],"collection":[{"href":"https:\/\/tippingpoints.life\/en\/wp-json\/wp\/v2\/pages"}],"about":[{"href":"https:\/\/tippingpoints.life\/en\/wp-json\/wp\/v2\/types\/page"}],"author":[{"embeddable":true,"href":"https:\/\/tippingpoints.life\/en\/wp-json\/wp\/v2\/users\/2"}],"replies":[{"embeddable":true,"href":"https:\/\/tippingpoints.life\/en\/wp-json\/wp\/v2\/comments?post=2006"}],"version-history":[{"count":2,"href":"https:\/\/tippingpoints.life\/en\/wp-json\/wp\/v2\/pages\/2006\/revisions"}],"predecessor-version":[{"id":5954,"href":"https:\/\/tippingpoints.life\/en\/wp-json\/wp\/v2\/pages\/2006\/revisions\/5954"}],"wp:attachment":[{"href":"https:\/\/tippingpoints.life\/en\/wp-json\/wp\/v2\/media?parent=2006"}],"curies":[{"name":"wp","href":"https:\/\/api.w.org\/{rel}","templated":true}]}}