{"id":1616,"date":"2021-01-14T12:50:44","date_gmt":"2021-01-14T11:50:44","guid":{"rendered":"https:\/\/tippingpointslife.wordpress.com\/?page_id=1616"},"modified":"2025-09-12T18:13:46","modified_gmt":"2025-09-12T16:13:46","slug":"richtige-sensation","status":"publish","type":"page","link":"https:\/\/tippingpoints.life\/en\/richtige-sensation\/","title":{"rendered":"TP4 &#8211; Rahmenprogramm"},"content":{"rendered":"<h1 class=\"wp-block-heading\">Die richtige Sensation: Rolle und Verantwortung der Medien in gesellschaftlichem Wandel<\/h1>\n\n\n<p>Medienfreiheit ist ein Grundpfeiler demokratischer Gesellschaften. Medien informieren die Bev\u00f6lkerung, helfen bei der Meinungsbildung und k\u00f6nnen dadurch erheblichen Einfluss nehmen: welche Geschehnisse werden aufgegriffen, welches Wording wird verwendet, welche Emotionen gesch\u00fcrt, was f\u00fcr Themen landen auf der Titelseite\u2026 F\u00fcr politische Akteur*innen (von Parteipolitik bis Grassroots Aktivist*innen) sind Medien ein wichtiges Sprachrohr. Somit ist der Kampf um die Sensationen in wichtiger Aspekt unserer t\u00e4glichen Arbeit.<\/p>\n\n\n<p><strong>\u00dcber das System, die Mechanismen, M\u00f6glichkeiten und Grenzen moderner Meiden diskutieren wir mit einem diversen Podium (Medienschaffende, Aktivist*innen und Menschen, die das Mediengeschehen im Hintergrund gestalten bzw. analysieren)<\/strong><\/p>\n\n\n<p><strong>When<\/strong>: Samstag, 27. Februar 2021, 19:00 &#8211; 21:00<br><strong>Wo<\/strong>: Online via Zoom: https:\/\/us02web.zoom.us\/j\/88481284791?pwd=NHEzZndlUEZWdlRFKytuWlp0NVRxdz09<\/p>\n\n\n<figure class=\"wp-block-image size-large\"><img loading=\"lazy\" decoding=\"async\" width=\"2500\" height=\"1304\" src=\"https:\/\/tippingpoints.convivial.garden\/wp-content\/uploads\/2021\/01\/pd_fb.jpg?w=1024\" alt=\"\" class=\"wp-image-1618\" srcset=\"https:\/\/tippingpoints.life\/wp-content\/uploads\/2021\/01\/pd_fb.jpg 2500w, https:\/\/tippingpoints.life\/wp-content\/uploads\/2021\/01\/pd_fb-300x156.jpg 300w, https:\/\/tippingpoints.life\/wp-content\/uploads\/2021\/01\/pd_fb-1024x534.jpg 1024w, https:\/\/tippingpoints.life\/wp-content\/uploads\/2021\/01\/pd_fb-768x401.jpg 768w, https:\/\/tippingpoints.life\/wp-content\/uploads\/2021\/01\/pd_fb-1536x801.jpg 1536w, https:\/\/tippingpoints.life\/wp-content\/uploads\/2021\/01\/pd_fb-2048x1068.jpg 2048w, https:\/\/tippingpoints.life\/wp-content\/uploads\/2021\/01\/pd_fb-816x426.jpg 816w\" sizes=\"auto, (max-width: 2500px) 100vw, 2500px\" \/><\/figure>\n\n\n<p>Nach welchen Logiken funktionieren Medien? Wer sind Entscheidungstr\u00e4ger*innen? Wie \u00f6konomisch abh\u00e4ngig sind unsere Medien? Wie hat sich Journalismus ver\u00e4ndert, seit fake news erfunden wurde? Was f\u00fcr eine Bedeutung kommt \u00f6ffentliche, komerzielle und community Medien jeweils zu? Was bedeutet die Medienkonzentration in \u00d6sterreich f\u00fcr Diversit\u00e4t? Wie sehr m\u00fcssen wir uns als politische Akteur*innen auf diese Medienlogiken einlassen bzw. uns anpassen? Wie k\u00f6nneen wir unsere Geschichten an die Menschen bringen und uns dabei selbst treu bleiben? K\u00f6nnen Medien auch eine aktive Rolle im gesellschaftlichen Wandel einnehmen? Sollten sie das sogar? D\u00fcrfen sie die politische Landschaft selbst mitgestalten?<\/p>\n\n\n<p><strong>G\u00e4ste<\/strong>: <\/p>\n\n\n<ul class=\"wp-block-list\">\n<li>Gerhard Kettler (Medien- und Kulturarbeiter)<\/li>\n\n\n<li>Juliane Nagiller (Journalistin)<\/li>\n\n\n<li>simon INOU (Journalist und Herausgeber von fresh Magazin, Black Austrian Lifestyle)<\/li>\n\n\n<li>Aquino (B\u00fcndnis Bleiberecht f\u00fcr alle Wien)<\/li>\n\n\n<li>Moderation: Lea Susemichel (an.schl\u00e4ge)<\/li>\n<\/ul>\n\n\n<p>Facebook-Veranstaltung: https:\/\/www.facebook.com\/events\/3888002481212709<\/p>","protected":false},"excerpt":{"rendered":"<p>Die richtige Sensation: Rolle und Verantwortung der Medien in gesellschaftlichem Wandel Medienfreiheit ist ein Grundpfeiler demokratischer Gesellschaften. Medien informieren die Bev\u00f6lkerung, helfen bei der Meinungsbildung und k\u00f6nnen dadurch erheblichen Einfluss nehmen: welche Geschehnisse werden aufgegriffen, welches Wording wird verwendet, welche Emotionen gesch\u00fcrt, was f\u00fcr Themen landen auf der Titelseite\u2026 F\u00fcr politische Akteur*innen (von Parteipolitik bis&hellip;&nbsp;<a href=\"https:\/\/tippingpoints.life\/en\/richtige-sensation\/\" rel=\"bookmark\">Read More &raquo;<span class=\"screen-reader-text\">TP4 &#8211; Rahmenprogramm<\/span><\/a><\/p>","protected":false},"author":2,"featured_media":0,"parent":0,"menu_order":0,"comment_status":"closed","ping_status":"closed","template":"","meta":{"neve_meta_sidebar":"","neve_meta_container":"","neve_meta_enable_content_width":"","neve_meta_content_width":0,"neve_meta_title_alignment":"","neve_meta_author_avatar":"","neve_post_elements_order":"","neve_meta_disable_header":"","neve_meta_disable_footer":"","neve_meta_disable_title":"","footnotes":""},"class_list":["post-1616","page","type-page","status-publish","hentry"],"_links":{"self":[{"href":"https:\/\/tippingpoints.life\/en\/wp-json\/wp\/v2\/pages\/1616","targetHints":{"allow":["GET"]}}],"collection":[{"href":"https:\/\/tippingpoints.life\/en\/wp-json\/wp\/v2\/pages"}],"about":[{"href":"https:\/\/tippingpoints.life\/en\/wp-json\/wp\/v2\/types\/page"}],"author":[{"embeddable":true,"href":"https:\/\/tippingpoints.life\/en\/wp-json\/wp\/v2\/users\/2"}],"replies":[{"embeddable":true,"href":"https:\/\/tippingpoints.life\/en\/wp-json\/wp\/v2\/comments?post=1616"}],"version-history":[{"count":3,"href":"https:\/\/tippingpoints.life\/en\/wp-json\/wp\/v2\/pages\/1616\/revisions"}],"predecessor-version":[{"id":5722,"href":"https:\/\/tippingpoints.life\/en\/wp-json\/wp\/v2\/pages\/1616\/revisions\/5722"}],"wp:attachment":[{"href":"https:\/\/tippingpoints.life\/en\/wp-json\/wp\/v2\/media?parent=1616"}],"curies":[{"name":"wp","href":"https:\/\/api.w.org\/{rel}","templated":true}]}}