{"id":1427,"date":"2020-11-14T13:59:45","date_gmt":"2020-11-14T12:59:45","guid":{"rendered":"https:\/\/tippingpointslife.wordpress.com\/?page_id=1427"},"modified":"2025-08-23T14:12:59","modified_gmt":"2025-08-23T12:12:59","slug":"humus","status":"publish","type":"page","link":"https:\/\/tippingpoints.life\/en\/humus\/","title":{"rendered":"Support from Humus"},"content":{"rendered":"\n<p>Von Anfang an bis zum 11. Durchgang wurde Tipping Points vom Verein <strong>Humus &#8211; N\u00e4hrboden f\u00fcr Ver\u00e4nderung<\/strong> organisiert und nach wie vor besteht eine gute Kooperation und Austausch. Begleitung und andere Bildungsveranstaltungen von Humus k\u00f6nnen eine gute Erg\u00e4nzung zu einem Besuch von Tipping Points darstellen. Mehr dar\u00fcber findest du auf der <a href=\"http:\/\/www.humus.live\">Website<\/a> oder auf <a href=\"http:\/\/instagram.com\/humus.fuer.veraenderung\" target=\"_blank\" rel=\"noreferrer noopener\">Instagram<\/a>.<\/p>\n\n\n\n<p>Neben der <a href=\"http:\/\/www.impuls-akademie.org\">Impuls Akademie<\/a> sowie weiteren Kursen und Workshops, unterst\u00fctzt Humus soziale Bewegungen und Graswurzelgruppen auch durch <strong>Beratung und Begleitung<\/strong> etwa bei Strategieentwicklung, Gruppendynamik oder Organisationsstrukturen und durch Moderationen. Einmal im Quartal kommt dazu ein Newsletter, den ihr <a href=\"https:\/\/11a4e2a5.sibforms.com\/serve\/MUIEAGxweQ0sfCFxOZZZURk23eSN9Xy2Jh0Vqfp9xwWXTm-Tdf-BFqNg23jd7I1LZnrDsResAwQbmlfWtKnMEgpbZae_phIROrQAmXwwE3DTIZWFOddLzBTWMmO7Br7Lpi5gu2Xy1BHvbylVzV_8J8sH-5XOKspG-pXESY8nolbftmnm0G-T2Alh2tvZo2pZEu6TGaB9S5w1du_u\">hier abonnieren<\/a> k\u00f6nnt.<\/p>\n\n\n\n<h4 class=\"wp-block-heading\">Humus ist eine Ansprechpartnerin f\u00fcr eure Gruppe in folgenden Situationen:<\/h4>\n\n\n\n<blockquote class=\"wp-block-quote is-style-default is-layout-flow wp-block-quote-is-layout-flow\">\n<p class=\"has-black-color has-text-color\">Ihr wollt eine neue Gruppe gr\u00fcnden und wisst nicht, wie ihr anfangen sollt?<\/p>\n\n\n\n<p class=\"has-black-color has-text-color\">Ihr habt eine schwierige Strategieklauusr vor euch und m\u00f6chtet, dass wir diese extern moderieren?<\/p>\n\n\n\n<p class=\"has-black-color has-text-color\">Ihr m\u00f6chtete euch mit eurer Gruppe fokussiert mit einem Thema wie Nachhaltiger Aktivismus, Pressearbeit oder on boarding besch\u00e4ftigen?<\/p>\n\n\n\n<p class=\"has-black-color has-text-color\">Ihr habt das Gef\u00fchl, in der Gruppe hakt es gerade? Oder ihr wollt euch \/ eure Strukturen weiter entwickeln?<\/p>\n<\/blockquote>\n\n\n\n<p>Dann meldet euch gerne bei Humus: info[\u00e4t]humus[punkt]at &#8211; und oder empfehlt es anderen Gruppen weiter<\/p>\n","protected":false},"excerpt":{"rendered":"<p>Von Anfang an bis zum 11. Durchgang wurde Tipping Points vom Verein Humus &#8211; N\u00e4hrboden f\u00fcr Ver\u00e4nderung organisiert und nach wie vor besteht eine gute Kooperation und Austausch. Begleitung und andere Bildungsveranstaltungen von Humus k\u00f6nnen eine gute Erg\u00e4nzung zu einem Besuch von Tipping Points darstellen. Mehr dar\u00fcber findest du auf der Website oder auf Instagram.&hellip;&nbsp;<a href=\"https:\/\/tippingpoints.life\/en\/humus\/\" rel=\"bookmark\">Read More &raquo;<span class=\"screen-reader-text\">Support from Humus<\/span><\/a><\/p>","protected":false},"author":2,"featured_media":0,"parent":0,"menu_order":0,"comment_status":"closed","ping_status":"closed","template":"","meta":{"neve_meta_sidebar":"","neve_meta_container":"","neve_meta_enable_content_width":"","neve_meta_content_width":0,"neve_meta_title_alignment":"","neve_meta_author_avatar":"","neve_post_elements_order":"","neve_meta_disable_header":"","neve_meta_disable_footer":"","neve_meta_disable_title":"","footnotes":""},"class_list":["post-1427","page","type-page","status-publish","hentry"],"_links":{"self":[{"href":"https:\/\/tippingpoints.life\/en\/wp-json\/wp\/v2\/pages\/1427","targetHints":{"allow":["GET"]}}],"collection":[{"href":"https:\/\/tippingpoints.life\/en\/wp-json\/wp\/v2\/pages"}],"about":[{"href":"https:\/\/tippingpoints.life\/en\/wp-json\/wp\/v2\/types\/page"}],"author":[{"embeddable":true,"href":"https:\/\/tippingpoints.life\/en\/wp-json\/wp\/v2\/users\/2"}],"replies":[{"embeddable":true,"href":"https:\/\/tippingpoints.life\/en\/wp-json\/wp\/v2\/comments?post=1427"}],"version-history":[{"count":9,"href":"https:\/\/tippingpoints.life\/en\/wp-json\/wp\/v2\/pages\/1427\/revisions"}],"predecessor-version":[{"id":5623,"href":"https:\/\/tippingpoints.life\/en\/wp-json\/wp\/v2\/pages\/1427\/revisions\/5623"}],"wp:attachment":[{"href":"https:\/\/tippingpoints.life\/en\/wp-json\/wp\/v2\/media?parent=1427"}],"curies":[{"name":"wp","href":"https:\/\/api.w.org\/{rel}","templated":true}]}}