{"id":1400,"date":"2020-11-14T11:24:02","date_gmt":"2020-11-14T10:24:02","guid":{"rendered":"https:\/\/tippingpointslife.wordpress.com\/?page_id=1400"},"modified":"2025-09-08T18:17:49","modified_gmt":"2025-09-08T16:17:49","slug":"ueberuns","status":"publish","type":"page","link":"https:\/\/tippingpoints.life\/en\/ueberuns\/","title":{"rendered":"About us"},"content":{"rendered":"\n<p><strong>\u201eTipping Points\u201c sind Wochenenden voller Workshops<\/strong> und Debatten zu Methoden und Skills f\u00fcr Aktivist*innen progressiver sozialer Bewegungen in \u00d6sterreich und finden seit November 2019 statt. Ein vielf\u00e4ltiges Programm zu Gruppenmoderation, Aktionsplanung und -training, Rechtshilfe, Pressearbeit, Strategieentwicklung, Nachhaltiger Aktivismus, sichere Kommunikation, Kampagnenplanung und Skill Share-Zeit wird erg\u00e4nzt durch inhaltliche Inputs und einem anregendem Rahmenprogramm. Dabei kommt auch die M\u00f6glichkeit zur Vernetzung verschiedener Gruppen und Initiativen aus ganz \u00d6sterreich nicht zu kurz.<\/p>\n\n\n\n<div class=\"wp-block-buttons is-content-justification-center is-layout-flex wp-container-core-buttons-is-layout-16018d1d wp-block-buttons-is-layout-flex\">\n<div class=\"wp-block-button has-custom-width wp-block-button__width-50 is-style-secondary\"><a class=\"wp-block-button__link has-text-align-center wp-element-button\" href=\"https:\/\/www.youtube.com\/watch?v=TwP0PkLVl54\">Kurzvideo: was ist Tipping Points?<\/a><\/div>\n<\/div>\n\n\n\n<div style=\"height:35px\" aria-hidden=\"true\" class=\"wp-block-spacer\"><\/div>\n\n\n\n<p>Tipping Points ist eine Veranstaltung von <strong><a href=\"http:\/\/humus.live\">Humus \u2013 N\u00e4hrboden f\u00fcr Ver\u00e4nderung<\/a><\/strong> mit wechselnden Kooperationspartner:innen umgesetzt wird. Die ersten drei Ausgaben wurden gemeinsam mit <a href=\"https:\/\/systemchange-not-climatechange.at\"><strong>System Change, not Climate Change<\/strong><\/a> organisiert. Zus\u00e4tzliche Unterst\u00fctzer*innen sind oder waren immer wieder lokale Gruppen an den Veranstaltungsorten (daher wechselnd) oder befreundete Kollektive wie sixtopia oder die Fridays for Future Ortsgruppe Salzburg.<\/p>\n\n\n\n<p>Bei Fragen, schreib uns gerne ein Mail an tipping-points [\u00e4t] humus [punkt] live<\/p>\n\n\n\n<div class=\"wp-block-columns is-layout-flex wp-container-core-columns-is-layout-9d6595d7 wp-block-columns-is-layout-flex\">\n<div class=\"wp-block-column is-layout-flow wp-block-column-is-layout-flow\" style=\"flex-basis:33.33%\"><div class=\"wp-block-image\">\n<figure class=\"aligncenter size-large\"><img loading=\"lazy\" decoding=\"async\" width=\"415\" height=\"446\" src=\"https:\/\/tippingpoints.convivial.garden\/wp-content\/uploads\/2020\/11\/humus_hoch_farbe_ducc88nkler-e1605346332611.png?w=415\" alt=\"\" class=\"wp-image-1410\" srcset=\"https:\/\/tippingpoints.life\/wp-content\/uploads\/2020\/11\/humus_hoch_farbe_ducc88nkler-e1605346332611.png 415w, https:\/\/tippingpoints.life\/wp-content\/uploads\/2020\/11\/humus_hoch_farbe_ducc88nkler-e1605346332611-279x300.png 279w\" sizes=\"auto, (max-width: 415px) 100vw, 415px\" \/><\/figure>\n<\/div><\/div>\n\n\n\n<div class=\"wp-block-column is-layout-flow wp-block-column-is-layout-flow\" style=\"flex-basis:66.66%\">\n<p><\/p>\n\n\n\n<p><strong>Humus<\/strong> unterst\u00fctzt Gruppen, Initiativen, Organisationen und Einzelpersonen methodisch die sich f\u00fcr eine gerechte und \u00f6kologische Welt einsetzen. Es bietet Bildung, Beratung und Begleitung f\u00fcr soziale Bewegungen. Mehr Infos <a rel=\"noreferrer noopener\" href=\"https:\/\/tippingpoints.convivial.garden\/wp-content\/uploads\/2020\/11\/humus_nacc88hrbodenzumwachsen.pdf\" target=\"_blank\">hier<\/a>.<\/p>\n<\/div>\n<\/div>\n\n\n\n<h3 class=\"wp-block-heading\">Einige Impressionen<\/h3>\n\n\n\n<figure class=\"wp-block-embed is-type-rich is-provider-flickr wp-block-embed-flickr\"><div class=\"wp-block-embed__wrapper\">\n<a data-flickr-embed='true' href='https:\/\/www.flickr.com\/photos\/humusfuerveraenderung\/albums\/72177720321739539\/' title='Tipping Points #11 by humus-zumwachsen, on Flickr'><img src='https:\/\/live.staticflickr.com\/65535\/54118605026_38ae2412a3_b.jpg' width='800' height='600' alt='Tipping Points #11'><\/a><script async src='https:\/\/embedr.flickr.com\/assets\/client-code.js' charset='utf-8'><\/script>\n<\/div><\/figure>\n\n\n\n<h3 class=\"wp-block-heading\" id=\"livechronologie\"> <strong>Chronologie:<\/strong><\/h3>\n\n\n\n<ul class=\"wp-block-list\">\n<li>TP #1 findet im November 2019 in Graz statt und ist ein gro\u00dfartiger Erfolg.<\/li>\n\n\n\n<li>TP #2 ist f\u00fcr Ende M\u00e4rz 2020 in Salzburg geplant, doch der erste harte Lockdown funkt dazwischen. Wir stellen kurzfristig eine kleine Online Ausgabe auf die Beine.<\/li>\n\n\n\n<li>Tipping Times wird geboren, eine fortlaufende Serie an Online-Workshops von April bis Anfang Juni 2020. Lockdown Zeit&#8230;<\/li>\n\n\n\n<li> TP #3 ist (wieder) in Salzburg geplant &#8211; und wieder kommt ein Lockdown dazwischen. Schnell kreieren wir eine Online-Version, die lockdown edition no. 2.<\/li>\n\n\n\n<li>Tipping Points #4 fand Ende Februar 2021 statt, geplanterweise online. <\/li>\n\n\n\n<li>Tipping Points #5 fand aufgrund der gro\u00dfen Nachfrage schon im Juni 2021 online &amp; hybrid statt. <\/li>\n\n\n\n<li>Tipping Points #6 fand im November in Linz 2021 statt &#8211; der Lockdown kam diesmal genau am Tag danach!<\/li>\n\n\n\n<li>Tipping Points #7 fand im Juni 2022 in Innsbruck statt, endlich mal westw\u00e4rts!<\/li>\n\n\n\n<li>Tipping Points #8 fand im Februar 2023 in Wien statt.<\/li>\n\n\n\n<li>Tipping Points #9 fand im Dezember 2023 in Salzburg statt.<\/li>\n\n\n\n<li>Tipping Points #10 kam im Juni 2024 nach Graz (zur\u00fcck).<\/li>\n\n\n\n<li>Tipping Points #11 fand im November 2024 in Wien statt.<\/li>\n\n\n\n<li>Tipping Points #12 findet im Oktober 2025 in Salzburg statt.<\/li>\n\n\n\n<li>Wie geht&#8217;s dann weiter? <br>Infos zur Fortsetzung gibt&#8217;s immer sobald etwas fixiert wurde auf der Website oder unseren <a href=\"http:\/\/www.tippingpoints.life\/newsletter\">Social Media Kan\u00e4len<\/a>. <br>Wenn du Tipping Points in deinen Ort holen willst, schreib uns!<\/li>\n<\/ul>\n\n\n\n<p>Mehr zur Geschichte gibt&#8217;s bei der langj\u00e4hrigen Kooperationspartnerin <a href=\"https:\/\/systemchange-not-climatechange.at\/de\/tipping-points\/\">System Change, not Climate Change<\/a>, Programm\u00fcbersichten der bisherigen Ausgaben findet ihr im Archiv im Men\u00fc. Au\u00dferdem haben wir jene Unterlagen und Folien von Workshops unter &#8222;Ressourcen&#8220; bereitgestellt, welche von den jeweiligen Referent*innen erhalten haben.<\/p>\n\n\n\n<h3 class=\"wp-block-heading\" id=\"warum-ist-uns-das-wichtig-im-mittelpunkt-stehen-skills-und-methoden-statt-inhalte-weil-tipping-points-menschen-in-sozialen-bewegungen-empowern-mochte-und-den-vielen-besonders-auch-jungen-aktiven-die-sich-fur-eine-bessere-welt-einsetzen-handwerkszeug-anbieten-mochte-themen-bringt-ihr-selber-mit-ausserdem-wollen-wir-verschiedene-gruppen-zusammenbringen-und-vernetzung-uber-einzelnen-themenbereiche-hinaus-ermoglichen-ein-fokus-auf-ein-thema-einen-struggle-wurde-unser-breites-angebot-fur-andere-gruppen-weniger-interessant-machen-kommt-alle\">Warum ist uns das wichtig? <\/h3>\n\n\n\n<p id=\"warum-ist-uns-das-wichtig-im-mittelpunkt-stehen-skills-und-methoden-statt-inhalte-weil-tipping-points-menschen-in-sozialen-bewegungen-empowern-mochte-und-den-vielen-besonders-auch-jungen-aktiven-die-sich-fur-eine-bessere-welt-einsetzen-handwerkszeug-anbieten-mochte-themen-bringt-ihr-selber-mit-ausserdem-wollen-wir-verschiedene-gruppen-zusammenbringen-und-vernetzung-uber-einzelnen-themenbereiche-hinaus-ermoglichen-ein-fokus-auf-ein-thema-einen-struggle-wurde-unser-breites-angebot-fur-andere-gruppen-weniger-interessant-machen-kommt-alle\">Im Mittelpunkt stehen <strong>Skills und Methoden<\/strong>, statt Inhalte, weil Tipping Points Menschen in Sozialen Bewegungen empowern m\u00f6chte und den vielen &#8211; besonders auch jungen &#8211; Aktiven, die sich f\u00fcr eine bessere Welt einsetzen, Handwerkszeug anbieten m\u00f6chte. Themen bringt ihr selber mit! Au\u00dferdem wollen wir verschiedene Gruppen zusammenbringen und Vernetzung \u00fcber einzelnen Themenbereiche hinaus erm\u00f6glichen. Ein Fokus auf ein Thema, einen struggle w\u00fcrde unser breites Angebot f\u00fcr andere Gruppen weniger interessant machen. Kommt alle! \ud83d\ude42 <\/p>\n\n\n\n<p class=\"has-text-align-right has-black-color has-white-background-color has-text-color has-background\">Du m\u00f6chtest ein \u00e4hnliches Event organisieren, zur Weiterbildung, Vernetzung, als inhaltlichen Kongress? Schreib uns, wir geben gerne unsere Erfahrungen weiter. Au\u00dferdem kannst du <a href=\"https:\/\/form.typeform.com\/to\/gOZYFwUK\">hier unser Handbuch<\/a> vorbestellen. <\/p>\n","protected":false},"excerpt":{"rendered":"<p>\u201eTipping Points\u201c sind Wochenenden voller Workshops und Debatten zu Methoden und Skills f\u00fcr Aktivist*innen progressiver sozialer Bewegungen in \u00d6sterreich und finden seit November 2019 statt. Ein vielf\u00e4ltiges Programm zu Gruppenmoderation, Aktionsplanung und -training, Rechtshilfe, Pressearbeit, Strategieentwicklung, Nachhaltiger Aktivismus, sichere Kommunikation, Kampagnenplanung und Skill Share-Zeit wird erg\u00e4nzt durch inhaltliche Inputs und einem anregendem Rahmenprogramm. Dabei kommt&hellip;&nbsp;<a href=\"https:\/\/tippingpoints.life\/en\/ueberuns\/\" rel=\"bookmark\">Read More &raquo;<span class=\"screen-reader-text\">About us<\/span><\/a><\/p>","protected":false},"author":2,"featured_media":0,"parent":0,"menu_order":0,"comment_status":"closed","ping_status":"closed","template":"","meta":{"neve_meta_sidebar":"","neve_meta_container":"","neve_meta_enable_content_width":"","neve_meta_content_width":0,"neve_meta_title_alignment":"","neve_meta_author_avatar":"","neve_post_elements_order":"","neve_meta_disable_header":"","neve_meta_disable_footer":"","neve_meta_disable_title":"","footnotes":""},"class_list":["post-1400","page","type-page","status-publish","hentry"],"_links":{"self":[{"href":"https:\/\/tippingpoints.life\/en\/wp-json\/wp\/v2\/pages\/1400","targetHints":{"allow":["GET"]}}],"collection":[{"href":"https:\/\/tippingpoints.life\/en\/wp-json\/wp\/v2\/pages"}],"about":[{"href":"https:\/\/tippingpoints.life\/en\/wp-json\/wp\/v2\/types\/page"}],"author":[{"embeddable":true,"href":"https:\/\/tippingpoints.life\/en\/wp-json\/wp\/v2\/users\/2"}],"replies":[{"embeddable":true,"href":"https:\/\/tippingpoints.life\/en\/wp-json\/wp\/v2\/comments?post=1400"}],"version-history":[{"count":22,"href":"https:\/\/tippingpoints.life\/en\/wp-json\/wp\/v2\/pages\/1400\/revisions"}],"predecessor-version":[{"id":5701,"href":"https:\/\/tippingpoints.life\/en\/wp-json\/wp\/v2\/pages\/1400\/revisions\/5701"}],"wp:attachment":[{"href":"https:\/\/tippingpoints.life\/en\/wp-json\/wp\/v2\/media?parent=1400"}],"curies":[{"name":"wp","href":"https:\/\/api.w.org\/{rel}","templated":true}]}}