{"id":1132,"date":"2020-09-30T18:20:36","date_gmt":"2020-09-30T16:20:36","guid":{"rendered":"https:\/\/tippingpointslife.wordpress.com\/?page_id=1132"},"modified":"2025-11-16T17:41:12","modified_gmt":"2025-11-16T16:41:12","slug":"newsletter","status":"publish","type":"page","link":"https:\/\/tippingpoints.life\/en\/newsletter\/","title":{"rendered":"News Channels"},"content":{"rendered":"<p>To ensure you don't miss anything, there are various channels through which you can get news about the program and registration - depending on your taste.<\/p>\n\n\n\n<ul class=\"wp-block-list\">\n<li class=\"translation-block\"><a href=\"https:\/\/11a4e2a5.sibforms.com\/serve\/MUIEAIprxW5-qiufKTxuaDRHyibSbxGc7rYAKYnNPj67ux3D1jptFIIGCj31zrXWL5VT3ymTK3Dyf8bAfdHqoJTCzR3R1PNlBPEViD9SLlLqfUm_K3h1fx3a5tauyv52Bo7eXsTzUzSLdoRDJws2Lbxf7criXLXGwp3gsilPF3RNYzLQe5kh66ALJmZSpl1hT15j36Ols7qgu45K\" target=\"_self\">Tipping Points Newsmail<\/a> (DE\/EN) \u2013 the most important channel, please subscribe!<\/li>\n\n\n\n<li class=\"translation-block\"><a href=\"https:\/\/signal.group\/#CjQKIKWttQFZIdHxkoAe4Xccf52wrbt0Zu-NIINf4wfouKHJEhDyZ1m2Yq3s3WIQ9a6jQZuB\" target=\"_self\">Signal-Channel<\/a> (DE\/EN) \u2013 a useful alternative<\/li>\n<\/ul>\n\n\n\n<p>Further useful channels:<\/p>\n\n\n\n<ul class=\"wp-block-list\">\n<li class=\"translation-block\"><a href=\"https:\/\/www.instagram.com\/tipping.points.at\" target=\"_self\">Tipping Points on Instagram<\/a> (DE\/EN) \u2013 like it or not...<\/li>\n\n\n\n<li class=\"translation-block\"><a href=\"https:\/\/11a4e2a5.sibforms.com\/serve\/MUIEAKwH2Bq3huEAyZTjHJz-BuVknJI-Iy6VopgNcxg_-cDcpOTjlUNy7UkLpiqKUuID25S-_6MZ5DnB5UKn3Trb4oyr59FqrJn6-bmejCxleMGQq_z4dLbV0ThjAzXh41Ju9wIHlFTzgQg7XnYmOV690zsLm2GVnQuKmqukiWOOKA1kdk5eayDgB-aIAuC7fTiXukBj8ykBcRou\" target=\"_self\">Humus newsletter by email<\/a> (DE) \u2013 more offers from our team<\/li>\n\n\n\n<li class=\"translation-block\"><a href=\"https:\/\/signal.group\/#CjQKIHVb8btD3_znamkj0aGFOebZf-BPUyI257pCAi9pxagnEhD761zz0xQuHe5tvsdxTPIp\" target=\"_self\">Humus Newsletter via Signal<\/a> (DE) \u2013 same as above, but in your messenger app<\/li>\n\n\n\n<li class=\"translation-block\"><a href=\"https:\/\/www.instagram.com\/humus.fuer.veraenderung\/\" target=\"_self\">Humus Instagram<\/a> (DE) \u2013 give it a try!<\/li>\n<\/ul>\n\n\n\n<div style=\"height:29px\" aria-hidden=\"true\" class=\"wp-block-spacer\"><\/div>\n\n\n\n<div class=\"wp-block-columns is-layout-flex wp-container-core-columns-is-layout-9d6595d7 wp-block-columns-is-layout-flex\">\n<div class=\"wp-block-column is-layout-flow wp-block-column-is-layout-flow\" style=\"flex-basis:50%\">\n<figure class=\"wp-block-image size-large is-resized\"><a href=\"https:\/\/11a4e2a5.sibforms.com\/serve\/MUIEAIprxW5-qiufKTxuaDRHyibSbxGc7rYAKYnNPj67ux3D1jptFIIGCj31zrXWL5VT3ymTK3Dyf8bAfdHqoJTCzR3R1PNlBPEViD9SLlLqfUm_K3h1fx3a5tauyv52Bo7eXsTzUzSLdoRDJws2Lbxf7criXLXGwp3gsilPF3RNYzLQe5kh66ALJmZSpl1hT15j36Ols7qgu45K\"><img loading=\"lazy\" decoding=\"async\" width=\"323\" height=\"265\" src=\"https:\/\/tippingpoints.convivial.garden\/wp-content\/uploads\/2020\/09\/tp3_logo.png?w=323\" alt=\"\" class=\"wp-image-1136\" style=\"width:280px;height:240px\" srcset=\"https:\/\/tippingpoints.life\/wp-content\/uploads\/2020\/09\/tp3_logo.png 323w, https:\/\/tippingpoints.life\/wp-content\/uploads\/2020\/09\/tp3_logo-300x246.png 300w\" sizes=\"auto, (max-width: 323px) 100vw, 323px\" \/><\/a><\/figure>\n\n\n\n<div style=\"height:15px\" aria-hidden=\"true\" class=\"wp-block-spacer\"><\/div>\n<\/div>\n\n\n\n<div class=\"wp-block-column is-layout-flow wp-block-column-is-layout-flow\" style=\"flex-basis:50%\">\n<figure class=\"wp-block-image size-large is-resized\"><a href=\"https:\/\/www.humus.live\" target=\"_blank\" rel=\"noopener\"><img loading=\"lazy\" decoding=\"async\" width=\"3252\" height=\"3003\" src=\"https:\/\/tippingpoints.convivial.garden\/wp-content\/uploads\/2021\/11\/logo_hoch.png?w=1024\" alt=\"\" class=\"wp-image-2920\" style=\"width:282px;height:261px\" srcset=\"https:\/\/tippingpoints.life\/wp-content\/uploads\/2021\/11\/logo_hoch.png 3252w, https:\/\/tippingpoints.life\/wp-content\/uploads\/2021\/11\/logo_hoch-300x277.png 300w, https:\/\/tippingpoints.life\/wp-content\/uploads\/2021\/11\/logo_hoch-1024x946.png 1024w, https:\/\/tippingpoints.life\/wp-content\/uploads\/2021\/11\/logo_hoch-768x709.png 768w, https:\/\/tippingpoints.life\/wp-content\/uploads\/2021\/11\/logo_hoch-1536x1418.png 1536w, https:\/\/tippingpoints.life\/wp-content\/uploads\/2021\/11\/logo_hoch-2048x1891.png 2048w\" sizes=\"auto, (max-width: 3252px) 100vw, 3252px\" \/><\/a><\/figure>\n<\/div>\n<\/div>\n\n\n\n<h2 class=\"wp-block-heading has-text-align-center\" id=\"werden-wir-gemeinsam-zum-kipppunkt\">Let us become the tipping point of social change!<\/h2>","protected":false},"excerpt":{"rendered":"<p>Damit ihr nichts verpasst, gibt es hier verschiedene Kan\u00e4le, \u00fcber die ihr die News zu Programm und Anmeldung bekommt &#8211; je nach Geschmack. Au\u00dferdem ganz n\u00fctzlich: Werden wir gemeinsam zum Kipppunkt!<\/p>","protected":false},"author":2,"featured_media":0,"parent":0,"menu_order":0,"comment_status":"closed","ping_status":"closed","template":"","meta":{"neve_meta_sidebar":"","neve_meta_container":"","neve_meta_enable_content_width":"","neve_meta_content_width":0,"neve_meta_title_alignment":"","neve_meta_author_avatar":"","neve_post_elements_order":"","neve_meta_disable_header":"","neve_meta_disable_footer":"","neve_meta_disable_title":"","footnotes":""},"class_list":["post-1132","page","type-page","status-publish","hentry"],"_links":{"self":[{"href":"https:\/\/tippingpoints.life\/en\/wp-json\/wp\/v2\/pages\/1132","targetHints":{"allow":["GET"]}}],"collection":[{"href":"https:\/\/tippingpoints.life\/en\/wp-json\/wp\/v2\/pages"}],"about":[{"href":"https:\/\/tippingpoints.life\/en\/wp-json\/wp\/v2\/types\/page"}],"author":[{"embeddable":true,"href":"https:\/\/tippingpoints.life\/en\/wp-json\/wp\/v2\/users\/2"}],"replies":[{"embeddable":true,"href":"https:\/\/tippingpoints.life\/en\/wp-json\/wp\/v2\/comments?post=1132"}],"version-history":[{"count":10,"href":"https:\/\/tippingpoints.life\/en\/wp-json\/wp\/v2\/pages\/1132\/revisions"}],"predecessor-version":[{"id":5953,"href":"https:\/\/tippingpoints.life\/en\/wp-json\/wp\/v2\/pages\/1132\/revisions\/5953"}],"wp:attachment":[{"href":"https:\/\/tippingpoints.life\/en\/wp-json\/wp\/v2\/media?parent=1132"}],"curies":[{"name":"wp","href":"https:\/\/api.w.org\/{rel}","templated":true}]}}