{"id":1103,"date":"2020-09-26T20:26:14","date_gmt":"2020-09-26T18:26:14","guid":{"rendered":"https:\/\/tippingpointslife.wordpress.com\/?page_id=1103"},"modified":"2025-09-12T18:13:40","modified_gmt":"2025-09-12T16:13:40","slug":"tp3vernetzung","status":"publish","type":"page","link":"https:\/\/tippingpoints.life\/en\/tp3vernetzung\/","title":{"rendered":"TP3 &#8211; Vernetzung"},"content":{"rendered":"<div class=\"wp-block-group alignfull\"><div class=\"wp-block-group__inner-container is-layout-flow wp-block-group-is-layout-flow\">\n<div class=\"wp-block-columns is-layout-flex wp-container-core-columns-is-layout-9d6595d7 wp-block-columns-is-layout-flex\">\n<div class=\"wp-block-column is-layout-flow wp-block-column-is-layout-flow\" style=\"flex-basis:33.33%;\">\n<h4 class=\"wp-block-heading\">&#8230; in der Lockdown-Zeit<\/h4>\n<\/div>\n\n\n<div class=\"wp-block-column is-layout-flow wp-block-column-is-layout-flow\" style=\"flex-basis:66.66%;\">\n<p>Viele Vernetzungsm\u00f6glichkeiten von der physischen Ausgabe k\u00f6nnen wir nat\u00fcrlich nicht so leicht adaptieren, wie einzelne Workshops. <strong>Was wir in jedem Fall anbieten, sind zwei Austauschr\u00e4ume von 17:00 bis 18:30. <\/strong>Diese R\u00e4ume sind f\u00fcr alle (nach <a href=\"https:\/\/tippingpointslife.wordpress.com\/teilnehmen-tt3\/\">Registration<\/a>) zug\u00e4nglich und sollen zur gemeinsamen Diskussion und zum Weiterdenken einladen!<\/p>\n<\/div>\n<\/div>\n<\/div><\/div>\n\n\n<div class=\"wp-block-columns is-layout-flex wp-container-core-columns-is-layout-9d6595d7 wp-block-columns-is-layout-flex\">\n<div class=\"wp-block-column is-layout-flow wp-block-column-is-layout-flow\" style=\"flex-basis:33.33%;\">\n<p class=\"has-black-color has-text-color has-background\" style=\"background-color:#ffe6fa;\"><strong>Austausch-raum 1: Corona als l\u00e4ngerfristiger Zustand: Was hei\u00dft das f\u00fcr unsern Aktivismus?<\/strong><\/p>\n\n\n<p class=\"has-black-color has-text-color has-background\" style=\"background-color:#ffe6fa;\"><strong>Austausch-raum 2: Wie kommt das Wissen von mir in meine Gruppe?<\/strong><\/p>\n<\/div>\n\n\n<div class=\"wp-block-column is-layout-flow wp-block-column-is-layout-flow\" style=\"flex-basis:66.66%;\">\n<p class=\"has-background\" style=\"background-color:#ffe6fa;\">Hier wollen wir gemeinsam dar\u00fcber nachdenken, was es f\u00fcr uns und unsere Gruppen hei\u00dft, wenn wir uns darauf einstellen (m\u00fcssen) noch 8 oder 12 Monate von der Corona-Pandemie begleitet werden. Was ist m\u00f6glich, was ist notwendig? Eure Ideen, Fragen und Gedanken sind gefragt!<\/p>\n\n\n<p class=\"has-black-color has-text-color has-background\" style=\"background-color:#ffe6fa;\">Dieser Raum ist besonders f\u00fcr alle Workshop-Teilnehmer*innen gedacht, die etwas neues gelernt haben und vor der Situation stehen, diese Skills jetzt in ihre Gruppen zu tragen. Wir sammeln Tipps und Erfahrungen zum Thema <\/p>\n<\/div>\n<\/div>\n\n\n<p>Der Rest des Programms findet ihr hier:<br>* <a href=\"https:\/\/tippingpointslife.wordpress.com\/programm-tp3\/\">Workshops<\/a>, Vormittag + Nachmittag (Anmeldung notwendig)<br>* <a href=\"https:\/\/tippingpointslife.wordpress.com\/tp3rahmenprogramm\/\">Podiumsdiskussion<\/a>, ab 19:00<\/p>\n\n\n<p><strong>Tipping Points lebt vor allem von Spenden<\/strong> &#8211; wenn du unsere Arbeit auch in Zukunft (Tipping Points #4) erm\u00f6glichen m\u00f6chtest, <a href=\"https:\/\/tippingpointslife.wordpress.com\/tipping-points-unterstutzen\/\">unterst\u00fctze uns bitte <\/a>nach deinen M\u00f6glichkeiten!<\/p>","protected":false},"excerpt":{"rendered":"<p>&#8230; in der Lockdown-Zeit Viele Vernetzungsm\u00f6glichkeiten von der physischen Ausgabe k\u00f6nnen wir nat\u00fcrlich nicht so leicht adaptieren, wie einzelne Workshops. Was wir in jedem Fall anbieten, sind zwei Austauschr\u00e4ume von 17:00 bis 18:30. Diese R\u00e4ume sind f\u00fcr alle (nach Anmeldung) zug\u00e4nglich und sollen zur gemeinsamen Diskussion und zum Weiterdenken einladen! Austausch-raum 1: Corona als l\u00e4ngerfristiger&hellip;&nbsp;<a href=\"https:\/\/tippingpoints.life\/en\/tp3vernetzung\/\" rel=\"bookmark\">Read More &raquo;<span class=\"screen-reader-text\">TP3 &#8211; Vernetzung<\/span><\/a><\/p>","protected":false},"author":2,"featured_media":0,"parent":0,"menu_order":0,"comment_status":"closed","ping_status":"closed","template":"","meta":{"neve_meta_sidebar":"","neve_meta_container":"","neve_meta_enable_content_width":"","neve_meta_content_width":0,"neve_meta_title_alignment":"","neve_meta_author_avatar":"","neve_post_elements_order":"","neve_meta_disable_header":"","neve_meta_disable_footer":"","neve_meta_disable_title":"","footnotes":""},"class_list":["post-1103","page","type-page","status-publish","hentry"],"_links":{"self":[{"href":"https:\/\/tippingpoints.life\/en\/wp-json\/wp\/v2\/pages\/1103","targetHints":{"allow":["GET"]}}],"collection":[{"href":"https:\/\/tippingpoints.life\/en\/wp-json\/wp\/v2\/pages"}],"about":[{"href":"https:\/\/tippingpoints.life\/en\/wp-json\/wp\/v2\/types\/page"}],"author":[{"embeddable":true,"href":"https:\/\/tippingpoints.life\/en\/wp-json\/wp\/v2\/users\/2"}],"replies":[{"embeddable":true,"href":"https:\/\/tippingpoints.life\/en\/wp-json\/wp\/v2\/comments?post=1103"}],"version-history":[{"count":2,"href":"https:\/\/tippingpoints.life\/en\/wp-json\/wp\/v2\/pages\/1103\/revisions"}],"predecessor-version":[{"id":5721,"href":"https:\/\/tippingpoints.life\/en\/wp-json\/wp\/v2\/pages\/1103\/revisions\/5721"}],"wp:attachment":[{"href":"https:\/\/tippingpoints.life\/en\/wp-json\/wp\/v2\/media?parent=1103"}],"curies":[{"name":"wp","href":"https:\/\/api.w.org\/{rel}","templated":true}]}}