{"id":1059,"date":"2020-09-23T16:15:26","date_gmt":"2020-09-23T14:15:26","guid":{"rendered":"https:\/\/tippingpointslife.wordpress.com\/?page_id=1059"},"modified":"2024-03-06T12:47:01","modified_gmt":"2024-03-06T11:47:01","slug":"tp3","status":"publish","type":"page","link":"https:\/\/tippingpoints.life\/en\/tp3\/","title":{"rendered":"TP3 &#8211; 11\/2020"},"content":{"rendered":"\n<p>Durch die Umstellung auf die Online-Ausgabe haben wir <strong>statt 23 Workshops jetzt noch 8 im Angebot<\/strong>, aber daf\u00fcr <strong>alles geballt am 14. November<\/strong> &#8211; erg\u00e4nzt durch eine <a href=\"https:\/\/tippingpointslife.wordpress.com\/tp3rahmenprogramm\/\">Podiumsdiskussion (zum <strong>Rahmenprogramm<\/strong>) <\/a>und Austauschr\u00e4ume zum Vertiefen oder Weiterdenken der Workshopinhalte. <strong>Schaut vorbei und vergesst nicht die Anmeldung bis sp\u00e4testens Donnerstag,<\/strong> damit ihr den Zugangslink bekommt!<\/p>\n\n\n\n<p>Hier geht&#8217;s zum <a href=\"https:\/\/tippingpoints.life\/tp3vernetzung\/\">coronaangepassten Vernetzungsprogramm.<\/a><\/p>\n\n\n\n<figure class=\"wp-block-image size-large\"><a href=\"https:\/\/tippingpoints.convivial.garden\/wp-content\/uploads\/2020\/11\/programmtp3.jpg\"><img decoding=\"async\" src=\"https:\/\/tippingpoints.convivial.garden\/wp-content\/uploads\/2020\/11\/programmtp3.jpg?w=1024\" alt=\"\" class=\"wp-image-1366\"\/><\/a><\/figure>\n\n\n\n<p class=\"has-text-align-center has-black-color has-text-color has-background\" style=\"background-color:#ffe6fa\"><strong>Noch ein Hinweis: <\/strong><br>Wer unsere Workshops zu sp\u00e4t entdeckt hat oder aber mehr m\u00f6chte, der\/die findet bei <strong>Humus &#8211; N\u00e4hrboden f\u00fcr Ver\u00e4nderung <\/strong>aktuell auch ein <a href=\"https:\/\/tippingpointslife.wordpress.com\/humus-basiskurs\/\">spannendes Kursangebot<\/a> f\u00fcr die Organisierung von Gruppen und Kampagnenplanung.<\/p>\n\n\n\n<h2 class=\"wp-block-heading\" id=\"workshops-im-detail\">Workshops im Detail<\/h2>\n\n\n\n<p class=\"has-black-color has-text-color has-background\" style=\"background-color:#ffe6fa\"><strong>Aktivistisches Theater f\u00fcr Klimagerechtigkeit<\/strong><br><strong>Von:<\/strong> Theater der Unterdr\u00fcckten Wien \/ Resilient Revolt<br><br>Was uns in der Klimakrise betroffen macht und wie Klimagerechtigkeit in unserem Alltag eine Rolle spielt, verarbeiten wir in diesem Workshop szenisch und machen uns Gedanken, wie wir solche \u00e4sthetischen Mittel in gr\u00f6\u00dferen und f\u00fcr eigene Aktionen verwenden k\u00f6nnen. Bitte Spielfreude und Lebenslust mitbringen, theatrale Vorerfahrung nicht n\u00f6tig!<\/p>\n\n\n\n<p class=\"has-black-color has-text-color has-background\" style=\"background-color:#ffe6fa\"><strong>Knast und Widerstand &#8211; self-care vor und nach Repression<\/strong><br><strong>Von:<\/strong> L &amp; L.<br><br>Dieser Workshop besch\u00e4ftigt sich mit den emotionalen Aspekten von Knast und Polizeirepression. Was f\u00fcr Methoden gibt es um diese Erfahrungen von Gewalt und Unterdr\u00fcckung zu verarbeiten? Wie bleiben wir handlungsf\u00e4hig, emotional gesund und im Selbstvertrauen? Wie k\u00f6nnen wir uns m\u00f6glichst gut auf Knast vorbereiten? Wie k\u00f6nnen wir eine nachhaltige politische Praxis erm\u00f6glichen?<br>Wir werden anhand von realen Knasterfahrungen und anarcha-feministischen Methoden Wege suchen und finden uns in unserer Community und Bewegungen gegenseitig zu st\u00e4rken, anstatt in Leistungsdruck, Trauma und Burn-out unterzugehen.<br><br>Themen: u.a. Radical Softness, Vorbereitung auf Knast, Knasterfahrung im Ausland, Umgang mit Trauma.<br><br>Der Workshop wird die Erfahrungen von 2 Menschen, die wei\u00df, cisweiblich und able bodied mit \u00f6sterreichischem Pass sind, widerspiegeln. Viele Erfahrungen von anderen Menschen sind schwieriger und komplexer, aufgrund von racial profiling, not passing im bin\u00e4ren System oder anderen strukturellen Unterdr\u00fcckungsmechanismen.<\/p>\n\n\n\n<p class=\"has-black-color has-text-color has-background\" style=\"background-color:#ffe6fa\">[Dieser Workshop ist leider schon voll! Wenn du in an einem anderen Datum f\u00fcr deine Gruppe buchen m\u00f6chtest, schreib uns ein eMail]<br> <strong>Die Strategie der konfrontativen Kampagne und ihre demokratiepolitische Rechtfertigung<\/strong><br><strong>Von:<\/strong> Martin Balluch, VGT<br><br>Beschreibung folgt<\/p>\n\n\n\n<p class=\"has-black-color has-text-color has-background\" style=\"background-color:#ffe6fa\"><strong>Pressearbeit f\u00fcr soziale Bewegungen<\/strong><br><strong>Von:<\/strong> wort.wechsel<br><br>Was genau machen eigentlich Presse-AGs? Warum sprechen wir mit der Presse, und wie erz\u00e4hlen wir die richtigen Sachen? Wie schaffen wir es, geh\u00f6rt zu werden, und wie wird das, was wir sagen, auch f\u00fcr viele Menschen verst\u00e4ndlich und inspirierend? Wir geben einen \u00dcberblick, was alles zu Pressearbeit geh\u00f6rt, wie die Pressewelt so funktioniert und welche Werkzeuge wir kennen sollten, um mit unserer Arbeit eine breite \u00d6ffentlichkeit zu begeistern.<\/p>\n\n\n\n<p class=\"has-black-color has-text-color has-background\" style=\"background-color:#ffe6fa\">[Dieser Workshop ist leider schon voll! Wenn du in an einem anderen Datum f\u00fcr deine Gruppe buchen m\u00f6chtest, schreib uns ein eMail]<br><strong>Nachhaltiger Aktivismus &#8211; individuelle und kollektive Strategien<\/strong><br><strong>Von: <\/strong>Hannah und Johannes<br><br>Wir wollen uns auf individueller Ebene mit unseren Ressourcen und ihrer Planung besch\u00e4ftigen. Au\u00dferdem werden wir uns mit Strukturen und Dynamiken in Gruppen auseinandersetzen, die hilfreich und hinderlich f\u00fcr Nachhaltigen Aktivismus&nbsp;sind.<\/p>\n\n\n\n<p class=\"has-black-color has-text-color has-background\" style=\"background-color:#ffe6fa\"><strong>Online Moderation: Zoom, BBB und wie man Leute bei Laune h\u00e4lt<\/strong><br><strong>Von:<\/strong> Humus &#8211; N\u00e4hrboden f\u00fcr Ver\u00e4nderung<br><br>In diesem Workshop werden wir uns technisch und moderativ damit besch\u00e4ftigen, wie Gruppentreffen und Workshops auch online zu spannenden Veranstaltungen mit Beteiligungsm\u00f6glichkeiten gemacht werden k\u00f6nnen.<br>Gemeinsam werden wir die Basic-Funktionen und Einstellungen von Zoom bzw. Big Blue Button durchgehen und einige Online-Tools f\u00fcr Beteiligungsm\u00f6glichkeiten und Arbeit in Kleingruppen kennen lernen. Au\u00dferdem befassen wir uns mit dos und donts der Online Moderation.<\/p>\n\n\n\n<p class=\"has-black-color has-text-color has-background\" style=\"background-color:#ffe6fa\"><strong>Transformative Gerechtigkeit<\/strong><br><strong>Von:<\/strong> Awareness Basel \/ Awarenetz.org<br><br>Das jetztige staatliche Justiz- und Gef\u00e4ngnissystem bewirkt oft keine Deeskalation &#8211; im Gegenteil: es f\u00fchrt zu noch mehr Gewalt. Der Workshop m\u00f6chte ein Bewusstsein f\u00fcr Privilegien, Machtverh\u00e4ltnisse und grenz\u00fcberschreitendes Verhalten schaffen &#8211; und Wege aufzeigen, diese kollektiv aufzuarbeiten.<\/p>\n\n\n\n<p class=\"has-black-color has-text-color has-background\" style=\"background-color:#ffe6fa\"><strong>\u201eIch frag f\u00fcr einen Freund\u201c vs. deine Auseinandersetzung mit M\u00e4nnlichkeiten<\/strong><br><strong>Von:<\/strong> J + T<br><br>Der Workshop befasst sich mit M\u00e4nnlichkeiten, deren Positionierung und Privilegien. Gemeinsam loten wir Aspekte von M\u00e4nnlichkeiten aus und fragen nach Ver\u00e4nderung und Br\u00fcchen von unterdr\u00fcckerischen Normen. Dabei werden wir uns mit gesellschaftlichen Verh\u00e4ltnissen und allt\u00e4glichen Auswirkungen von konstruierten Geschlechterunterschieden besch\u00e4ftigen.<br><br>Weiters behandelt werden typische Abwehrmustern gegen\u00fcber emanzipatorischer Ver\u00e4nderung, als auch die positiven \/ negativen Konsequenzen von M\u00e4nnlichkeiten. Wie k\u00f6nnen (neue) Handlungsm\u00f6glichkeiten ausschauen bzw. erweitert werden und wie kann mensch (pro-)feministisch agieren?<br><br>Der interaktive Workshop findet in deutscher Lautsprache statt und ist offen f\u00fcr alle Geschlechter.<\/p>\n\n\n\n<p><\/p>\n","protected":false},"excerpt":{"rendered":"<p>Durch die Umstellung auf die Online-Ausgabe haben wir statt 23 Workshops jetzt noch 8 im Angebot, aber daf\u00fcr alles geballt am 14. November &#8211; erg\u00e4nzt durch eine Podiumsdiskussion (zum Rahmenprogramm) und Austauschr\u00e4ume zum Vertiefen oder Weiterdenken der Workshopinhalte. Schaut vorbei und vergesst nicht die Anmeldung bis sp\u00e4testens Donnerstag, damit ihr den Zugangslink bekommt! Hier geht&#8217;s&hellip;&nbsp;<a href=\"https:\/\/tippingpoints.life\/en\/tp3\/\" rel=\"bookmark\">Read More &raquo;<span class=\"screen-reader-text\">TP3 &#8211; 11\/2020<\/span><\/a><\/p>","protected":false},"author":2,"featured_media":0,"parent":0,"menu_order":0,"comment_status":"closed","ping_status":"closed","template":"","meta":{"neve_meta_sidebar":"","neve_meta_container":"","neve_meta_enable_content_width":"","neve_meta_content_width":0,"neve_meta_title_alignment":"","neve_meta_author_avatar":"","neve_post_elements_order":"","neve_meta_disable_header":"","neve_meta_disable_footer":"","neve_meta_disable_title":"","footnotes":""},"class_list":["post-1059","page","type-page","status-publish","hentry"],"_links":{"self":[{"href":"https:\/\/tippingpoints.life\/en\/wp-json\/wp\/v2\/pages\/1059","targetHints":{"allow":["GET"]}}],"collection":[{"href":"https:\/\/tippingpoints.life\/en\/wp-json\/wp\/v2\/pages"}],"about":[{"href":"https:\/\/tippingpoints.life\/en\/wp-json\/wp\/v2\/types\/page"}],"author":[{"embeddable":true,"href":"https:\/\/tippingpoints.life\/en\/wp-json\/wp\/v2\/users\/2"}],"replies":[{"embeddable":true,"href":"https:\/\/tippingpoints.life\/en\/wp-json\/wp\/v2\/comments?post=1059"}],"version-history":[{"count":4,"href":"https:\/\/tippingpoints.life\/en\/wp-json\/wp\/v2\/pages\/1059\/revisions"}],"predecessor-version":[{"id":4603,"href":"https:\/\/tippingpoints.life\/en\/wp-json\/wp\/v2\/pages\/1059\/revisions\/4603"}],"wp:attachment":[{"href":"https:\/\/tippingpoints.life\/en\/wp-json\/wp\/v2\/media?parent=1059"}],"curies":[{"name":"wp","href":"https:\/\/api.w.org\/{rel}","templated":true}]}}